{"id":2,"date":"2018-01-25T08:11:38","date_gmt":"2018-01-25T07:11:38","guid":{"rendered":"http:\/\/isbw.be\/institution\/?page_id=2"},"modified":"2025-02-26T11:24:38","modified_gmt":"2025-02-26T10:24:38","slug":"accueil-institutionnel-00","status":"publish","type":"page","link":"https:\/\/isbw.be\/institution\/","title":{"rendered":"Accueil Institutionnel"},"content":{"rendered":"<div id=\"pl-2\"  class=\"panel-layout\" ><div id=\"pg-2-0\"  class=\"panel-grid panel-no-style\" ><div id=\"pgc-2-0-0\"  class=\"panel-grid-cell\" ><div id=\"panel-2-0-0-0\" class=\"so-panel widget widget_siteorigin-panels-builder panel-first-child panel-last-child\" data-index=\"0\" ><div class=\"panel-widget-style panel-widget-style-for-2-0-0-0\" ><div id=\"pl-w67beebe1291a5\"  class=\"panel-layout\" ><div id=\"pg-w67beebe1291a5-0\"  class=\"panel-grid panel-no-style\" ><div id=\"pgc-w67beebe1291a5-0-0\"  class=\"panel-grid-cell\" ><div id=\"panel-w67beebe1291a5-0-0-0\" class=\"so-panel widget widget_sow-editor panel-first-child\" data-index=\"0\" ><div\n\t\t\t\n\t\t\tclass=\"so-widget-sow-editor so-widget-sow-editor-base\"\n\t\t\t\n\t\t>\n<div class=\"siteorigin-widget-tinymce textwidget\">\n\t<h1 style=\"text-align: center;\"><span style=\"color: #03337b;\">Bienvenue sur le site <span style=\"color: #c90118;\">\"institutionnel\"<\/span> de l'Intercommunale Sociale du Brabant wallon<\/span><\/h1>\n<\/div>\n<\/div><\/div><div id=\"panel-w67beebe1291a5-0-0-1\" class=\"so-panel widget widget_master-slider-main-widget master-slider-main-widget panel-last-child\" data-index=\"1\" >\n\t\t<!-- MasterSlider -->\n\t\t<div id=\"P_MS69e053ce0ffa1\" class=\"master-slider-parent msl ms-parent-id-2\" style=\"max-width:900px;\">\n\n\t\t\t\n\t\t\t<!-- MasterSlider Main -->\n\t\t\t<div id=\"MS69e053ce0ffa1\" class=\"master-slider ms-skin-default\" >\n\t\t\t\t \t\t\t\t \n\t\t\t\t<div  class=\"ms-slide\" data-delay=\"3\" data-fill-mode=\"fit\"  >\n\t\t\t\t\t<img decoding=\"async\" src=\"https:\/\/isbw.be\/institution\/wp-content\/plugins\/master-slider\/public\/assets\/css\/blank.gif\" alt=\"\" title=\"\" data-src=\"https:\/\/isbw.be\/institution\/wp-content\/uploads\/sites\/2\/2023\/03\/Accueil-TP-image1-900x450.jpg\" \/>\n\n\n\t<div class=\"ms-thumb\" ><div class=\"ms-tab-context\"><div class=\"&quot;ms-tab-context&quot;\"><\/div><\/div>\n<\/div>\n\t\t\t\t<\/div>\n\t\t\t\t<div  class=\"ms-slide\" data-delay=\"3\" data-fill-mode=\"fit\"  >\n\t\t\t\t\t<img decoding=\"async\" src=\"https:\/\/isbw.be\/institution\/wp-content\/plugins\/master-slider\/public\/assets\/css\/blank.gif\" alt=\"\" title=\"\" data-src=\"https:\/\/isbw.be\/institution\/wp-content\/uploads\/sites\/2\/2023\/03\/Accueil-TP-image2-900x450.jpg\" \/>\n\n\n\t<div class=\"ms-thumb\" ><div class=\"ms-tab-context\"><div class=\"&quot;ms-tab-context&quot;\"><\/div><\/div>\n<\/div>\n\t\t\t\t<\/div>\n\t\t\t\t<div  class=\"ms-slide\" data-delay=\"3\" data-fill-mode=\"fit\"  >\n\t\t\t\t\t<img decoding=\"async\" src=\"https:\/\/isbw.be\/institution\/wp-content\/plugins\/master-slider\/public\/assets\/css\/blank.gif\" alt=\"\" title=\"\" data-src=\"https:\/\/isbw.be\/institution\/wp-content\/uploads\/sites\/2\/2023\/03\/Accueil-TP-image5-900x450.jpg\" \/>\n\n\n\t<div class=\"ms-thumb\" ><div class=\"ms-tab-context\"><div class=\"&quot;ms-tab-context&quot;\"><\/div><\/div>\n<\/div>\n\t\t\t\t<\/div>\n\t\t\t\t<div  class=\"ms-slide\" data-delay=\"3\" data-fill-mode=\"fit\"  >\n\t\t\t\t\t<img decoding=\"async\" src=\"https:\/\/isbw.be\/institution\/wp-content\/plugins\/master-slider\/public\/assets\/css\/blank.gif\" alt=\"\" title=\"\" data-src=\"https:\/\/isbw.be\/institution\/wp-content\/uploads\/sites\/2\/2023\/03\/Accueil-TP-image3-900x450.jpg\" \/>\n\n\n\t<div class=\"ms-thumb\" ><div class=\"ms-tab-context\"><div class=\"&quot;ms-tab-context&quot;\"><\/div><\/div>\n<\/div>\n\t\t\t\t<\/div>\n\t\t\t\t<div  class=\"ms-slide\" data-delay=\"3\" data-fill-mode=\"fit\"  >\n\t\t\t\t\t<img decoding=\"async\" src=\"https:\/\/isbw.be\/institution\/wp-content\/plugins\/master-slider\/public\/assets\/css\/blank.gif\" alt=\"\" title=\"\" data-src=\"https:\/\/isbw.be\/institution\/wp-content\/uploads\/sites\/2\/2023\/03\/Accueil-TP-image4-900x450.jpg\" \/>\n\n\n\t<div class=\"ms-thumb\" ><div class=\"ms-tab-context\"><div class=\"&quot;ms-tab-context&quot;\"><\/div><\/div>\n<\/div>\n\t\t\t\t<\/div>\n\n\t\t\t<\/div>\n\t\t\t<!-- END MasterSlider Main -->\n\n\t\t\t \n\t\t<\/div>\n\t\t<!-- END MasterSlider -->\n\n\t\t<script>\n\t\t(function ( $ ) {\n\t\t\t\"use strict\";\n\n\t\t\t$(function () {\n\t\t\t\tvar masterslider_ffa1 = new MasterSlider();\n\n\t\t\t\t\/\/ slider controls\n\t\t\t\tmasterslider_ffa1.control('arrows'     ,{ autohide:false, overVideo:false  });\n\t\t\t\t\/\/ slider setup\n\t\t\t\tmasterslider_ffa1.setup(\"MS69e053ce0ffa1\", {\n\t\t\t\t\t\twidth           : 900,\n\t\t\t\t\t\theight          : 450,\n\t\t\t\t\t\tminHeight       : 0,\n\t\t\t\t\t\tspace           : 0,\n\t\t\t\t\t\tstart           : 1,\n\t\t\t\t\t\tgrabCursor      : true,\n\t\t\t\t\t\tswipe           : true,\n\t\t\t\t\t\tmouse           : true,\n\t\t\t\t\t\tlayout          : \"boxed\",\n\t\t\t\t\t\twheel           : false,\n\t\t\t\t\t\tautoplay        : true,\n\t\t\t\t\t\tinstantStartLayers:false,\n\t\t\t\t\t\tloop            : false,\n\t\t\t\t\t\tshuffle         : false,\n\t\t\t\t\t\tpreload         : 0,\n\t\t\t\t\t\theightLimit     : true,\n\t\t\t\t\t\tautoHeight      : false,\n\t\t\t\t\t\tsmoothHeight    : true,\n\t\t\t\t\t\tendPause        : true,\n\t\t\t\t\t\toverPause       : true,\n\t\t\t\t\t\tfillMode        : \"fill\",\n\t\t\t\t\t\tcenterControls  : true,\n\t\t\t\t\t\tstartOnAppear   : false,\n\t\t\t\t\t\tlayersMode      : \"center\",\n\t\t\t\t\t\thideLayers      : false,\n\t\t\t\t\t\tfullscreenMargin: 0,\n\t\t\t\t\t\tspeed           : 20,\n\t\t\t\t\t\tdir             : \"h\",\n\t\t\t\t\t\tparallaxMode    : 'swipe',\n\t\t\t\t\t\tview            : \"basic\"\n\t\t\t\t});\n\n\t\t\t\t\n\t\t\t\twindow.masterslider_instances = window.masterslider_instances || [];\n\t\t\t\twindow.masterslider_instances.push( masterslider_ffa1 );\n\t\t\t });\n\n\t\t})(jQuery);\n\t\t<\/script>\n\n<\/div><\/div><\/div><div id=\"pg-w67beebe1291a5-1\"  class=\"panel-grid panel-has-style\" ><div id=\"Bacc\" class=\"panel-row-style panel-row-style-for-w67beebe1291a5-1\" ><div id=\"pgc-w67beebe1291a5-1-0\"  class=\"panel-grid-cell\" ><div id=\"panel-w67beebe1291a5-1-0-0\" class=\"so-panel widget widget_sow-button panel-first-child\" data-index=\"2\" ><div class=\"BoutonNavig panel-widget-style panel-widget-style-for-w67beebe1291a5-1-0-0\" id=\"BoutonNavigJab\" ><div\n\t\t\t\n\t\t\tclass=\"so-widget-sow-button so-widget-sow-button-flat-220b1198d8d3\"\n\t\t\t\n\t\t><div class=\"ow-button-base ow-button-align-center\"\n>\n\t\t\t<a\n\t\t\t\t\thref=\"https:\/\/isbw.be\/jhabite\/\"\n\t\t\t\t\tclass=\"sowb-button ow-icon-placement-left ow-button-hover\" rel=\"vers la page j&#039;habite \u00e0...\" \t>\n\t\t<span>\n\t\t\t<span class=\"sow-icon-icomoon\" data-sow-icon=\"&#xe948;\"\n\t\tstyle=\"color: #c84f00\" \n\t\taria-hidden=\"true\"><\/span>\n\t\t\tJ'habite \u00e0...\t\t<\/span>\n\t\t\t<\/a>\n\t<\/div>\n<\/div><\/div><\/div><div id=\"panel-w67beebe1291a5-1-0-1\" class=\"so-panel widget widget_sow-editor panel-last-child\" data-index=\"3\" ><div class=\"panel-widget-style panel-widget-style-for-w67beebe1291a5-1-0-1\" ><div\n\t\t\t\n\t\t\tclass=\"so-widget-sow-editor so-widget-sow-editor-base\"\n\t\t\t\n\t\t>\n<div class=\"siteorigin-widget-tinymce textwidget\">\n\t<p style=\"text-align: center;\"><span style=\"color: #c84f00;\"><strong><span style=\"font-size: 14pt;\">Quels sont les services<br \/>\n<\/span><span style=\"font-size: 14pt;\">disponibles dans ma commune ?<\/span><\/strong><\/span><\/p>\n<\/div>\n<\/div><\/div><\/div><\/div><div id=\"pgc-w67beebe1291a5-1-1\"  class=\"panel-grid-cell\" ><div id=\"panel-w67beebe1291a5-1-1-0\" class=\"so-panel widget widget_sow-button panel-first-child\" data-index=\"4\" ><div class=\"BoutonNavig panel-widget-style panel-widget-style-for-w67beebe1291a5-1-1-0\" id=\"BoutonNavigTpu\" ><div\n\t\t\t\n\t\t\tclass=\"so-widget-sow-button so-widget-sow-button-flat-0dc016c722ca\"\n\t\t\t\n\t\t><div class=\"ow-button-base ow-button-align-center\"\n>\n\t\t\t<a\n\t\t\t\t\thref=\"https:\/\/isbw.be\/\"\n\t\t\t\t\tclass=\"sowb-button ow-icon-placement-left ow-button-hover\" rel=\"vers la section du site consacr\u00e9e aux tous publics\" \t>\n\t\t<span>\n\t\t\t<span class=\"sow-icon-icomoon\" data-sow-icon=\"&#xe971;\"\n\t\tstyle=\"color: #a10d59\" \n\t\taria-hidden=\"true\"><\/span>\n\t\t\tTous Publics\t\t<\/span>\n\t\t\t<\/a>\n\t<\/div>\n<\/div><\/div><\/div><div id=\"panel-w67beebe1291a5-1-1-1\" class=\"so-panel widget widget_sow-editor panel-last-child\" data-index=\"5\" ><div class=\"panel-widget-style panel-widget-style-for-w67beebe1291a5-1-1-1\" ><div\n\t\t\t\n\t\t\tclass=\"so-widget-sow-editor so-widget-sow-editor-base\"\n\t\t\t\n\t\t>\n<div class=\"siteorigin-widget-tinymce textwidget\">\n\t<p style=\"text-align: center;\"><strong><span style=\"font-size: 14pt; color: #a10d59;\">Vous d\u00e9sirez faire appel<br \/>\n\u00e0 l'un de nos services ?<\/span><\/strong><\/p>\n<\/div>\n<\/div><\/div><\/div><\/div><div id=\"pgc-w67beebe1291a5-1-2\"  class=\"panel-grid-cell\" ><div id=\"panel-w67beebe1291a5-1-2-0\" class=\"so-panel widget widget_sow-button panel-first-child\" data-index=\"6\" ><div class=\"BoutonNavig panel-widget-style panel-widget-style-for-w67beebe1291a5-1-2-0\" id=\"BoutonNavigPro\" ><div\n\t\t\t\n\t\t\tclass=\"so-widget-sow-button so-widget-sow-button-flat-de86f2cd3c0e\"\n\t\t\t\n\t\t><div class=\"ow-button-base ow-button-align-center\"\n>\n\t\t\t<a\n\t\t\t\t\thref=\"https:\/\/isbw.be\/professionnel\/\"\n\t\t\t\t\tclass=\"sowb-button ow-icon-placement-left ow-button-hover\" rel=\"vers la section du site consacr\u00e9e aux professionnels\" \t>\n\t\t<span>\n\t\t\t<span class=\"sow-icon-icomoon\" data-sow-icon=\"&#xe991;\"\n\t\tstyle=\"color: #03337b\" \n\t\taria-hidden=\"true\"><\/span>\n\t\t\tProfessionnel\t\t<\/span>\n\t\t\t<\/a>\n\t<\/div>\n<\/div><\/div><\/div><div id=\"panel-w67beebe1291a5-1-2-1\" class=\"so-panel widget widget_sow-editor panel-last-child\" data-index=\"7\" ><div class=\"panel-widget-style panel-widget-style-for-w67beebe1291a5-1-2-1\" ><div\n\t\t\t\n\t\t\tclass=\"so-widget-sow-editor so-widget-sow-editor-base\"\n\t\t\t\n\t\t>\n<div class=\"siteorigin-widget-tinymce textwidget\">\n\t<div id=\"panel-w5b4dd30219519-1-1-0\" class=\"so-panel widget widget_sow-editor panel-first-child\" data-index=\"3\">\n<div class=\"panel-widget-style panel-widget-style-for-w5b4dd30219519-1-1-0\">\n<div class=\"so-widget-sow-editor so-widget-sow-editor-base\">\n<div class=\"siteorigin-widget-tinymce textwidget\">\n<p style=\"text-align: center;\"><span style=\"color: #03337b;\"><strong><span style=\"font-size: 14pt;\">Vous \u00eates un(e) professionnel(le)<br \/>\ndu secteur social...<\/span><\/strong><\/span><\/p>\n<\/div>\n<\/div>\n<\/div>\n<\/div>\n<\/div>\n<\/div><\/div><\/div><\/div><div id=\"pgc-w67beebe1291a5-1-3\"  class=\"panel-grid-cell\" ><div id=\"panel-w67beebe1291a5-1-3-0\" class=\"so-panel widget widget_sow-button panel-first-child\" data-index=\"8\" ><div class=\"BoutonNavig panel-widget-style panel-widget-style-for-w67beebe1291a5-1-3-0\" id=\"BoutonNavigCon\" ><div\n\t\t\t\n\t\t\tclass=\"so-widget-sow-button so-widget-sow-button-flat-077075afd4d4\"\n\t\t\t\n\t\t><div class=\"ow-button-base ow-button-align-center\"\n>\n\t\t\t<a\n\t\t\t\t\thref=\"https:\/\/intranet.isbw.be\/\"\n\t\t\t\t\tclass=\"sowb-button ow-icon-placement-left ow-button-hover\" target=\"_blank\" rel=\"noopener noreferrer vers l&#039;intranet de l&#039;ISBW dans une nouvelle fen\u00eatre\" \t>\n\t\t<span>\n\t\t\t<span class=\"sow-icon-icomoon\" data-sow-icon=\"&#xe98e;\"\n\t\tstyle=\"color: #166e02\" \n\t\taria-hidden=\"true\"><\/span>\n\t\t\tConnexion\t\t<\/span>\n\t\t\t<\/a>\n\t<\/div>\n<\/div><\/div><\/div><div id=\"panel-w67beebe1291a5-1-3-1\" class=\"so-panel widget widget_sow-editor panel-last-child\" data-index=\"9\" ><div class=\"panel-widget-style panel-widget-style-for-w67beebe1291a5-1-3-1\" ><div\n\t\t\t\n\t\t\tclass=\"so-widget-sow-editor so-widget-sow-editor-base\"\n\t\t\t\n\t\t>\n<div class=\"siteorigin-widget-tinymce textwidget\">\n\t<p style=\"text-align: center;\"><span style=\"font-size: 14pt; color: #166e02;\"><strong>Introduisez<br \/>\nvotre identifiant...<\/strong><\/span><\/p>\n<\/div>\n<\/div><\/div><\/div><\/div><\/div><\/div><div id=\"pg-w67beebe1291a5-2\"  class=\"panel-grid panel-no-style\" ><div id=\"pgc-w67beebe1291a5-2-0\"  class=\"panel-grid-cell\" ><div id=\"panel-w67beebe1291a5-2-0-0\" class=\"so-panel widget widget_sow-editor panel-first-child panel-last-child\" data-index=\"10\" ><div\n\t\t\t\n\t\t\tclass=\"so-widget-sow-editor so-widget-sow-editor-base\"\n\t\t\t\n\t\t>\n<div class=\"siteorigin-widget-tinymce textwidget\">\n\t<p><a href=\"https:\/\/isbw.be\/institution\/accessibilite\/\"><img loading=\"lazy\" decoding=\"async\" class=\"size-full wp-image-258 alignleft\" src=\"https:\/\/isbw.be\/institutionnel\/wp-content\/uploads\/sites\/3\/2019\/02\/Site-pour-tous-small.png\" alt=\"\" width=\"80\" height=\"73\" \/><\/a><\/p>\n<\/div>\n<\/div><\/div><\/div><div id=\"pgc-w67beebe1291a5-2-1\"  class=\"panel-grid-cell\" ><div id=\"panel-w67beebe1291a5-2-1-0\" class=\"so-panel widget widget_sow-editor panel-first-child panel-last-child\" data-index=\"11\" ><div\n\t\t\t\n\t\t\tclass=\"so-widget-sow-editor so-widget-sow-editor-base\"\n\t\t\t\n\t\t>\n<div class=\"siteorigin-widget-tinymce textwidget\">\n\t<\/div>\n<\/div><\/div><\/div><div id=\"pgc-w67beebe1291a5-2-2\"  class=\"panel-grid-cell\" ><div id=\"panel-w67beebe1291a5-2-2-0\" class=\"so-panel widget widget_sow-editor panel-first-child\" data-index=\"12\" ><div\n\t\t\t\n\t\t\tclass=\"so-widget-sow-editor so-widget-sow-editor-base\"\n\t\t\t\n\t\t>\n<div class=\"siteorigin-widget-tinymce textwidget\">\n\t<\/div>\n<\/div><\/div><div id=\"panel-w67beebe1291a5-2-2-1\" class=\"so-panel widget widget_sow-editor panel-last-child\" data-index=\"13\" ><div\n\t\t\t\n\t\t\tclass=\"so-widget-sow-editor so-widget-sow-editor-base\"\n\t\t\t\n\t\t>\n<div class=\"siteorigin-widget-tinymce textwidget\">\n\t<p><a href=\"https:\/\/www.brabantwallon.be\/\" target=\"_blank\" rel=\"noopener\"><img loading=\"lazy\" decoding=\"async\" class=\"size-full wp-image-1260 alignright\" src=\"https:\/\/isbw.be\/institution\/wp-content\/uploads\/sites\/2\/2025\/02\/Soutenu-par-PBW.jpg\" alt=\"Lien vers le site de la Province de Brabant wallon dans une nouvelle fen\u00eatre\" width=\"209\" height=\"33\" \/><\/a><\/p>\n<\/div>\n<\/div><\/div><\/div><\/div><\/div><\/div><\/div><\/div><\/div><\/div>","protected":false},"excerpt":{"rendered":"<p>Bienvenue sur le site \u00ab\u00a0institutionnel\u00a0\u00bb de l&rsquo;Intercommunale Sociale du Brabant wallon J&rsquo;habite \u00e0&#8230; Quels sont les services disponibles dans ma commune ? Tous Publics Vous d\u00e9sirez faire appel \u00e0 l&rsquo;un de nos services ? Professionnel Vous \u00eates un(e) professionnel(le) du secteur social&#8230; Connexion Introduisez votre identifiant&#8230;<\/p>\n","protected":false},"author":1,"featured_media":0,"parent":0,"menu_order":0,"comment_status":"closed","ping_status":"closed","template":"","meta":{"footnotes":""},"class_list":["post-2","page","type-page","status-publish","czr-hentry"],"_links":{"self":[{"href":"https:\/\/isbw.be\/institution\/wp-json\/wp\/v2\/pages\/2","targetHints":{"allow":["GET"]}}],"collection":[{"href":"https:\/\/isbw.be\/institution\/wp-json\/wp\/v2\/pages"}],"about":[{"href":"https:\/\/isbw.be\/institution\/wp-json\/wp\/v2\/types\/page"}],"author":[{"embeddable":true,"href":"https:\/\/isbw.be\/institution\/wp-json\/wp\/v2\/users\/1"}],"replies":[{"embeddable":true,"href":"https:\/\/isbw.be\/institution\/wp-json\/wp\/v2\/comments?post=2"}],"version-history":[{"count":178,"href":"https:\/\/isbw.be\/institution\/wp-json\/wp\/v2\/pages\/2\/revisions"}],"predecessor-version":[{"id":1261,"href":"https:\/\/isbw.be\/institution\/wp-json\/wp\/v2\/pages\/2\/revisions\/1261"}],"wp:attachment":[{"href":"https:\/\/isbw.be\/institution\/wp-json\/wp\/v2\/media?parent=2"}],"curies":[{"name":"wp","href":"https:\/\/api.w.org\/{rel}","templated":true}]}}