{"id":245,"date":"2019-03-14T14:19:37","date_gmt":"2019-03-14T13:19:37","guid":{"rendered":"http:\/\/isbw.be\/institution\/?page_id=245"},"modified":"2025-02-21T15:47:13","modified_gmt":"2025-02-21T14:47:13","slug":"nous-connaitre","status":"publish","type":"page","link":"https:\/\/isbw.be\/institution\/nous-connaitre\/","title":{"rendered":"Nous conna\u00eetre"},"content":{"rendered":"<div id=\"pl-245\"  class=\"panel-layout\" ><div id=\"pg-245-0\"  class=\"panel-grid panel-has-style\" ><div class=\"siteorigin-panels-stretch panel-row-style panel-row-style-for-245-0\" id=\"Bkg2\" data-stretch-type=\"full\" ><div id=\"pgc-245-0-0\"  class=\"panel-grid-cell\" ><div id=\"panel-245-0-0-0\" class=\"so-panel widget widget_siteorigin-panels-builder panel-first-child panel-last-child\" data-index=\"0\" ><div id=\"pl-w67b891f1078e5\"  class=\"panel-layout\" ><div id=\"pg-w67b891f1078e5-0\"  class=\"panel-grid panel-no-style\" ><div id=\"pgc-w67b891f1078e5-0-0\"  class=\"panel-grid-cell\" ><div id=\"panel-w67b891f1078e5-0-0-0\" class=\"so-panel widget widget_sow-editor panel-first-child panel-last-child\" data-index=\"0\" ><div\n\t\t\t\n\t\t\tclass=\"so-widget-sow-editor so-widget-sow-editor-base\"\n\t\t\t\n\t\t>\n<div class=\"siteorigin-widget-tinymce textwidget\">\n\t<h1><strong>Nous conna\u00eetre<\/strong><\/h1>\n<\/div>\n<\/div><\/div><\/div><\/div><div id=\"pg-w67b891f1078e5-1\"  class=\"panel-grid panel-has-style\" ><div class=\"Titrenonbouton panel-row-style panel-row-style-for-w67b891f1078e5-1\" ><div id=\"pgc-w67b891f1078e5-1-0\"  class=\"panel-grid-cell\" ><div id=\"panel-w67b891f1078e5-1-0-0\" class=\"so-panel widget widget_sow-icon panel-first-child panel-last-child\" data-index=\"1\" ><div\n\t\t\t\n\t\t\tclass=\"so-widget-sow-icon so-widget-sow-icon-default-bea670614984\"\n\t\t\t\n\t\t>\n<div class=\"sow-icon-container sow-icon\">\n\t\t\t<span class=\"sow-icon-fontawesome sow-fas\" data-sow-icon=\"&#xf0a9;\"\n\t\t \n\t\taria-hidden=\"true\"><\/span>\t<\/div>\n<\/div><\/div><\/div><div id=\"pgc-w67b891f1078e5-1-1\"  class=\"panel-grid-cell\" ><div id=\"panel-w67b891f1078e5-1-1-0\" class=\"so-panel widget widget_sow-editor panel-first-child panel-last-child\" data-index=\"2\" ><div class=\"panel-widget-style panel-widget-style-for-w67b891f1078e5-1-1-0\" ><div\n\t\t\t\n\t\t\tclass=\"so-widget-sow-editor so-widget-sow-editor-base\"\n\t\t\t\n\t\t>\n<div class=\"siteorigin-widget-tinymce textwidget\">\n\t<h2>Qui sommes-nous ?<\/h2>\n<\/div>\n<\/div><\/div><\/div><\/div><\/div><\/div><div id=\"pg-w67b891f1078e5-2\"  class=\"panel-grid panel-no-style\" ><div id=\"pgc-w67b891f1078e5-2-0\"  class=\"panel-grid-cell panel-grid-cell-empty\" ><\/div><div id=\"pgc-w67b891f1078e5-2-1\"  class=\"panel-grid-cell\" ><div id=\"panel-w67b891f1078e5-2-1-0\" class=\"so-panel widget widget_sow-editor panel-first-child panel-last-child\" data-index=\"3\" ><div class=\"panel-widget-style panel-widget-style-for-w67b891f1078e5-2-1-0\" ><div\n\t\t\t\n\t\t\tclass=\"so-widget-sow-editor so-widget-sow-editor-base\"\n\t\t\t\n\t\t>\n<div class=\"siteorigin-widget-tinymce textwidget\">\n\t<p style=\"text-align: left; padding-left: 90px;\"><span style=\"color: #000000;\"><a style=\"color: #000000;\" href=\"https:\/\/isbw.be\/institution\/nous-connaitre#INSTnousconnaitreHistoire\"><strong>Notre histoire<\/strong><\/a><\/span><\/p>\n<p style=\"padding-left: 90px; text-align: left;\"><span style=\"color: #000000;\"><a style=\"color: #000000;\" href=\"https:\/\/isbw.be\/institution\/nous-connaitre#INSTnousconnaitreIdentite\"><strong>Notre identit\u00e9<\/strong><\/a><\/span><\/p>\n<p style=\"padding-left: 90px;\"><span style=\"color: #000000;\"><a style=\"color: #000000;\" href=\"https:\/\/isbw.be\/institution\/nous-connaitre#INSTnousconnaitreVision\"><strong>Notre vision<\/strong><\/a><\/span><\/p>\n<p style=\"padding-left: 90px;\"><span style=\"color: #000000;\"><a style=\"color: #000000;\" href=\"https:\/\/isbw.be\/institution\/nous-connaitre#INSTnousconnaitreValeurs\"><strong>Nos valeurs<\/strong><\/a><\/span><\/p>\n<p style=\"padding-left: 90px;\"><span style=\"color: #000000;\"><a style=\"color: #000000;\" href=\"https:\/\/isbw.be\/institution\/nous-connaitre#INSTnousconnaitreContact\"><strong>Nous contacter<\/strong><\/a><\/span><\/p>\n<\/div>\n<\/div><\/div><\/div><\/div><\/div><div id=\"pg-w67b891f1078e5-3\"  class=\"panel-grid panel-no-style\" ><div id=\"pgc-w67b891f1078e5-3-0\"  class=\"panel-grid-cell panel-grid-cell-empty\" ><\/div><div id=\"pgc-w67b891f1078e5-3-1\"  class=\"panel-grid-cell\" ><div id=\"panel-w67b891f1078e5-3-1-0\" class=\"so-panel widget widget_sow-editor panel-first-child panel-last-child\" data-index=\"4\" ><div class=\"BlocTexteDeco panel-widget-style panel-widget-style-for-w67b891f1078e5-3-1-0\" ><div\n\t\t\t\n\t\t\tclass=\"so-widget-sow-editor so-widget-sow-editor-base\"\n\t\t\t\n\t\t>\n<div class=\"siteorigin-widget-tinymce textwidget\">\n\t<h3><a id=\"INST03sprQuisommesnous\"><\/a>Notre histoire<\/h3>\n<p style=\"text-align: left; padding-left: 30px;\">L'Intercommunale Sociale du Brabant wallon (ISBW) a \u00e9t\u00e9 fond\u00e9e en 1956 sous le nom d'Intercommunale des \u0152uvres Sociales du Brabant Wallon. Elle a \u00e9t\u00e9 cr\u00e9\u00e9e par 21 communes dans le but de fournir des services sociaux et de sant\u00e9 \u00e0 leurs habitants.<\/p>\n<p style=\"text-align: left; padding-left: 30px;\">Au fil des ans, l'ISBW a \u00e9largi ses services pour inclure l'accueil des enfants, l'aide aux familles et d'autres services sociaux. En 2003, elle a chang\u00e9 son nom pour Intercommunale Sociale du Brabant wallon (ISBW) et a adopt\u00e9 un nouveau logo.<\/p>\n<p style=\"text-align: left; padding-left: 30px;\">En 2001, H\u00e9l\u00e9cine est la derni\u00e8re commune du Brabant wallon \u00e0 s\u2019affiler \u00e0 l\u2019institution qui compte dor\u00e9navant les 27 communes de la province.<\/p>\n<p style=\"text-align: left; padding-left: 30px;\">En janvier 2023, le si\u00e8ge social de l'ISBW a \u00e9t\u00e9 d\u00e9plac\u00e9 \u00e0 Rixensart. En octobre 2023, le Conseil d'administration a adopt\u00e9 plusieurs d\u00e9cisions pour assurer la p\u00e9rennit\u00e9 financi\u00e8re de l'Intercommunale jusqu'en 2033.<\/p>\n<p style=\"text-align: left; padding-left: 30px;\">Vous d\u00e9sirez en savoir plus\u2026 <span style=\"color: #0000ff;\"><strong><a style=\"color: #0000ff;\" href=\"https:\/\/isbw.be\/institution\/nous-connaitre\/notre-histoire\/\" target=\"_blank\" rel=\"noopener\">D\u00e9couvrez notre intercommunale au fil du temps, ici\u2026<\/a><\/strong><\/span><\/p>\n<p>&nbsp;<\/p>\n<\/div>\n<\/div><\/div><\/div><\/div><\/div><div id=\"pg-w67b891f1078e5-4\"  class=\"panel-grid panel-no-style\" ><div id=\"pgc-w67b891f1078e5-4-0\"  class=\"panel-grid-cell panel-grid-cell-empty\" ><\/div><div id=\"pgc-w67b891f1078e5-4-1\"  class=\"panel-grid-cell\" ><div id=\"panel-w67b891f1078e5-4-1-0\" class=\"so-panel widget widget_sow-editor panel-first-child panel-last-child\" data-index=\"5\" ><div class=\"BlocTexteDeco panel-widget-style panel-widget-style-for-w67b891f1078e5-4-1-0\" ><div\n\t\t\t\n\t\t\tclass=\"so-widget-sow-editor so-widget-sow-editor-base\"\n\t\t\t\n\t\t>\n<div class=\"siteorigin-widget-tinymce textwidget\">\n\t<h3><a id=\"INSTnousconnaitreIdentite\"><\/a>Notre identit\u00e9<\/h3>\n<p style=\"text-align: left; padding-left: 30px;\">\u00ab I \u00bb comme Intercommunale<\/p>\n<p style=\"text-align: left; padding-left: 70px;\">L\u2019ISBW est une \u00abintercommunale\u00bb.<br \/>\nLes 27 communes du Brabant wallon se sont associ\u00e9es pour cr\u00e9er l\u2019ISBW \u00e0 laquelle elles ont confi\u00e9, comme le pr\u00e9voit le Code de la D\u00e9mocratie Locale et de la D\u00e9centralisation, une partie de leurs comp\u00e9tences. La Province du Brabant wallon en est le principal actionnaire.<\/p>\n<p style=\"text-align: left; padding-left: 70px;\">L\u2019ISBW a adopt\u00e9 la forme juridique d\u2019une soci\u00e9t\u00e9 coop\u00e9rative. A l'instar de toutes les autres soci\u00e9t\u00e9s de ce type, elle doit se doter de plusieurs organes de d\u00e9cision : une Assembl\u00e9e g\u00e9n\u00e9rale, un Conseil d\u2019administration, un Bureau ex\u00e9cutif (<span style=\"color: #000000;\"><a style=\"color: #000000;\" href=\"https:\/\/isbw.be\/institution\/nos-organes-de-gestion\/\">consulter nos organes de gestion<\/a><\/span>).<\/p>\n<p style=\"text-align: left; padding-left: 70px;\">Comme pour toutes les intercommunales, la situation financi\u00e8re, les comptes et la r\u00e9gularit\u00e9 des op\u00e9rations de l\u2019ISBW sont contr\u00f4l\u00e9s chaque ann\u00e9e notamment par un r\u00e9viseur d'entreprise ind\u00e9pendant.<br \/>\nLa R\u00e9gion wallonne exerce \u00e9galement un pouvoir de tutelle administrative (contr\u00f4le) sur l\u2019Intercommunale.<\/p>\n<p style=\"padding-left: 30px;\">\u00ab S \u00bb comme Sociale<\/p>\n<p style=\"padding-left: 70px;\">Les 27 communes du Brabant wallon ont confi\u00e9 \u00e0 l\u2019ISBW une partie de leurs missions sociales. Elles sont d\u00e9finies dans un plan strat\u00e9gique.<\/p>\n<p style=\"padding-left: 70px;\">Par ailleurs, la Province charge l\u2019Intercommunale de r\u00e9aliser des missions fix\u00e9es dans un contrat de gestion.<\/p>\n<p style=\"padding-left: 70px;\">Elle est donc un acteur essentiel du Brabant wallon dans les domaines de l\u2019accueil de la petite enfance et de l\u2019enfance, de l\u2019accompagnement des personnes \u00e2g\u00e9es et des personnes handicap\u00e9es et en mati\u00e8re de formation.<\/p>\n<p style=\"padding-left: 70px;\">Elle est \u00e9galement un organisme de r\u00e9f\u00e9rence au service des pouvoirs locaux et leur apporte son expertise dans de nombreux domaines.<\/p>\n<p style=\"padding-left: 70px;\">Enfin, l\u2019ISBW est aussi un levier de financement. Elle obtient des pouvoirs f\u00e9d\u00e9raux, communautaires et r\u00e9gionaux plus de 5 millions d\u2019euros de subsides. Ceux-ci permettent une grande accessibilit\u00e9 de ses services et all\u00e8gent la charge des communes, des CPAS et des usagers.<\/p>\n<p style=\"padding-left: 30px;\">\u00ab BW \u00bb comme Brabant wallon<\/p>\n<p style=\"padding-left: 70px;\">Comme dit pr\u00e9c\u00e9demment, l\u2019ISBW est n\u00e9e de l\u2019association des 27 communes et de la Province du Brabant wallon.<\/p>\n<\/div>\n<\/div><\/div><\/div><\/div><\/div><div id=\"pg-w67b891f1078e5-5\"  class=\"panel-grid panel-no-style\" ><div id=\"pgc-w67b891f1078e5-5-0\"  class=\"panel-grid-cell panel-grid-cell-empty\" ><\/div><div id=\"pgc-w67b891f1078e5-5-1\"  class=\"panel-grid-cell\" ><div id=\"panel-w67b891f1078e5-5-1-0\" class=\"so-panel widget widget_sow-editor panel-first-child panel-last-child\" data-index=\"6\" ><div class=\"BlocTexteDeco panel-widget-style panel-widget-style-for-w67b891f1078e5-5-1-0\" ><div\n\t\t\t\n\t\t\tclass=\"so-widget-sow-editor so-widget-sow-editor-base\"\n\t\t\t\n\t\t>\n<div class=\"siteorigin-widget-tinymce textwidget\">\n\t<h3><a id=\"INSTnousconnaitreVision\"><\/a>Notre vision<\/h3>\n<p style=\"text-align: left; padding-left: 30px;\">Depuis sa cr\u00e9ation, l\u2019ISBW place le bien-\u00eatre de ses usagers au premier plan. Nous avons pour mission de rencontrer au mieux les besoins de la population du Brabant wallon. Des besoins qui \u00e9voluent avec la situation socio-\u00e9conomique. C\u2019est notre engagement et nous y travaillons quotidiennement dans le respect d\u2019une certaine \u00abphilosophie de vie\u00bb qui tient en 6 points :<\/p>\n<p style=\"padding-left: 30px; text-align: center;\">Proximit\u00e9 \u2013 Universalis\u00e9 \u2013Compl\u00e9mentarit\u00e9 \u2013 F\u00e9d\u00e9rateur \u2013 Accessibilit\u00e9 - Professionnalisme<\/p>\n<p style=\"padding-left: 30px;\"><strong>Proximit\u00e9<\/strong><br \/>\nL\u2019ISBW se veut un service social public et de proximit\u00e9. Son si\u00e8ge social est situ\u00e9 \u00e0 Rixensart mais seules une cinquantaine de personnes sur les 250 y travaillent. La majorit\u00e9 du personnel est r\u00e9parti sur tout le Brabant wallon. \u00catre plus proche des usagers pour rencontrer au mieux leurs besoins, c\u2019est notre leitmotiv.<\/p>\n<p style=\"padding-left: 30px;\"><strong>Universalit\u00e9<\/strong><br \/>\nEn tant que service public, nous veillons \u00e0 assurer une universalit\u00e9 de traitements de tous les usagers.<\/p>\n<p style=\"padding-left: 30px;\"><strong>Compl\u00e9mentarit\u00e9<\/strong><br \/>\nNos services travaillent toujours en compl\u00e9mentarit\u00e9 avec les communes et\/ou les CPAS. Nous intervenons \u00e0 leur demande.<\/p>\n<p style=\"padding-left: 30px;\"><strong>F\u00e9d\u00e9rateur<\/strong><br \/>\nL\u2019ISBW a un r\u00f4le d\u2019interface et de f\u00e9d\u00e9rateur. L\u2019intercommunalit\u00e9 permet aux pouvoirs locaux de disposer de moyens d\u2019action plus importants et f\u00e9d\u00e8re les id\u00e9es. Comment ? Par l\u2019expertise dont elle dispose, l\u2019ISBW peut faire office d\u2019op\u00e9rateur qui \u00ab re\u00e7oit \u00bb ces id\u00e9es ou propose de les partager avec d\u2019autres afin de les mettre en place.<\/p>\n<p style=\"padding-left: 30px;\"><strong>Accessibilit\u00e9<\/strong><br \/>\nL\u2019ensemble de nos services a pour mission de lutter en faveur de l\u2019int\u00e9gration sociale. Nous sommes particuli\u00e8rement vigilants quant \u00e0 l\u2019accessibilit\u00e9 de nos services.<\/p>\n<p style=\"padding-left: 30px;\"><strong>Professionnalisme<\/strong><br \/>\nEn tant que service public, l\u2019ISBW se doit d'assurer la qualit\u00e9 de ses services et le professionnalisme de ses agents (politique de recrutement, formation de base, formation continu\u00e9e,\u2026).<\/p>\n<\/div>\n<\/div><\/div><\/div><\/div><\/div><div id=\"pg-w67b891f1078e5-6\"  class=\"panel-grid panel-no-style\" ><div id=\"pgc-w67b891f1078e5-6-0\"  class=\"panel-grid-cell panel-grid-cell-empty\" ><\/div><div id=\"pgc-w67b891f1078e5-6-1\"  class=\"panel-grid-cell\" ><div id=\"panel-w67b891f1078e5-6-1-0\" class=\"so-panel widget widget_sow-editor panel-first-child panel-last-child\" data-index=\"7\" ><div class=\"BlocTexteDeco panel-widget-style panel-widget-style-for-w67b891f1078e5-6-1-0\" ><div\n\t\t\t\n\t\t\tclass=\"so-widget-sow-editor so-widget-sow-editor-base\"\n\t\t\t\n\t\t>\n<div class=\"siteorigin-widget-tinymce textwidget\">\n\t<h3><a id=\"INSTnousconnaitreValeurs\"><\/a>Nos valeurs<\/h3>\n<p style=\"text-align: left; padding-left: 30px;\">Pour remplir ses missions, l'ISBW compte sur le dynamisme et les comp\u00e9tences de son personnel et sur le respect de ses valeurs fondamentales :<\/p>\n<ol class=\"Decaliste\">\n<li><strong>L\u2019\u00e9quit\u00e9<\/strong> : juste traitement dans le respect de ce qui est d\u00fb \u00e0 chaque usager, chaque coll\u00e8gue et chaque partenaire.<\/li>\n<li><strong>L\u2019impartialit\u00e9<\/strong> : agir sans parti pris \u00e0 l\u2019\u00e9gard des usagers, coll\u00e8gues et partenaires (ne pas faire intervenir ses choix politiques, philosophiques ou moraux).<\/li>\n<li><strong>L\u2019universalit\u00e9 des id\u00e9es<\/strong> : expression et circulation de toutes les id\u00e9es pour participer \u00e0 la vie de l\u2019institution et au d\u00e9bat sur les projets de service. Respect de l\u2019opinion des usagers et partenaires, lors de la mise en \u0153uvre des projets.<\/li>\n<li><strong>Le non-jugement<\/strong> : \u00e9valuer des situations et non des personnes. Ne pas \u00e9valuer ses situations par rapport \u00e0 nos propres valeurs, \u00e0 notre v\u00e9cu personnel.<\/li>\n<li><strong>Le respect de la personne<\/strong> : traitement de chacun comme un \u00eatre humain \u00e0 part enti\u00e8re. Respect de son int\u00e9grit\u00e9 physique, morale et intellectuelle.<\/li>\n<li><strong>La bienveillance<\/strong> : garder un \u00e0 priori positif \u00e0 l\u2019\u00e9gard des actions, opinions,\u2026 des usagers, coll\u00e8gues et partenaires.<\/li>\n<li><strong>L\u2019autonomie<\/strong>, le fait d\u2019\u00eatre acteur : accompagner les usagers, les coll\u00e8gues et partenaires, en tant qu\u2019acteurs dans la recherche de solutions qui leur sont propres et dans la r\u00e9alisation de celles-ci.<\/li>\n<\/ol>\n<p style=\"padding-left: 30px;\">En tant que service public, nous attachons beaucoup d'importance au professionnalisme de nos agents. C'est pourquoi la formation continu\u00e9e de nos agents est un droit et une obligation pour eux.<\/p>\n<\/div>\n<\/div><\/div><\/div><\/div><\/div><div id=\"pg-w67b891f1078e5-7\"  class=\"panel-grid panel-no-style\" ><div id=\"pgc-w67b891f1078e5-7-0\"  class=\"panel-grid-cell panel-grid-cell-empty\" ><\/div><div id=\"pgc-w67b891f1078e5-7-1\"  class=\"panel-grid-cell\" ><div id=\"panel-w67b891f1078e5-7-1-0\" class=\"so-panel widget widget_sow-editor panel-first-child panel-last-child\" data-index=\"8\" ><div class=\"panel-widget-style panel-widget-style-for-w67b891f1078e5-7-1-0\" ><div\n\t\t\t\n\t\t\tclass=\"so-widget-sow-editor so-widget-sow-editor-base\"\n\t\t\t\n\t\t>\n<div class=\"siteorigin-widget-tinymce textwidget\">\n\t<h3><a id=\"INSTnousconnaitreContact\"><\/a>Contact<\/h3>\n<p style=\"text-align: left; padding-left: 30px;\">Intercommunale Sociale du Brabant Wallon<br \/>\nSi\u00e8ge social : Rue du Cerf 200, 1332 Rixensart<br \/>\nCourriel : <span style=\"color: #000000;\"><a style=\"color: #000000;\" href=\"mailto:info@isbw.be\">info@isbw.be<\/a><\/span><br \/>\nT\u00e9l\u00e9phone : <span style=\"color: #000000;\"><a style=\"color: #000000;\" href=\"tel:+3223151351\">02 - 315.13.51<\/a><\/span><\/p>\n<\/div>\n<\/div><\/div><\/div><\/div><\/div><\/div><\/div><\/div><\/div><\/div><div id=\"pg-245-1\"  class=\"panel-grid panel-has-style\" ><div class=\"siteorigin-panels-stretch panel-row-style panel-row-style-for-245-1\" data-stretch-type=\"full\" ><div id=\"pgc-245-1-0\"  class=\"panel-grid-cell\" ><div id=\"panel-245-1-0-0\" class=\"so-panel widget widget_siteorigin-panels-builder panel-first-child panel-last-child\" data-index=\"1\" ><div id=\"pl-w5c8a5d1db770a\"  class=\"panel-layout\" ><div id=\"pg-w5c8a5d1db770a-0\"  class=\"panel-grid panel-has-style\" ><div class=\"panel-row-style panel-row-style-for-w5c8a5d1db770a-0\" ><div id=\"pgc-w5c8a5d1db770a-0-0\"  class=\"panel-grid-cell panel-grid-cell-empty\" ><\/div><div id=\"pgc-w5c8a5d1db770a-0-1\"  class=\"panel-grid-cell panel-grid-cell-empty\" ><\/div><div id=\"pgc-w5c8a5d1db770a-0-2\"  class=\"panel-grid-cell panel-grid-cell-empty\" ><\/div><div id=\"pgc-w5c8a5d1db770a-0-3\"  class=\"panel-grid-cell panel-grid-cell-empty\" ><\/div><div id=\"pgc-w5c8a5d1db770a-0-4\"  class=\"panel-grid-cell\" ><div id=\"panel-w5c8a5d1db770a-0-4-0\" class=\"so-panel widget widget_sow-button panel-first-child panel-last-child\" data-index=\"0\" ><div\n\t\t\t\n\t\t\tclass=\"so-widget-sow-button so-widget-sow-button-flat-de31a69c3823\"\n\t\t\t\n\t\t><div class=\"ow-button-base ow-button-align-right\"\n>\n\t\t\t<a\n\t\t\t\t\thref=\"https:\/\/isbw.be\/institution\/\"\n\t\t\t\t\tclass=\"sowb-button ow-icon-placement-left ow-button-hover\" title=\"vers Page d&#039;accueil\" \t>\n\t\t<span>\n\t\t\t<span class=\"sow-icon-ionicons\" data-sow-icon=\"&#xf38f;\"\n\t\tstyle=\"\" \n\t\taria-hidden=\"true\"><\/span>\n\t\t\t\t\t<\/span>\n\t\t\t<\/a>\n\t<\/div>\n<\/div><\/div><\/div><\/div><\/div><\/div><\/div><\/div><\/div><\/div><\/div>","protected":false},"excerpt":{"rendered":"<p>Nous conna\u00eetre Qui sommes-nous ? Notre histoire Notre identit\u00e9 Notre vision Nos valeurs Nous contacter Notre histoire L&rsquo;Intercommunale Sociale du Brabant wallon (ISBW) a \u00e9t\u00e9 fond\u00e9e en 1956 sous le nom d&rsquo;Intercommunale des \u0152uvres Sociales du Brabant Wallon. Elle a \u00e9t\u00e9 cr\u00e9\u00e9e par 21 communes dans le but de fournir des services sociaux et de [&hellip;]<\/p>\n","protected":false},"author":1,"featured_media":0,"parent":0,"menu_order":0,"comment_status":"closed","ping_status":"closed","template":"","meta":{"footnotes":""},"class_list":["post-245","page","type-page","status-publish","czr-hentry"],"_links":{"self":[{"href":"https:\/\/isbw.be\/institution\/wp-json\/wp\/v2\/pages\/245","targetHints":{"allow":["GET"]}}],"collection":[{"href":"https:\/\/isbw.be\/institution\/wp-json\/wp\/v2\/pages"}],"about":[{"href":"https:\/\/isbw.be\/institution\/wp-json\/wp\/v2\/types\/page"}],"author":[{"embeddable":true,"href":"https:\/\/isbw.be\/institution\/wp-json\/wp\/v2\/users\/1"}],"replies":[{"embeddable":true,"href":"https:\/\/isbw.be\/institution\/wp-json\/wp\/v2\/comments?post=245"}],"version-history":[{"count":110,"href":"https:\/\/isbw.be\/institution\/wp-json\/wp\/v2\/pages\/245\/revisions"}],"predecessor-version":[{"id":1258,"href":"https:\/\/isbw.be\/institution\/wp-json\/wp\/v2\/pages\/245\/revisions\/1258"}],"wp:attachment":[{"href":"https:\/\/isbw.be\/institution\/wp-json\/wp\/v2\/media?parent=245"}],"curies":[{"name":"wp","href":"https:\/\/api.w.org\/{rel}","templated":true}]}}