{"id":287,"date":"2019-03-14T15:03:38","date_gmt":"2019-03-14T14:03:38","guid":{"rendered":"http:\/\/isbw.be\/institution\/?page_id=287"},"modified":"2026-01-15T14:18:33","modified_gmt":"2026-01-15T13:18:33","slug":"chiffres-et-documents","status":"publish","type":"page","link":"https:\/\/isbw.be\/institution\/chiffres-et-documents\/","title":{"rendered":"Chiffres et documents"},"content":{"rendered":"<div id=\"pl-287\"  class=\"panel-layout\" ><div id=\"pg-287-0\"  class=\"panel-grid panel-has-style\" ><div class=\"siteorigin-panels-stretch panel-row-style panel-row-style-for-287-0\" id=\"Bkg2\" data-stretch-type=\"full\" ><div id=\"pgc-287-0-0\"  class=\"panel-grid-cell\" ><div id=\"panel-287-0-0-0\" class=\"so-panel widget widget_siteorigin-panels-builder panel-first-child panel-last-child\" data-index=\"0\" ><div id=\"pl-w6968ca9a461ce\"  class=\"panel-layout\" ><div id=\"pg-w6968ca9a461ce-0\"  class=\"panel-grid panel-no-style\" ><div id=\"pgc-w6968ca9a461ce-0-0\"  class=\"panel-grid-cell\" ><div id=\"panel-w6968ca9a461ce-0-0-0\" class=\"so-panel widget widget_sow-editor panel-first-child panel-last-child\" data-index=\"0\" ><div\n\t\t\t\n\t\t\tclass=\"so-widget-sow-editor so-widget-sow-editor-base\"\n\t\t\t\n\t\t>\n<div class=\"siteorigin-widget-tinymce textwidget\">\n\t<h1><strong>Chiffres et documents<\/strong><\/h1>\n<\/div>\n<\/div><\/div><\/div><\/div><div id=\"pg-w6968ca9a461ce-1\"  class=\"panel-grid panel-has-style\" ><div class=\"Titrenonbouton panel-row-style panel-row-style-for-w6968ca9a461ce-1\" ><div id=\"pgc-w6968ca9a461ce-1-0\"  class=\"panel-grid-cell\" ><div id=\"panel-w6968ca9a461ce-1-0-0\" class=\"so-panel widget widget_sow-icon panel-first-child panel-last-child\" data-index=\"1\" ><div\n\t\t\t\n\t\t\tclass=\"so-widget-sow-icon so-widget-sow-icon-default-bea670614984\"\n\t\t\t\n\t\t>\n<div class=\"sow-icon-container sow-icon\">\n\t\t\t<span class=\"sow-icon-fontawesome sow-fas\" data-sow-icon=\"&#xf0a9;\"\n\t\t \n\t\taria-hidden=\"true\"><\/span>\t<\/div>\n<\/div><\/div><\/div><div id=\"pgc-w6968ca9a461ce-1-1\"  class=\"panel-grid-cell\" ><div id=\"panel-w6968ca9a461ce-1-1-0\" class=\"so-panel widget widget_sow-editor panel-first-child panel-last-child\" data-index=\"2\" ><div class=\"panel-widget-style panel-widget-style-for-w6968ca9a461ce-1-1-0\" ><div\n\t\t\t\n\t\t\tclass=\"so-widget-sow-editor so-widget-sow-editor-base\"\n\t\t\t\n\t\t>\n<div class=\"siteorigin-widget-tinymce textwidget\">\n\t<h2>Quels chiffres r\u00e9sument l'Intercommunale Sociale du Brabant wallon ?<\/h2>\n<div id=\"gtx-trans\" style=\"position: absolute; left: -68px; top: -4.09375px;\">\n<div class=\"gtx-trans-icon\"><\/div>\n<\/div>\n<\/div>\n<\/div><\/div><\/div><\/div><\/div><\/div><div id=\"pg-w6968ca9a461ce-2\"  class=\"panel-grid panel-no-style\" ><div id=\"pgc-w6968ca9a461ce-2-0\"  class=\"panel-grid-cell panel-grid-cell-empty\" ><\/div><div id=\"pgc-w6968ca9a461ce-2-1\"  class=\"panel-grid-cell\" ><div id=\"panel-w6968ca9a461ce-2-1-0\" class=\"so-panel widget widget_sow-editor panel-first-child panel-last-child\" data-index=\"3\" ><div class=\"BlocTexteDeco panel-widget-style panel-widget-style-for-w6968ca9a461ce-2-1-0\" ><div\n\t\t\t\n\t\t\tclass=\"so-widget-sow-editor so-widget-sow-editor-base\"\n\t\t\t\n\t\t>\n<div class=\"siteorigin-widget-tinymce textwidget\">\n\t<h3>Transparence<\/h3>\n<p style=\"text-align: left; padding-left: 40px;\"><span style=\"text-decoration: underline;\">Agenda des prochaines Assembl\u00e9es g\u00e9n\u00e9rales de l'Intercommunale<\/span><\/p>\n<p style=\"text-align: left; padding-left: 70px;\">Les Assembl\u00e9es g\u00e9n\u00e9rales ont lieu au si\u00e8ge social c\u2019est-\u00e0-dire rue du Cerf 200, 1332 Rixensart.<\/p>\n<ul>\n<li style=\"list-style-type: none;\">\n<ul>\n<li style=\"text-align: left;\">17 d\u00e9cembre 2025.<\/li>\n<\/ul>\n<\/li>\n<\/ul>\n<p style=\"text-align: left; padding-left: 40px;\"><span style=\"text-decoration: underline;\">Proc\u00e8s-verbaux des Assembl\u00e9es pr\u00e9c\u00e9dentes<\/span><\/p>\n<p style=\"padding-left: 80px;\"><a href=\"https:\/\/isbw.be\/institution\/wp-content\/uploads\/sites\/2\/2025\/08\/250624-PV-25-novembre-2024.pdf\" target=\"_blank\" rel=\"noopener\">Proc\u00e8s-Verbal de l'Assembl\u00e9e g\u00e9n\u00e9rale de l'ISBW du 25 novembre 2024 (pdf, 161 Ko)<\/a>.<\/p>\n<p style=\"padding-left: 80px;\"><a href=\"https:\/\/isbw.be\/institution\/wp-content\/uploads\/sites\/2\/2024\/11\/241125-Point-2-AG-PV.pdf\" target=\"_blank\" rel=\"noopener\">Proc\u00e8s-Verbal de l\u2019Assembl\u00e9e g\u00e9n\u00e9rale de l\u2019ISBW du 24 juin 2024 (pdf, 183 Ko)<\/a>.<\/p>\n<p style=\"padding-left: 80px;\"><a href=\"https:\/\/isbw.be\/institution\/wp-content\/uploads\/sites\/2\/2023\/06\/20230622-PV-AG.pdf\" target=\"_blank\" rel=\"noopener\"><span style=\"color: #000000;\">Proc\u00e8s-verbal de l'Assembl\u00e9e g\u00e9n\u00e9rale du 22 juin 2023 (pdf, 196 Ko)<\/span><\/a>.<\/p>\n<p style=\"padding-left: 80px;\"><a href=\"https:\/\/isbw.be\/institution\/wp-content\/uploads\/sites\/2\/2023\/06\/20221216-PV-AG.pdf\" target=\"_blank\" rel=\"noopener\"><span style=\"color: #000000;\">Proc\u00e8s-verbal de l'Assembl\u00e9e g\u00e9n\u00e9rale du 16 d\u00e9cembre 2022 (pdf, 235 Ko)<\/span><\/a>.<\/p>\n<p style=\"padding-left: 80px;\"><span style=\"color: #000000;\"><a style=\"color: #000000;\" href=\"https:\/\/isbw.be\/institution\/wp-content\/uploads\/sites\/2\/2023\/06\/20220629-PV-AG.pdf\" target=\"_blank\" rel=\"noopener\">Proc\u00e8s-verbal de l'Assembl\u00e9e g\u00e9n\u00e9rale du 29 juin 2022 (pdf, 145 Ko)<\/a>.<\/span><\/p>\n<p style=\"padding-left: 80px;\"><span style=\"color: #000000;\"><a style=\"color: #000000;\" href=\"https:\/\/isbw.be\/institution\/wp-content\/uploads\/sites\/2\/2022\/06\/20210621-PV-AG.pdf\" target=\"_blank\" rel=\"noopener\">Proc\u00e8s-verbal de l'Assembl\u00e9e g\u00e9n\u00e9rale du 13 d\u00e9cembre 2021 (pdf, 240 Ko)<\/a>.<\/span><\/p>\n<p style=\"padding-left: 80px;\"><span style=\"color: #000000;\"><a style=\"color: #000000;\" href=\"https:\/\/isbw.be\/institution\/wp-content\/uploads\/sites\/2\/2022\/06\/20210621-PV-AG.pdf\" target=\"_blank\" rel=\"noopener\">Proc\u00e8s-verbal de l'Assembl\u00e9e g\u00e9n\u00e9rale du 21 juin 2021 (pdf, 404 Ko)<\/a>.<\/span><\/p>\n<p style=\"padding-left: 80px;\"><span style=\"color: #000000;\"><a style=\"color: #000000;\" href=\"https:\/\/isbw.be\/institution\/wp-content\/uploads\/sites\/2\/2021\/02\/20201214-PV-AG.pdf\" target=\"_blank\" rel=\"noopener\">Proc\u00e8s-verbal de l'Assembl\u00e9e g\u00e9n\u00e9rale du 14 d\u00e9cembre 2020 (pdf, 260 Ko)<\/a>.<\/span><\/p>\n<p style=\"padding-left: 80px;\"><span style=\"color: #000000;\"><a style=\"color: #000000;\" href=\"https:\/\/isbw.be\/institution\/wp-content\/uploads\/sites\/2\/2021\/02\/20200903-PV-AG.pdf\" target=\"_blank\" rel=\"noopener\">Proc\u00e8s-verbal de l'Assembl\u00e9e g\u00e9n\u00e9rale du 3 septembre 2020 (pdf, 530 Ko)<\/a>.<\/span><\/p>\n<p style=\"padding-left: 80px;\"><span style=\"color: #000000;\"><a style=\"color: #000000;\" href=\"https:\/\/isbw.be\/institution\/wp-content\/uploads\/sites\/2\/2020\/02\/20191210-PV-AGISBW.pdf\" target=\"_blank\" rel=\"noopener\">Proc\u00e8s-verbal de l'Assembl\u00e9e g\u00e9n\u00e9rale du 10 d\u00e9cembre 2019 (pdf, 92 Ko)<\/a>.<\/span><\/p>\n<p style=\"padding-left: 80px;\"><span style=\"color: #000000;\"><a style=\"color: #000000;\" href=\"https:\/\/isbw.be\/institution\/wp-content\/uploads\/sites\/2\/2020\/02\/20190625-PV-AGISBW.pdf\" target=\"_blank\" rel=\"noopener\">Proc\u00e8s-verbal de l'Assembl\u00e9e g\u00e9n\u00e9rale du 25 juin 2019 (pdf, 238 Ko)<\/a>.<\/span><\/p>\n<p style=\"padding-left: 40px;\"><span style=\"color: #000000;\"><a href=\"https:\/\/isbw.be\/institution\/wp-content\/uploads\/sites\/2\/2025\/08\/250624-Rapport-de-gestion-exercice-2024.pdf\" target=\"_blank\" rel=\"noopener\"><span style=\"color: #000000;\">Le rapport de gestion du Conseil d'administration - Exercice 2024 (pdf, 726 Ko)<\/span><\/a>.<\/span><\/p>\n<p style=\"padding-left: 40px;\"><span style=\"color: #000000;\"><a href=\"https:\/\/isbw.be\/institution\/wp-content\/uploads\/sites\/2\/2025\/08\/250624-Annexe-rapport-L6421.pdf\" target=\"_blank\" rel=\"noopener\"><span style=\"color: #000000;\">Rapport prescrit par l\u2019article L6421-1 du Code de la D\u00e9mocratie Locale et de la D\u00e9centralisation (pdf, 296 Ko)<\/span><\/a>.<\/span><\/p>\n<p style=\"text-align: left; padding-left: 40px;\"><span style=\"color: #000000;\">Proc\u00e9dure d\u2019interpellation : <a style=\"color: #000000;\" href=\"https:\/\/isbw.be\/institution\/wp-content\/uploads\/sites\/2\/2020\/02\/ISBW-Droit-dinterpellation.pdf\" target=\"_blank\" rel=\"noopener\">Extrait du R\u00e8glement d\u2019Ordre Int\u00e9rieur de l\u2019Assembl\u00e9e g\u00e9n\u00e9rale de l\u2019ISBW (pdf, 307 Ko)<\/a><\/span>.<\/p>\n<\/div>\n<\/div><\/div><\/div><\/div><\/div><div id=\"pg-w6968ca9a461ce-3\"  class=\"panel-grid panel-no-style\" ><div id=\"pgc-w6968ca9a461ce-3-0\"  class=\"panel-grid-cell panel-grid-cell-empty\" ><\/div><div id=\"pgc-w6968ca9a461ce-3-1\"  class=\"panel-grid-cell\" ><div id=\"panel-w6968ca9a461ce-3-1-0\" class=\"so-panel widget widget_sow-editor panel-first-child panel-last-child\" data-index=\"4\" ><div class=\"BlocTexteDeco panel-widget-style panel-widget-style-for-w6968ca9a461ce-3-1-0\" ><div\n\t\t\t\n\t\t\tclass=\"so-widget-sow-editor so-widget-sow-editor-base\"\n\t\t\t\n\t\t>\n<div class=\"siteorigin-widget-tinymce textwidget\">\n\t<h3>Documents<\/h3>\n<p style=\"text-align: left; padding-left: 40px;\"><span style=\"color: #000000;\"><span style=\"color: #0000ff;\"><strong><a style=\"color: #0000ff;\" href=\"https:\/\/isbw.be\/institution\/wp-content\/uploads\/sites\/2\/2025\/06\/20250513-RA-ISBW-2024-.pdf\" target=\"_blank\" rel=\"noopener\">Le Rapport d'activit\u00e9s 2024 (pdf, 1482 Ko)<\/a><\/strong><\/span>.<\/span><\/p>\n<p style=\"padding-left: 40px;\"><strong><a href=\"https:\/\/isbw.be\/institution\/wp-content\/uploads\/sites\/2\/2026\/01\/202601-Plan-strat-2026-2028.pdf\" target=\"_blank\" rel=\"noopener\">Le Plan strat\u00e9gique 2026-2028 (pdf, 1154 Ko)<\/a>.<\/strong><\/p>\n<\/div>\n<\/div><\/div><\/div><\/div><\/div><div id=\"pg-w6968ca9a461ce-4\"  class=\"panel-grid panel-no-style\" ><div id=\"pgc-w6968ca9a461ce-4-0\"  class=\"panel-grid-cell panel-grid-cell-empty\" ><\/div><div id=\"pgc-w6968ca9a461ce-4-1\"  class=\"panel-grid-cell\" ><div id=\"panel-w6968ca9a461ce-4-1-0\" class=\"so-panel widget widget_sow-editor panel-first-child panel-last-child\" data-index=\"5\" ><div class=\"BlocTexteDeco panel-widget-style panel-widget-style-for-w6968ca9a461ce-4-1-0\" ><div\n\t\t\t\n\t\t\tclass=\"so-widget-sow-editor so-widget-sow-editor-base\"\n\t\t\t\n\t\t>\n<div class=\"siteorigin-widget-tinymce textwidget\">\n\t<h3>Quelques chiffres<\/h3>\n<h4 style=\"text-align: left; padding-left: 40px;\">Le personnel de l'ISBW par tranche d'\u00e2ges<\/h4>\n<p style=\"padding-left: 80px;\">En chiffres :<\/p>\n<ul>\n<li style=\"list-style-type: none;\">\n<ul>\n<li style=\"list-style-type: none;\">\n<ul>\n<li>18-29 ans : 35<\/li>\n<li>30-39 ans : 68<\/li>\n<li>40-49 ans : 57<\/li>\n<li>50-59 ans : 64<\/li>\n<li>60-66 ans : 25<\/li>\n<\/ul>\n<\/li>\n<\/ul>\n<\/li>\n<\/ul>\n<p style=\"padding-left: 80px;\">En graphique :<\/p>\n<p style=\"padding-left: 120px;\"><img loading=\"lazy\" decoding=\"async\" class=\"alignnone size-full wp-image-1282\" src=\"https:\/\/isbw.be\/institution\/wp-content\/uploads\/sites\/2\/2025\/08\/2025-Graphique-Pyramide-des-ages-2.jpg\" alt=\"\" width=\"733\" height=\"377\" srcset=\"https:\/\/isbw.be\/institution\/wp-content\/uploads\/sites\/2\/2025\/08\/2025-Graphique-Pyramide-des-ages-2.jpg 733w, https:\/\/isbw.be\/institution\/wp-content\/uploads\/sites\/2\/2025\/08\/2025-Graphique-Pyramide-des-ages-2-300x154.jpg 300w\" sizes=\"auto, (max-width: 733px) 100vw, 733px\" \/><\/p>\n<h4><\/h4>\n<h4><\/h4>\n<h4><\/h4>\n<h4><\/h4>\n<h4><\/h4>\n<h4><\/h4>\n<p>&nbsp;<\/p>\n<h4><\/h4>\n<h4><\/h4>\n<h4 style=\"padding-left: 40px;\">Nombre d'agents (hors accueillantes conventionn\u00e9es) par sexe<\/h4>\n<p style=\"padding-left: 80px;\">En chiffres :<\/p>\n<ul>\n<li style=\"list-style-type: none;\">\n<ul>\n<li style=\"list-style-type: none;\">\n<ul>\n<li>Hommes : 41<\/li>\n<li>Femmes : 208<\/li>\n<\/ul>\n<\/li>\n<\/ul>\n<\/li>\n<\/ul>\n<p style=\"padding-left: 80px;\">En graphique :<\/p>\n<p style=\"padding-left: 80px;\"><img loading=\"lazy\" decoding=\"async\" class=\"alignnone size-full wp-image-1285\" src=\"https:\/\/isbw.be\/institution\/wp-content\/uploads\/sites\/2\/2025\/08\/2025-Nombre-dagents-par-sexe.jpg\" alt=\"\" width=\"601\" height=\"410\" srcset=\"https:\/\/isbw.be\/institution\/wp-content\/uploads\/sites\/2\/2025\/08\/2025-Nombre-dagents-par-sexe.jpg 601w, https:\/\/isbw.be\/institution\/wp-content\/uploads\/sites\/2\/2025\/08\/2025-Nombre-dagents-par-sexe-300x205.jpg 300w\" sizes=\"auto, (max-width: 601px) 100vw, 601px\" \/><\/p>\n<h4 style=\"padding-left: 40px;\">Importance relative de la masse salariale sur les charges :<\/h4>\n<p style=\"padding-left: 80px;\">En chiffres :<\/p>\n<ul>\n<li style=\"list-style-type: none;\">\n<ul>\n<li style=\"list-style-type: none;\">\n<ul>\n<li>Masse salariale : 88,54%<\/li>\n<li>Frais de fonctionnement : 11,46%<\/li>\n<\/ul>\n<\/li>\n<\/ul>\n<\/li>\n<\/ul>\n<p style=\"padding-left: 80px;\">En graphique :<\/p>\n<p style=\"padding-left: 80px;\"><img loading=\"lazy\" decoding=\"async\" class=\"alignnone size-full wp-image-1288\" src=\"https:\/\/isbw.be\/institution\/wp-content\/uploads\/sites\/2\/2025\/08\/2025-Proportion-de-la-masse-salariale-sur-lensemble-des-charges.jpg\" alt=\"\" width=\"587\" height=\"461\" srcset=\"https:\/\/isbw.be\/institution\/wp-content\/uploads\/sites\/2\/2025\/08\/2025-Proportion-de-la-masse-salariale-sur-lensemble-des-charges.jpg 587w, https:\/\/isbw.be\/institution\/wp-content\/uploads\/sites\/2\/2025\/08\/2025-Proportion-de-la-masse-salariale-sur-lensemble-des-charges-300x236.jpg 300w\" sizes=\"auto, (max-width: 587px) 100vw, 587px\" \/><\/p>\n<p>&nbsp;<\/p>\n<h4 style=\"padding-left: 40px;\">Nos sources de financement<\/h4>\n<p style=\"padding-left: 80px;\">En chiffres :<\/p>\n<ul>\n<li style=\"list-style-type: none;\">\n<ul>\n<li style=\"list-style-type: none;\">\n<ul>\n<li>Usagers : 14%<\/li>\n<li>Communes : 12%<\/li>\n<li>Province du Brabant wallon : 20%<\/li>\n<li>Aviq : 8%<\/li>\n<li>ONE : 43%<\/li>\n<li>R\u00e9gion wallonne : 3%<\/li>\n<\/ul>\n<\/li>\n<\/ul>\n<\/li>\n<\/ul>\n<p style=\"padding-left: 80px;\">En graphique :<\/p>\n<p style=\"padding-left: 80px;\"><img loading=\"lazy\" decoding=\"async\" class=\"alignnone size-full wp-image-1291\" src=\"https:\/\/isbw.be\/institution\/wp-content\/uploads\/sites\/2\/2025\/08\/2025-Sources-de-financement.jpg\" alt=\"Sources de financement de l'intercommunale\" width=\"719\" height=\"621\" srcset=\"https:\/\/isbw.be\/institution\/wp-content\/uploads\/sites\/2\/2025\/08\/2025-Sources-de-financement.jpg 719w, https:\/\/isbw.be\/institution\/wp-content\/uploads\/sites\/2\/2025\/08\/2025-Sources-de-financement-300x259.jpg 300w\" sizes=\"auto, (max-width: 719px) 100vw, 719px\" \/><\/p>\n<\/div>\n<\/div><\/div><\/div><\/div><\/div><div id=\"pg-w6968ca9a461ce-5\"  class=\"panel-grid panel-no-style\" ><div id=\"pgc-w6968ca9a461ce-5-0\"  class=\"panel-grid-cell panel-grid-cell-empty\" ><\/div><div id=\"pgc-w6968ca9a461ce-5-1\"  class=\"panel-grid-cell\" ><div id=\"panel-w6968ca9a461ce-5-1-0\" class=\"so-panel widget widget_sow-editor panel-first-child panel-last-child\" data-index=\"6\" ><div class=\"panel-widget-style panel-widget-style-for-w6968ca9a461ce-5-1-0\" ><div\n\t\t\t\n\t\t\tclass=\"so-widget-sow-editor so-widget-sow-editor-base\"\n\t\t\t\n\t\t>\n<div class=\"siteorigin-widget-tinymce textwidget\">\n\t<h3>Contact<\/h3>\n<p style=\"text-align: left; padding-left: 30px;\">Intercommunale Sociale du Brabant Wallon<br \/>\nSi\u00e8ge social : Rue du Cerf 200, 1332 Rixensart<br \/>\nCourriel : <span style=\"color: #000000;\"><a style=\"color: #000000;\" href=\"mailto:info@isbw.be\">info@isbw.be<\/a><\/span><br \/>\nT\u00e9l\u00e9phone : <span style=\"color: #000000;\"><a style=\"color: #000000;\" href=\"tel:+3223151351\">02 - 315.13.51<\/a><\/span><\/p>\n<\/div>\n<\/div><\/div><\/div><\/div><\/div><\/div><\/div><\/div><\/div><\/div><div id=\"pg-287-1\"  class=\"panel-grid panel-has-style\" ><div class=\"siteorigin-panels-stretch panel-row-style panel-row-style-for-287-1\" data-stretch-type=\"full\" ><div id=\"pgc-287-1-0\"  class=\"panel-grid-cell\" ><div id=\"panel-287-1-0-0\" class=\"so-panel widget widget_siteorigin-panels-builder panel-first-child panel-last-child\" data-index=\"1\" ><div class=\"panel-widget-style panel-widget-style-for-287-1-0-0\" ><div id=\"pl-w68a6df0c60f84\"  class=\"panel-layout\" ><div id=\"pg-w68a6df0c60f84-0\"  class=\"panel-grid panel-has-style\" ><div class=\"panel-row-style panel-row-style-for-w68a6df0c60f84-0\" ><div id=\"pgc-w68a6df0c60f84-0-0\"  class=\"panel-grid-cell panel-grid-cell-empty\" ><\/div><div id=\"pgc-w68a6df0c60f84-0-1\"  class=\"panel-grid-cell panel-grid-cell-empty\" ><\/div><div id=\"pgc-w68a6df0c60f84-0-2\"  class=\"panel-grid-cell panel-grid-cell-empty\" ><\/div><div id=\"pgc-w68a6df0c60f84-0-3\"  class=\"panel-grid-cell panel-grid-cell-empty\" ><\/div><div id=\"pgc-w68a6df0c60f84-0-4\"  class=\"panel-grid-cell\" ><div id=\"panel-w68a6df0c60f84-0-4-0\" class=\"so-panel widget widget_sow-button panel-first-child panel-last-child\" data-index=\"0\" ><div\n\t\t\t\n\t\t\tclass=\"so-widget-sow-button so-widget-sow-button-flat-de31a69c3823\"\n\t\t\t\n\t\t><div class=\"ow-button-base ow-button-align-right\"\n>\n\t\t\t<a\n\t\t\t\t\thref=\"https:\/\/isbw.be\/institution\/\"\n\t\t\t\t\tclass=\"sowb-button ow-icon-placement-left ow-button-hover\" title=\"vers Page d&#039;accueil\" \t>\n\t\t<span>\n\t\t\t<span class=\"sow-icon-ionicons\" data-sow-icon=\"&#xf38f;\"\n\t\tstyle=\"\" \n\t\taria-hidden=\"true\"><\/span>\n\t\t\t\t\t<\/span>\n\t\t\t<\/a>\n\t<\/div>\n<\/div><\/div><\/div><\/div><\/div><\/div><\/div><\/div><\/div><\/div><\/div><\/div>","protected":false},"excerpt":{"rendered":"<p>Chiffres et documents Quels chiffres r\u00e9sument l&rsquo;Intercommunale Sociale du Brabant wallon ? Transparence Agenda des prochaines Assembl\u00e9es g\u00e9n\u00e9rales de l&rsquo;Intercommunale Les Assembl\u00e9es g\u00e9n\u00e9rales ont lieu au si\u00e8ge social c\u2019est-\u00e0-dire rue du Cerf 200, 1332 Rixensart. 17 d\u00e9cembre 2025. Proc\u00e8s-verbaux des Assembl\u00e9es pr\u00e9c\u00e9dentes Proc\u00e8s-Verbal de l&rsquo;Assembl\u00e9e g\u00e9n\u00e9rale de l&rsquo;ISBW du 25 novembre 2024 (pdf, 161 Ko). [&hellip;]<\/p>\n","protected":false},"author":1,"featured_media":0,"parent":0,"menu_order":0,"comment_status":"closed","ping_status":"closed","template":"","meta":{"footnotes":""},"class_list":["post-287","page","type-page","status-publish","czr-hentry"],"_links":{"self":[{"href":"https:\/\/isbw.be\/institution\/wp-json\/wp\/v2\/pages\/287","targetHints":{"allow":["GET"]}}],"collection":[{"href":"https:\/\/isbw.be\/institution\/wp-json\/wp\/v2\/pages"}],"about":[{"href":"https:\/\/isbw.be\/institution\/wp-json\/wp\/v2\/types\/page"}],"author":[{"embeddable":true,"href":"https:\/\/isbw.be\/institution\/wp-json\/wp\/v2\/users\/1"}],"replies":[{"embeddable":true,"href":"https:\/\/isbw.be\/institution\/wp-json\/wp\/v2\/comments?post=287"}],"version-history":[{"count":161,"href":"https:\/\/isbw.be\/institution\/wp-json\/wp\/v2\/pages\/287\/revisions"}],"predecessor-version":[{"id":1316,"href":"https:\/\/isbw.be\/institution\/wp-json\/wp\/v2\/pages\/287\/revisions\/1316"}],"wp:attachment":[{"href":"https:\/\/isbw.be\/institution\/wp-json\/wp\/v2\/media?parent=287"}],"curies":[{"name":"wp","href":"https:\/\/api.w.org\/{rel}","templated":true}]}}