{"id":300,"date":"2019-03-14T15:11:14","date_gmt":"2019-03-14T14:11:14","guid":{"rendered":"http:\/\/isbw.be\/institution\/?page_id=300"},"modified":"2025-12-24T11:56:39","modified_gmt":"2025-12-24T10:56:39","slug":"le-president","status":"publish","type":"page","link":"https:\/\/isbw.be\/institution\/le-president\/","title":{"rendered":"Le Pr\u00e9sident"},"content":{"rendered":"<div id=\"pl-300\"  class=\"panel-layout\" ><div id=\"pg-300-0\"  class=\"panel-grid panel-has-style\" ><div class=\"siteorigin-panels-stretch panel-row-style panel-row-style-for-300-0\" id=\"Bkg2\" data-stretch-type=\"full\" ><div id=\"pgc-300-0-0\"  class=\"panel-grid-cell\" ><div id=\"panel-300-0-0-0\" class=\"so-panel widget widget_siteorigin-panels-builder panel-first-child panel-last-child\" data-index=\"0\" ><div id=\"pl-w694ba1a79d8d2\"  class=\"panel-layout\" ><div id=\"pg-w694ba1a79d8d2-0\"  class=\"panel-grid panel-no-style\" ><div id=\"pgc-w694ba1a79d8d2-0-0\"  class=\"panel-grid-cell\" ><div id=\"panel-w694ba1a79d8d2-0-0-0\" class=\"so-panel widget widget_sow-editor panel-first-child panel-last-child\" data-index=\"0\" ><div\n\t\t\t\n\t\t\tclass=\"so-widget-sow-editor so-widget-sow-editor-base\"\n\t\t\t\n\t\t>\n<div class=\"siteorigin-widget-tinymce textwidget\">\n\t<h1><strong>Le Pr\u00e9sident<\/strong><\/h1>\n<\/div>\n<\/div><\/div><\/div><\/div><div id=\"pg-w694ba1a79d8d2-1\"  class=\"panel-grid panel-has-style\" ><div class=\"Titrenonbouton panel-row-style panel-row-style-for-w694ba1a79d8d2-1\" ><div id=\"pgc-w694ba1a79d8d2-1-0\"  class=\"panel-grid-cell\" ><div id=\"panel-w694ba1a79d8d2-1-0-0\" class=\"so-panel widget widget_sow-icon panel-first-child panel-last-child\" data-index=\"1\" ><div\n\t\t\t\n\t\t\tclass=\"so-widget-sow-icon so-widget-sow-icon-default-bea670614984\"\n\t\t\t\n\t\t>\n<div class=\"sow-icon-container sow-icon\">\n\t\t\t<span class=\"sow-icon-fontawesome sow-fas\" data-sow-icon=\"&#xf0a9;\"\n\t\t \n\t\taria-hidden=\"true\"><\/span>\t<\/div>\n<\/div><\/div><\/div><div id=\"pgc-w694ba1a79d8d2-1-1\"  class=\"panel-grid-cell\" ><div id=\"panel-w694ba1a79d8d2-1-1-0\" class=\"so-panel widget widget_sow-editor panel-first-child panel-last-child\" data-index=\"2\" ><div class=\"panel-widget-style panel-widget-style-for-w694ba1a79d8d2-1-1-0\" ><div\n\t\t\t\n\t\t\tclass=\"so-widget-sow-editor so-widget-sow-editor-base\"\n\t\t\t\n\t\t>\n<div class=\"siteorigin-widget-tinymce textwidget\">\n\t<h2>Le mot du Pr\u00e9sident<\/h2>\n<div id=\"gtx-trans\" style=\"position: absolute; left: -21px; top: -4.09375px;\">\n<div class=\"gtx-trans-icon\"><\/div>\n<\/div>\n<\/div>\n<\/div><\/div><\/div><\/div><\/div><\/div><div id=\"pg-w694ba1a79d8d2-2\"  class=\"panel-grid panel-no-style\" ><div id=\"pgc-w694ba1a79d8d2-2-0\"  class=\"panel-grid-cell panel-grid-cell-empty\" ><\/div><div id=\"pgc-w694ba1a79d8d2-2-1\"  class=\"panel-grid-cell\" ><div id=\"panel-w694ba1a79d8d2-2-1-0\" class=\"so-panel widget widget_sow-editor panel-first-child panel-last-child\" data-index=\"3\" ><div class=\"panel-widget-style panel-widget-style-for-w694ba1a79d8d2-2-1-0\" ><div\n\t\t\t\n\t\t\tclass=\"so-widget-sow-editor so-widget-sow-editor-base\"\n\t\t\t\n\t\t>\n<div class=\"siteorigin-widget-tinymce textwidget\">\n\t<p class=\"x_MsoNormal\" style=\"padding-left: 40px;\"><i data-olk-copy-source=\"MessageBody\">Pr\u00e9sider l\u2019ISBW depuis juin 2025 s\u2019inscrit naturellement dans la continuit\u00e9 de mon parcours professionnel. C\u2019est une fonction que j\u2019aborde avec conviction, parce que les missions port\u00e9es par l\u2019ISBW font profond\u00e9ment \u00e9cho \u00e0 mes valeurs et \u00e0 mon engagement de longue date en faveur de l\u2019humain et du lien social.<\/i><\/p>\n<p class=\"x_MsoNormal\" style=\"padding-left: 40px;\"><i>\u00a0<\/i><i>Cela ne va toutefois pas de soi et ne doit en aucun cas occulter l\u2019immense travail r\u00e9alis\u00e9 avant moi. Celles et ceux qui m\u2019ont pr\u00e9c\u00e9d\u00e9 partageaient tous cette m\u00eame volont\u00e9 d\u2019agir, d\u2019am\u00e9liorer les choses et d\u2019apporter leur contribution, chacun \u00e0 sa mani\u00e8re. L\u2019ISBW s\u2019est construite sur cet h\u00e9ritage solide, que je respecte pleinement.<\/i><\/p>\n<p class=\"x_MsoNormal\" style=\"padding-left: 40px;\"><i>\u00a0<\/i><i>\u00c0 mes yeux, l\u2019ISBW repr\u00e9sente aujourd\u2019hui un rep\u00e8re essentiel. Dans un monde fragile et dans une soci\u00e9t\u00e9 de plus en plus marqu\u00e9e par les in\u00e9galit\u00e9s, voire polaris\u00e9e, elle rappelle l\u2019essentiel. Elle d\u00e9passe les \u00e9tiquettes, bouscule les id\u00e9es re\u00e7ues et remet l\u2019humain au centre\u00a0!<\/i><\/p>\n<p class=\"x_MsoNormal\" style=\"padding-left: 40px;\"><i>\u00a0<\/i><i>Soyons honn\u00eates, je n\u2019ai pas la pr\u00e9tention de r\u00e9volutionner la fonction. Les grandes d\u00e9cisions ont \u00e9t\u00e9 prises, les actions n\u00e9cessaires sont engag\u00e9es. Mais malgr\u00e9 cela, les d\u00e9fis restent coriaces.<\/i><\/p>\n<p class=\"x_MsoNormal\" style=\"padding-left: 40px;\"><i>En revanche, j\u2019exercerai ce r\u00f4le avec ce que je suis, comme chaque pr\u00e9sident l\u2019a fait avant moi : avec engagement, disponibilit\u00e9, responsabilit\u00e9 et surtout, avec sinc\u00e9rit\u00e9.<\/i><\/p>\n<p class=\"x_MsoNormal\" style=\"padding-left: 40px;\"><i>\u00a0<\/i><i>Je tiens \u00e9galement \u00e0 remercier tr\u00e8s chaleureusement l\u2019ensemble des collaboratrices et collaborateurs de l\u2019ISBW. Leur professionnalisme, leur implication et leur sens humain sont indispensables au bon fonctionnement de l\u2019institution et aux services rendu \u00e0 tous les b\u00e9n\u00e9ficiaires, ainsi qu\u2019aux communes du Brabant wallon. Ils sont, chaque jour, les v\u00e9ritables piliers de cette cha\u00eene de solidarit\u00e9.<\/i><\/p>\n<p class=\"x_MsoNormal\" style=\"padding-left: 40px;\"><i>Enfin, je suis convaincu que notre intercommunale, souvent jug\u00e9e, doit continuer \u00e0 \u00e9voluer. Le social n\u2019est ni secondaire ni accessoire \u00e0 mes yeux. Au contre, il change avec son temps\u2026 \u00a0\u00c0 ce titre, je m\u2019engage \u00e0 accompagner l\u2019ISBW dans cette dynamique de changement et d\u2019affirmation, qu\u2019elle puisse v\u00e9ritablement \u00e9clore en s\u2019appuyant sur l\u2019expertise et l\u2019engagement de celles et ceux qui font l\u2019institution aujourd\u2019hui. Et ce dans un unique objectif, que l\u2019ISBW puisse continuer \u00e0 offrir ce qu\u2019elle a de plus pr\u00e9cieux :\u00a0<b>du soutien, de la dignit\u00e9 et de l\u2019espoir<\/b>.<\/i><\/p>\n<\/p>\n<p style=\"padding-left: 40px;\"><img loading=\"lazy\" decoding=\"async\" class=\"alignnone size-full wp-image-1301\" src=\"https:\/\/isbw.be\/institution\/wp-content\/uploads\/sites\/2\/2025\/12\/Lepresident.jpg\" alt=\"Photo de Mr Gilles Agosti, Pr\u00e9sident.\" width=\"250\" height=\"279\" \/><\/p>\n<p style=\"padding-left: 40px;\">Gilles AGOSTI,<br \/>\nPr\u00e9sident du Conseil d\u2019administration.<\/p>\n<\/div>\n<\/div><\/div><\/div><\/div><\/div><\/div><\/div><\/div><\/div><\/div><div id=\"pg-300-1\"  class=\"panel-grid panel-has-style\" ><div class=\"siteorigin-panels-stretch panel-row-style panel-row-style-for-300-1\" data-stretch-type=\"full\" ><div id=\"pgc-300-1-0\"  class=\"panel-grid-cell\" ><div id=\"panel-300-1-0-0\" class=\"so-panel widget widget_siteorigin-panels-builder panel-first-child panel-last-child\" data-index=\"1\" ><div id=\"pl-w694bc6e1b416e\"  class=\"panel-layout\" ><div id=\"pg-w694bc6e1b416e-0\"  class=\"panel-grid panel-has-style\" ><div class=\"panel-row-style panel-row-style-for-w694bc6e1b416e-0\" ><div id=\"pgc-w694bc6e1b416e-0-0\"  class=\"panel-grid-cell panel-grid-cell-empty\" ><\/div><div id=\"pgc-w694bc6e1b416e-0-1\"  class=\"panel-grid-cell panel-grid-cell-empty\" ><\/div><div id=\"pgc-w694bc6e1b416e-0-2\"  class=\"panel-grid-cell panel-grid-cell-empty\" ><\/div><div id=\"pgc-w694bc6e1b416e-0-3\"  class=\"panel-grid-cell panel-grid-cell-empty\" ><\/div><div id=\"pgc-w694bc6e1b416e-0-4\"  class=\"panel-grid-cell\" ><div id=\"panel-w694bc6e1b416e-0-4-0\" class=\"so-panel widget widget_sow-button panel-first-child panel-last-child\" data-index=\"0\" ><div\n\t\t\t\n\t\t\tclass=\"so-widget-sow-button so-widget-sow-button-flat-ec9c1461ebce\"\n\t\t\t\n\t\t><div class=\"ow-button-base ow-button-align-right\"\n>\n\t\t\t<a\n\t\t\t\t\thref=\"https:\/\/isbw.be\/institution\/\"\n\t\t\t\t\tclass=\"sowb-button ow-icon-placement-top ow-button-hover\" download=\"\" title=\"vers Page d&#039;accueil\" \t>\n\t\t<span>\n\t\t\t<span class=\"sow-icon-ionicons\" data-sow-icon=\"&#xf38f;\"\n\t\tstyle=\"\" \n\t\taria-hidden=\"true\"><\/span>\n\t\t\t\t\t<\/span>\n\t\t\t<\/a>\n\t<\/div>\n<\/div><\/div><\/div><\/div><\/div><\/div><\/div><\/div><\/div><\/div><\/div>","protected":false},"excerpt":{"rendered":"<p>Le Pr\u00e9sident Le mot du Pr\u00e9sident Pr\u00e9sider l\u2019ISBW depuis juin 2025 s\u2019inscrit naturellement dans la continuit\u00e9 de mon parcours professionnel. C\u2019est une fonction que j\u2019aborde avec conviction, parce que les missions port\u00e9es par l\u2019ISBW font profond\u00e9ment \u00e9cho \u00e0 mes valeurs et \u00e0 mon engagement de longue date en faveur de l\u2019humain et du lien social. [&hellip;]<\/p>\n","protected":false},"author":1,"featured_media":0,"parent":0,"menu_order":0,"comment_status":"closed","ping_status":"closed","template":"","meta":{"footnotes":""},"class_list":["post-300","page","type-page","status-publish","czr-hentry"],"_links":{"self":[{"href":"https:\/\/isbw.be\/institution\/wp-json\/wp\/v2\/pages\/300","targetHints":{"allow":["GET"]}}],"collection":[{"href":"https:\/\/isbw.be\/institution\/wp-json\/wp\/v2\/pages"}],"about":[{"href":"https:\/\/isbw.be\/institution\/wp-json\/wp\/v2\/types\/page"}],"author":[{"embeddable":true,"href":"https:\/\/isbw.be\/institution\/wp-json\/wp\/v2\/users\/1"}],"replies":[{"embeddable":true,"href":"https:\/\/isbw.be\/institution\/wp-json\/wp\/v2\/comments?post=300"}],"version-history":[{"count":34,"href":"https:\/\/isbw.be\/institution\/wp-json\/wp\/v2\/pages\/300\/revisions"}],"predecessor-version":[{"id":1311,"href":"https:\/\/isbw.be\/institution\/wp-json\/wp\/v2\/pages\/300\/revisions\/1311"}],"wp:attachment":[{"href":"https:\/\/isbw.be\/institution\/wp-json\/wp\/v2\/media?parent=300"}],"curies":[{"name":"wp","href":"https:\/\/api.w.org\/{rel}","templated":true}]}}