{"id":323,"date":"2019-03-15T16:18:37","date_gmt":"2019-03-15T15:18:37","guid":{"rendered":"http:\/\/isbw.be\/institution\/?page_id=323"},"modified":"2025-07-31T11:16:47","modified_gmt":"2025-07-31T09:16:47","slug":"plan-du-site","status":"publish","type":"page","link":"https:\/\/isbw.be\/institution\/plan-du-site\/","title":{"rendered":"Plan du site"},"content":{"rendered":"<div id=\"pl-323\"  class=\"panel-layout\" ><div id=\"pg-323-0\"  class=\"panel-grid panel-has-style\" ><div class=\"siteorigin-panels-stretch panel-row-style panel-row-style-for-323-0\" id=\"Bkg2\" data-stretch-type=\"full\" ><div id=\"pgc-323-0-0\"  class=\"panel-grid-cell\" ><div id=\"panel-323-0-0-0\" class=\"so-panel widget widget_sow-editor panel-first-child\" data-index=\"0\" ><div\n\t\t\t\n\t\t\tclass=\"so-widget-sow-editor so-widget-sow-editor-base\"\n\t\t\t\n\t\t>\n<div class=\"siteorigin-widget-tinymce textwidget\">\n\t<h1>Plan du site<\/h1>\n<\/div>\n<\/div><\/div><div id=\"panel-323-0-0-1\" class=\"so-panel widget widget_siteorigin-panels-builder panel-last-child\" data-index=\"1\" ><div id=\"pl-w688b347f88b91\"  class=\"panel-layout\" ><div id=\"pg-w688b347f88b91-0\"  class=\"panel-grid panel-no-style\" ><div id=\"pgc-w688b347f88b91-0-0\"  class=\"panel-grid-cell\" ><div id=\"panel-w688b347f88b91-0-0-0\" class=\"so-panel widget widget_sow-editor panel-first-child panel-last-child\" data-index=\"0\" ><div class=\"BlocTexteDeco panel-widget-style panel-widget-style-for-w688b347f88b91-0-0-0\" ><div\n\t\t\t\n\t\t\tclass=\"so-widget-sow-editor so-widget-sow-editor-base\"\n\t\t\t\n\t\t>\n<div class=\"siteorigin-widget-tinymce textwidget\">\n\t<h2 style=\"text-align: left;\">Section : <strong>Tous publics<\/strong><\/h2>\n<p>&nbsp;<\/p>\n<h3><span style=\"color: #000000;\"><a style=\"color: #000000;\" href=\"https:\/\/isbw.be\/\">Accueil Tous publics<\/a><\/span><\/h3>\n<h4 style=\"padding-left: 40px;\"><span style=\"color: #000000;\"><a style=\"color: #000000;\" href=\"https:\/\/isbw.be\/jai-un-enfant-de-0-a-3-ans\/\">J'ai un enfant de 0 \u00e0 3 ans.<\/a><\/span><\/h4>\n<ul>\n<li style=\"list-style-type: none;\">\n<ul>\n<li><a href=\"https:\/\/isbw.be\/jai-un-enfant-de-0-a-3-ans\/les-accueillantes-denfants\/\"><span style=\"color: #000000;\">Les accueillantes d'enfants<\/span><\/a><\/li>\n<li><span style=\"color: #000000;\"><a style=\"color: #000000;\" href=\"https:\/\/isbw.be\/jai-un-enfant-de-0-a-3-ans\/les-puericultrices-relais\/\">Les pu\u00e9ricultrices relais<\/a><\/span><\/li>\n<li><span style=\"color: #000000;\"><a style=\"color: #000000;\" href=\"https:\/\/isbw.be\/jai-un-enfant-de-0-a-3-ans\/lexpertise\/\">L'\u00e9quipe expertises 0-3<\/a><\/span><\/li>\n<\/ul>\n<\/li>\n<\/ul>\n<h4 style=\"padding-left: 40px;\"><span style=\"color: #000000;\"><a style=\"color: #000000;\" href=\"https:\/\/isbw.be\/jai-un-enfant-de-3-a-12-ans\/\">J'ai un enfant de 3 \u00e0 12 ans.<\/a><\/span><\/h4>\n<ul>\n<li style=\"list-style-type: none;\">\n<ul>\n<li><span style=\"color: #000000;\"><a style=\"color: #000000;\" href=\"https:\/\/isbw.be\/jai-un-enfant-de-3-a-12-ans\/accueil-extrascolaire\/\">L'accueil extrascolaire<\/a><\/span><\/li>\n<li><a href=\"https:\/\/isbw.be\/jai-un-enfant-de-3-a-12-ans\/plaines-de-vacances\/\"><span style=\"color: #000000;\">Les plaines de vacances<\/span><\/a><\/li>\n<\/ul>\n<\/li>\n<\/ul>\n<h4 style=\"padding-left: 40px;\"><span style=\"color: #000000;\"><a style=\"color: #000000;\" href=\"https:\/\/isbw.be\/jai-besoin-daide-a-domicile\/\">J'ai besoin d'aide \u00e0 domicile.<\/a><\/span><\/h4>\n<h4 style=\"padding-left: 40px;\"><span style=\"color: #000000;\"><a style=\"color: #000000;\" href=\"https:\/\/isbw.be\/jai-besoin-dune-formation\/\">J'ai besoin d'une formation.<\/a><\/span><\/h4>\n<h4 style=\"padding-left: 40px;\"><span style=\"color: #000000;\"><a href=\"https:\/\/isbw.be\/je-suis-une-personne-en-situation-de-handicap\/\">Je suis une personne en situation de handicap<\/a>.<\/span><\/h4>\n<ul>\n<li style=\"list-style-type: none;\">\n<ul>\n<li><span style=\"color: #000000;\"><a style=\"color: #000000;\" href=\"https:\/\/isbw.be\/je-suis-porteur-dun-handicap\/laccompagnement-de-la-personne-handicapee\/\">L'accompagnement de la personne handicap\u00e9e<\/a><\/span><\/li>\n<li><span style=\"color: #000000;\"><a style=\"color: #000000;\" href=\"https:\/\/isbw.be\/je-suis-porteur-dun-handicap\/le-jobcoaching\/\">Le jobcoaching<\/a><\/span><\/li>\n<\/ul>\n<\/li>\n<\/ul>\n<h4 style=\"padding-left: 40px;\"><a href=\"https:\/\/isbw.be\/mentions-legales\/\"><span style=\"color: #000000;\">RGPD<\/span><\/a><\/h4>\n<h4 style=\"padding-left: 40px;\"><span style=\"color: #000000;\"><a style=\"color: #000000;\" href=\"https:\/\/isbw.be\/jai-besoin-dune-formation\/#TPsforMatinales\">Les Matinales<\/a><\/span><\/h4>\n<h4 style=\"padding-left: 40px;\"><span style=\"color: #000000;\"><a style=\"color: #000000;\" href=\"https:\/\/isbw.be\/comptabilite\/\">La comptabilit\u00e9<\/a><\/span><\/h4>\n<h4 style=\"padding-left: 40px;\"><span style=\"color: #000000;\"><a style=\"color: #000000;\" href=\"https:\/\/isbw.be\/pole-ressources-humaines\/\">Ressources humaines<\/a><\/span><\/h4>\n<h4 style=\"padding-left: 40px;\"><span style=\"color: #000000;\"><a style=\"color: #000000;\" href=\"https:\/\/isbw.be\/service-interne-pour-la-prevention-et-la-protection-au-travail\/\">S.I.P.P.<\/a><br \/>\n<\/span><\/h4>\n<h4 style=\"padding-left: 40px;\"><span style=\"color: #000000;\"><a style=\"color: #000000;\" href=\"https:\/\/isbw.be\/emploi\/\">Emploi<\/a><\/span><\/h4>\n<h4 style=\"padding-left: 40px;\"><span style=\"color: #000000;\"><a style=\"color: #000000;\" href=\"https:\/\/isbw.be\/plan-du-site\/\">Plan du site<\/a><\/span><\/h4>\n<h4 style=\"padding-left: 40px;\"><span style=\"color: #000000;\"><a style=\"color: #000000;\" href=\"https:\/\/isbw.be\/accessibilite\/\">Accessibilit\u00e9<\/a><\/span><\/h4>\n<h4 style=\"padding-left: 40px;\"><span style=\"color: #000000;\"><a style=\"color: #000000;\" href=\"https:\/\/isbw.be\/mentions-legales\/\">Mentions l\u00e9gales<\/a><\/span><\/h4>\n<h4 style=\"padding-left: 40px;\"><span style=\"color: #000000;\"><a style=\"color: #000000;\" href=\"https:\/\/isbw.be\/contactez-nous\/\">Contactez-nous<\/a><\/span><\/h4>\n<\/div>\n<\/div><\/div><\/div><\/div><div id=\"pgc-w688b347f88b91-0-1\"  class=\"panel-grid-cell\" ><div id=\"panel-w688b347f88b91-0-1-0\" class=\"so-panel widget widget_sow-editor panel-first-child panel-last-child\" data-index=\"1\" ><div class=\"BlocTexteDeco panel-widget-style panel-widget-style-for-w688b347f88b91-0-1-0\" ><div\n\t\t\t\n\t\t\tclass=\"so-widget-sow-editor so-widget-sow-editor-base\"\n\t\t\t\n\t\t>\n<div class=\"siteorigin-widget-tinymce textwidget\">\n\t<h2 style=\"text-align: left;\">Section : <strong>Professionnel<\/strong><\/h2>\n<p>&nbsp;<\/p>\n<h3><span style=\"color: #000000;\"><a style=\"color: #000000;\" href=\"https:\/\/isbw.be\/professionnel\/\">Accueil Professionnel<\/a><\/span><\/h3>\n<h4 style=\"padding-left: 40px;\"><span style=\"color: #000000;\"><a style=\"color: #000000;\" href=\"https:\/\/isbw.be\/professionnel\/departement-accueil-de-lenfant-de-0-a-3-ans\/\">L'accueil de l'enfant de 0 \u00e0 3 ans<\/a><\/span><\/h4>\n<ul>\n<li style=\"list-style-type: none;\">\n<ul>\n<li><span style=\"color: #000000;\"><a style=\"color: #000000;\" href=\"https:\/\/isbw.be\/professionnel\/departement-accueil-de-lenfant-de-0-a-3-ans\/le-service-des-accueillantes-denfants\/\">Les accueillantes d'enfants<\/a><\/span><\/li>\n<li><span style=\"color: #000000;\"><a style=\"color: #000000;\" href=\"https:\/\/isbw.be\/professionnel\/departement-accueil-de-lenfant-de-0-a-3-ans\/le-service-des-puericultrices-relais\/\">Les pu\u00e9ricultrices relais<\/a><\/span><\/li>\n<li><span style=\"color: #000000;\"><a style=\"color: #000000;\" href=\"https:\/\/isbw.be\/professionnel\/departement-accueil-de-lenfant-de-0-a-3-ans\/lequipe-expertise-0-3\/\">L'\u00e9quipe expertises 0-3<\/a><\/span><\/li>\n<\/ul>\n<\/li>\n<\/ul>\n<h4 style=\"padding-left: 40px;\"><span style=\"color: #000000;\"><a style=\"color: #000000;\" href=\"https:\/\/isbw.be\/professionnel\/le-service-daccueil-extrascolaire-et-plaines-de-vacances\/\">L'accueil extrascolaire et plaines de vacances<\/a><\/span><\/h4>\n<h4 style=\"padding-left: 40px;\"><span style=\"color: #000000;\"><a style=\"color: #000000;\" href=\"https:\/\/isbw.be\/professionnel\/aide-a-domicile\/\">L'aide \u00e0 domicile<\/a><\/span><\/h4>\n<h4 style=\"padding-left: 40px;\"><span style=\"color: #000000;\"><a style=\"color: #000000;\" href=\"https:\/\/isbw.be\/professionnel\/le-service-formation\/\">Les formations continu\u00e9es<\/a><\/span><\/h4>\n<h4 style=\"padding-left: 40px;\"><span style=\"color: #000000;\"><a style=\"color: #000000;\" href=\"https:\/\/isbw.be\/professionnel\/laccompagnement-de-la-personne-handicapee-le-job-coaching\/\">L'accompagnenent Handicap<\/a><\/span><\/h4>\n<h4 style=\"padding-left: 40px;\"><span style=\"color: #000000;\"><a style=\"color: #000000;\" href=\"https:\/\/isbw.be\/professionnel\/services-generaux\/\">Les Services g\u00e9n\u00e9raux<\/a><\/span><\/h4>\n<ul>\n<li style=\"list-style-type: none;\">\n<ul>\n<li><span style=\"color: #000000;\"><a style=\"color: #000000;\" href=\"https:\/\/isbw.be\/professionnel\/services-generaux\/le-pole-budget-finances\/\">Le P\u00f4le Budget &amp; Finances<\/a><\/span><\/li>\n<li><span style=\"color: #000000;\"><a style=\"color: #000000;\" href=\"https:\/\/isbw.be\/professionnel\/services-generaux\/le-pole-ressources-humaines\/\">Le P\u00f4le Ressources humaines<\/a><\/span><\/li>\n<li><span style=\"color: #000000;\"><a style=\"color: #000000;\" href=\"https:\/\/isbw.be\/professionnel\/services-generaux\/le-service-informatique-et-communication\/\">Le Service informatique et communication<\/a><\/span><\/li>\n<li><span style=\"color: #000000;\"><a style=\"color: #000000;\" href=\"https:\/\/isbw.be\/professionnel\/services-generaux\/la-direction-generale\/\">La Direction g\u00e9n\u00e9rale<\/a><\/span><\/li>\n<li><span style=\"color: #000000;\"><a style=\"color: #000000;\" href=\"https:\/\/isbw.be\/professionnel\/services-generaux\/le-service-interne-de-prevention-et-de-protection\/\">Le Service interne de pr\u00e9vention et de protection<\/a><\/span><\/li>\n<li><span style=\"color: #000000;\"><a style=\"color: #000000;\" href=\"https:\/\/isbw.be\/professionnel\/mentions-legales\/\">RGPD<\/a><\/span><\/li>\n<\/ul>\n<\/li>\n<\/ul>\n<h4 style=\"padding-left: 40px;\"><span style=\"color: #000000;\"><a style=\"color: #000000;\" href=\"https:\/\/isbw.be\/professionnel\/presse\/\">Presse<\/a><\/span><\/h4>\n<h4 style=\"padding-left: 40px;\"><span style=\"color: #000000;\"><a style=\"color: #000000;\" href=\"https:\/\/isbw.be\/professionnel\/emploi\/\">Emploi<\/a><\/span><\/h4>\n<h4 style=\"padding-left: 40px;\"><span style=\"color: #000000;\"><a style=\"color: #000000;\" href=\"https:\/\/isbw.be\/professionnel\/plan-du-site\/\">Plan du site<\/a><\/span><\/h4>\n<h4 style=\"padding-left: 40px;\"><span style=\"color: #000000;\"><a style=\"color: #000000;\" href=\"https:\/\/isbw.be\/professionnel\/accessibilite\/\">Accessibilit\u00e9<\/a><\/span><\/h4>\n<h4 style=\"padding-left: 40px;\"><span style=\"color: #000000;\"><a style=\"color: #000000;\" href=\"https:\/\/isbw.be\/professionnel\/mentions-legales\/\">Mentions l\u00e9gales<\/a><\/span><\/h4>\n<h4 style=\"padding-left: 40px;\"><span style=\"color: #000000;\"><a style=\"color: #000000;\" href=\"https:\/\/isbw.be\/professionnel\/contactez-nous\/\">Contactez-nous<\/a><\/span><\/h4>\n<h4 style=\"padding-left: 100px;\"><\/h4>\n<\/div>\n<\/div><\/div><\/div><\/div><div id=\"pgc-w688b347f88b91-0-2\"  class=\"panel-grid-cell\" ><div id=\"panel-w688b347f88b91-0-2-0\" class=\"so-panel widget widget_sow-editor panel-first-child panel-last-child\" data-index=\"2\" ><div class=\"BlocTexteDeco panel-widget-style panel-widget-style-for-w688b347f88b91-0-2-0\" ><div\n\t\t\t\n\t\t\tclass=\"so-widget-sow-editor so-widget-sow-editor-base\"\n\t\t\t\n\t\t>\n<div class=\"siteorigin-widget-tinymce textwidget\">\n\t<h2 style=\"text-align: left;\">Section : <strong>Institutionnel<\/strong><\/h2>\n<p>&nbsp;<\/p>\n<h3><span style=\"color: #000000;\"><a style=\"color: #000000;\" href=\"https:\/\/isbw.be\/institution\/\">Accueil Institutionnel<\/a><\/span><\/h3>\n<h4 style=\"padding-left: 40px;\"><span style=\"color: #000000;\"><a style=\"color: #000000;\" href=\"https:\/\/isbw.be\/institution\/nous-connaitre\/\">Nous conna\u00eetre<\/a><\/span><\/h4>\n<h4 style=\"padding-left: 40px;\"><span style=\"color: #000000;\"><a style=\"color: #000000;\" href=\"https:\/\/isbw.be\/institution\/nos-organes-de-gestion\/\">Nos organes de gestion<\/a><\/span><\/h4>\n<ul>\n<li style=\"list-style-type: none;\">\n<ul>\n<li><span style=\"color: #000000;\"><a style=\"color: #000000;\" href=\"https:\/\/isbw.be\/institution\/nos-organes-de-gestion\/composition-de-lassemblee-generale\/\">Composition de l'Assembl\u00e9e g\u00e9n\u00e9rale<\/a><\/span><\/li>\n<li><span style=\"color: #000000;\"><a style=\"color: #000000;\" href=\"https:\/\/isbw.be\/institution\/nos-organes-de-gestion\/composition-du-comite-dadministration\/\">Composition du Conseil d'administration<\/a><\/span><\/li>\n<\/ul>\n<\/li>\n<\/ul>\n<h4 style=\"padding-left: 40px;\"><span style=\"color: #000000;\"><a style=\"color: #000000;\" href=\"https:\/\/isbw.be\/institution\/nos-sources-de-financement\/\">Nos sources de financement<\/a><\/span><\/h4>\n<h4 style=\"padding-left: 40px;\"><span style=\"color: #000000;\"><a style=\"color: #000000;\" href=\"https:\/\/isbw.be\/institution\/notre-organigramme\/\">Notre organigramme<\/a><\/span><\/h4>\n<h4 style=\"padding-left: 40px;\"><span style=\"color: #000000;\"><a style=\"color: #000000;\" href=\"https:\/\/isbw.be\/institution\/chiffres-et-documents\/\">Chiffres et documents<\/a><\/span><\/h4>\n<h4 style=\"padding-left: 40px;\"><span style=\"color: #000000;\"><a style=\"color: #000000;\" href=\"https:\/\/isbw.be\/institution\/plan-du-site\/\">Plan du site<\/a><\/span><\/h4>\n<h4 style=\"padding-left: 40px;\"><span style=\"color: #000000;\"><a style=\"color: #000000;\" href=\"https:\/\/isbw.be\/institution\/accessibilite\/\">Accessibilit\u00e9<\/a><\/span><\/h4>\n<h4 style=\"padding-left: 40px;\"><span style=\"color: #000000;\"><a style=\"color: #000000;\" href=\"https:\/\/isbw.be\/institution\/mentions-legales\/\">Mentions l\u00e9gales<\/a><\/span><\/h4>\n<h4 style=\"padding-left: 40px;\"><span style=\"color: #000000;\"><a style=\"color: #000000;\" href=\"https:\/\/isbw.be\/institution\/nous-contacter\/\">Contactez-nous<\/a><\/span><\/h4>\n<\/div>\n<\/div><\/div><\/div><\/div><\/div><\/div><\/div><\/div><\/div><\/div><div id=\"pg-323-1\"  class=\"panel-grid panel-has-style\" ><div class=\"siteorigin-panels-stretch panel-row-style panel-row-style-for-323-1\" data-stretch-type=\"full\" ><div id=\"pgc-323-1-0\"  class=\"panel-grid-cell\" ><div id=\"panel-323-1-0-0\" class=\"so-panel widget widget_siteorigin-panels-builder panel-first-child panel-last-child\" data-index=\"2\" ><div id=\"pl-w5c8a5d1db770a\"  class=\"panel-layout\" ><div id=\"pg-w5c8a5d1db770a-0\"  class=\"panel-grid panel-has-style\" ><div class=\"panel-row-style panel-row-style-for-w5c8a5d1db770a-0\" ><div id=\"pgc-w5c8a5d1db770a-0-0\"  class=\"panel-grid-cell panel-grid-cell-empty\" ><\/div><div id=\"pgc-w5c8a5d1db770a-0-1\"  class=\"panel-grid-cell panel-grid-cell-empty\" ><\/div><div id=\"pgc-w5c8a5d1db770a-0-2\"  class=\"panel-grid-cell panel-grid-cell-empty\" ><\/div><div id=\"pgc-w5c8a5d1db770a-0-3\"  class=\"panel-grid-cell panel-grid-cell-empty\" ><\/div><div id=\"pgc-w5c8a5d1db770a-0-4\"  class=\"panel-grid-cell\" ><div id=\"panel-w5c8a5d1db770a-0-4-0\" class=\"so-panel widget widget_sow-button panel-first-child panel-last-child\" data-index=\"0\" ><div\n\t\t\t\n\t\t\tclass=\"so-widget-sow-button so-widget-sow-button-flat-de31a69c3823\"\n\t\t\t\n\t\t><div class=\"ow-button-base ow-button-align-right\"\n>\n\t\t\t<a\n\t\t\t\t\thref=\"https:\/\/isbw.be\/institution\/\"\n\t\t\t\t\tclass=\"sowb-button ow-icon-placement-left ow-button-hover\" title=\"vers Page d&#039;accueil\" \t>\n\t\t<span>\n\t\t\t<span class=\"sow-icon-ionicons\" data-sow-icon=\"&#xf38f;\"\n\t\tstyle=\"\" \n\t\taria-hidden=\"true\"><\/span>\n\t\t\t\t\t<\/span>\n\t\t\t<\/a>\n\t<\/div>\n<\/div><\/div><\/div><\/div><\/div><\/div><\/div><\/div><\/div><\/div><\/div>","protected":false},"excerpt":{"rendered":"<p>Plan du site<\/p>\n","protected":false},"author":1,"featured_media":0,"parent":0,"menu_order":0,"comment_status":"closed","ping_status":"closed","template":"","meta":{"footnotes":""},"class_list":["post-323","page","type-page","status-publish","czr-hentry"],"_links":{"self":[{"href":"https:\/\/isbw.be\/institution\/wp-json\/wp\/v2\/pages\/323","targetHints":{"allow":["GET"]}}],"collection":[{"href":"https:\/\/isbw.be\/institution\/wp-json\/wp\/v2\/pages"}],"about":[{"href":"https:\/\/isbw.be\/institution\/wp-json\/wp\/v2\/types\/page"}],"author":[{"embeddable":true,"href":"https:\/\/isbw.be\/institution\/wp-json\/wp\/v2\/users\/1"}],"replies":[{"embeddable":true,"href":"https:\/\/isbw.be\/institution\/wp-json\/wp\/v2\/comments?post=323"}],"version-history":[{"count":35,"href":"https:\/\/isbw.be\/institution\/wp-json\/wp\/v2\/pages\/323\/revisions"}],"predecessor-version":[{"id":1275,"href":"https:\/\/isbw.be\/institution\/wp-json\/wp\/v2\/pages\/323\/revisions\/1275"}],"wp:attachment":[{"href":"https:\/\/isbw.be\/institution\/wp-json\/wp\/v2\/media?parent=323"}],"curies":[{"name":"wp","href":"https:\/\/api.w.org\/{rel}","templated":true}]}}