{"id":334,"date":"2019-03-15T16:21:09","date_gmt":"2019-03-15T15:21:09","guid":{"rendered":"http:\/\/isbw.be\/institution\/?page_id=334"},"modified":"2023-02-23T16:19:39","modified_gmt":"2023-02-23T15:19:39","slug":"nous-contacter","status":"publish","type":"page","link":"https:\/\/isbw.be\/institution\/nous-contacter\/","title":{"rendered":"Nous contacter"},"content":{"rendered":"<div id=\"pl-334\" class=\"panel-layout\">\n<div id=\"pg-334-0\" class=\"panel-grid panel-has-style\" data-style=\"{&quot;id&quot;:&quot;Bkg2 &quot;,&quot;mobile_css&quot;:&quot;background-image:none!important;&quot;,&quot;padding&quot;:&quot;0em 0em 2em 0em&quot;,&quot;background_image_attachment&quot;:&quot;873&quot;,&quot;background_image_attachment_fallback&quot;:false,&quot;background_display&quot;:&quot;cover&quot;,&quot;bottom_margin&quot;:&quot;0px&quot;,&quot;gutter&quot;:&quot;0px&quot;,&quot;row_stretch&quot;:&quot;full&quot;,&quot;cell_alignment&quot;:&quot;flex-start&quot;}\" data-ratio=\"1\" data-ratio-direction=\"right\">\n<div id=\"Bkg2\" class=\"siteorigin-panels-stretch panel-row-style panel-row-style-for-334-0\" data-stretch-type=\"full\">\n<div id=\"pgc-334-0-0\" class=\"panel-grid-cell\" data-weight=\"1\">\n<div id=\"panel-334-0-0-0\" class=\"so-panel widget widget_sow-editor panel-first-child\" data-index=\"0\" data-style=\"{&quot;background_image_attachment&quot;:false,&quot;background_display&quot;:&quot;tile&quot;}\">\n<div class=\"so-widget-sow-editor so-widget-sow-editor-base\">\n<div class=\"siteorigin-widget-tinymce textwidget\">\n<h1><strong>Contactez-nous<\/strong><\/h1>\n<\/div>\n<\/div>\n<\/div>\n<div id=\"panel-334-0-0-1\" class=\"so-panel widget widget_siteorigin-panels-builder panel-last-child\" data-index=\"1\" data-style=\"{&quot;background_image_attachment&quot;:false,&quot;background_display&quot;:&quot;tile&quot;}\">\n<div id=\"pl-w608abfcfebf68\" class=\"panel-layout\">\n<div id=\"pg-w608abfcfebf68-0\" class=\"panel-grid panel-no-style\" data-style=\"{&quot;background_image_attachment&quot;:false,&quot;background_display&quot;:&quot;tile&quot;,&quot;cell_alignment&quot;:&quot;flex-start&quot;}\" data-ratio=\"0.5\" data-ratio-direction=\"left\">\n<div id=\"pgc-w608abfcfebf68-0-0\" class=\"panel-grid-cell panel-grid-cell-empty\" data-weight=\"0.2\"><\/div>\n<div id=\"pgc-w608abfcfebf68-0-1\" class=\"panel-grid-cell\" data-style=\"{&quot;background_image_attachment&quot;:false,&quot;background_display&quot;:&quot;tile&quot;,&quot;vertical_alignment&quot;:&quot;auto&quot;}\" data-weight=\"0.8\">\n<div id=\"panel-w608abfcfebf68-0-1-0\" class=\"so-panel widget widget_siteorigin-panels-builder panel-first-child\" data-index=\"0\" data-style=\"{&quot;background_image_attachment&quot;:false,&quot;background_display&quot;:&quot;tile&quot;}\">\n<div id=\"pl-w608abfcfebf70\" class=\"panel-layout\">\n<div id=\"pg-w608abfcfebf70-0\" class=\"panel-grid panel-has-style\" data-style=\"{&quot;background&quot;:&quot;#ffffff&quot;,&quot;background_image_attachment&quot;:false,&quot;background_display&quot;:&quot;tile&quot;,&quot;cell_alignment&quot;:&quot;flex-start&quot;}\" data-ratio=\"0.33333333\" data-ratio-direction=\"right\">\n<div class=\"panel-row-style panel-row-style-for-w608abfcfebf70-0\">\n<div id=\"pgc-w608abfcfebf70-0-0\" class=\"panel-grid-cell\" data-style=\"{&quot;background_image_attachment&quot;:false,&quot;background_display&quot;:&quot;tile&quot;,&quot;vertical_alignment&quot;:&quot;auto&quot;}\" data-weight=\"0.6\">\n<div id=\"panel-w608abfcfebf70-0-0-0\" class=\"so-panel widget widget_sow-editor panel-first-child panel-last-child\" data-index=\"0\" data-style=\"{&quot;background_image_attachment&quot;:false,&quot;background_display&quot;:&quot;tile&quot;}\">\n<div class=\"so-widget-sow-editor so-widget-sow-editor-base\">\n<div class=\"siteorigin-widget-tinymce textwidget\">\n<p style=\"padding-left: 30px;\"><strong>Intercommunale Sociale du Brabant Wallon<\/strong>,<\/p>\n<p style=\"padding-left: 90px;\">Si\u00e8ge social : Rue du Cerf n\u00b0 200, 1332 Rixensart<\/p>\n<p style=\"padding-left: 90px;\">Courriel : info@isbw.be<br \/>\nT\u00e9l\u00e9phone : <a href=\"tel:+3223151351\">02 \u2013 315 . 13 . 51<\/a><\/p>\n<\/div>\n<\/div>\n<\/div>\n<\/div>\n<div id=\"pgc-w608abfcfebf70-0-1\" class=\"panel-grid-cell\" data-style=\"{&quot;background_image_attachment&quot;:false,&quot;background_display&quot;:&quot;tile&quot;,&quot;vertical_alignment&quot;:&quot;center&quot;}\" data-weight=\"0.4\">\n<div id=\"panel-w608abfcfebf70-0-1-0\" class=\"so-panel widget widget_sow-button panel-first-child panel-last-child\" data-index=\"1\" data-style=\"{&quot;background_image_attachment&quot;:false,&quot;background_display&quot;:&quot;tile&quot;}\"><div\n\t\t\t\n\t\t\tclass=\"so-widget-sow-button so-widget-sow-button-flat-1e520deaaef8\"\n\t\t\t\n\t\t><div class=\"ow-button-base ow-button-align-center\"\n>\n\t\t\t<a\n\t\t\t\tclass=\"sowb-button ow-icon-placement-left ow-button-hover\" \t>\n\t\t<span>\n\t\t\t\n\t\t\t\t\t<\/span>\n\t\t\t<\/a>\n\t<\/div>\n<\/div><\/div>\n<\/div>\n<\/div>\n<\/div>\n<\/div>\n<\/div>\n<div id=\"panel-w608abfcfebf68-0-1-1\" class=\"so-panel widget widget_siteorigin-panels-builder panel-last-child\" data-index=\"1\" data-style=\"{&quot;background_image_attachment&quot;:false,&quot;background_display&quot;:&quot;tile&quot;}\">\n<div id=\"pl-w608abfcfec07e\" class=\"panel-layout\">\n<div id=\"pg-w608abfcfec07e-0\" class=\"panel-grid panel-has-style\" data-style=\"{&quot;background&quot;:&quot;#ffffff&quot;,&quot;background_image_attachment&quot;:false,&quot;background_display&quot;:&quot;tile&quot;,&quot;cell_alignment&quot;:&quot;flex-start&quot;}\" data-ratio=\"1\" data-ratio-direction=\"right\">\n<div class=\"panel-row-style panel-row-style-for-w608abfcfec07e-0\">\n<div id=\"pgc-w608abfcfec07e-0-0\" class=\"panel-grid-cell\" data-weight=\"1\">\n<div id=\"panel-w608abfcfec07e-0-0-0\" class=\"so-panel widget widget_sow-editor panel-first-child\" data-index=\"0\" data-style=\"{&quot;background_image_attachment&quot;:false,&quot;background_display&quot;:&quot;tile&quot;,&quot;margin&quot;:&quot;0em 0em -2em 0em&quot;}\">\n<div class=\"so-widget-sow-editor so-widget-sow-editor-base\">\n<div class=\"siteorigin-widget-tinymce textwidget\">\n<p style=\"padding-left: 30px;\"><b>Vous pouvez nous envoyer un courriel par l&rsquo;interm\u00e9diaire du formulaire ci-dessous&#8230;<br \/>\n<\/b><span style=\"color: #ff0000;\"><strong><span style=\"font-size: 10pt;\">Toutes les rubriques doivent imp\u00e9rativement \u00eatre compl\u00e9t\u00e9es.<\/span><\/strong><\/span><\/p>\n<\/div>\n<\/div>\n<\/div>\n<div id=\"panel-w608abfcfec07e-0-0-1\" class=\"so-panel widget widget_sow-editor panel-last-child\" data-index=\"1\" data-style=\"{&quot;padding&quot;:&quot;1em 3em 2em 10em&quot;,&quot;background_image_attachment&quot;:false,&quot;background_display&quot;:&quot;tile&quot;}\">\n<div class=\"panel-widget-style panel-widget-style-for-w608abfcfec07e-0-0-1\">\n<div class=\"so-widget-sow-editor so-widget-sow-editor-base\">\n<div class=\"siteorigin-widget-tinymce textwidget\">[contact-form-7 id=\u00a0\u00bb693&Prime; title=\u00a0\u00bbFormulaire de contact\u00a0\u00bb]<\/div>\n<\/div>\n<\/div>\n<\/div>\n<\/div>\n<\/div>\n<\/div>\n<\/div>\n<\/div>\n<\/div>\n<\/div>\n<\/div>\n<\/div>\n<\/div>\n<\/div>\n<\/div>\n<div id=\"pg-334-1\" class=\"panel-grid panel-has-style\" data-style=\"{&quot;background&quot;:&quot;#e2e2e2&quot;,&quot;background_image_attachment&quot;:false,&quot;background_display&quot;:&quot;tile&quot;,&quot;row_stretch&quot;:&quot;full&quot;,&quot;cell_alignment&quot;:&quot;flex-start&quot;}\">\n<div class=\"siteorigin-panels-stretch panel-row-style panel-row-style-for-334-1\" data-stretch-type=\"full\">\n<div id=\"pgc-334-1-0\" class=\"panel-grid-cell\" data-weight=\"1\">\n<div id=\"panel-334-1-0-0\" class=\"so-panel widget widget_siteorigin-panels-builder panel-first-child panel-last-child\" data-index=\"2\" data-style=\"{&quot;background_image_attachment&quot;:false,&quot;background_display&quot;:&quot;tile&quot;}\">\n<div id=\"pl-w608abf9a15fe1\" class=\"panel-layout\">\n<div id=\"pg-w608abf9a15fe1-0\" class=\"panel-grid panel-has-style\" data-style=\"{&quot;padding&quot;:&quot;1em 0em 0em 0em&quot;,&quot;background_image_attachment&quot;:false,&quot;background_display&quot;:&quot;tile&quot;,&quot;cell_alignment&quot;:&quot;flex-start&quot;}\" data-ratio=\"1\" data-ratio-direction=\"right\">\n<div class=\"panel-row-style panel-row-style-for-w608abf9a15fe1-0\">\n<div id=\"pgc-w608abf9a15fe1-0-0\" class=\"panel-grid-cell panel-grid-cell-empty\" data-weight=\"0.2\"><\/div>\n<div id=\"pgc-w608abf9a15fe1-0-1\" class=\"panel-grid-cell panel-grid-cell-empty\" data-weight=\"0.2\"><\/div>\n<div id=\"pgc-w608abf9a15fe1-0-2\" class=\"panel-grid-cell panel-grid-cell-empty\" data-weight=\"0.2\"><\/div>\n<div id=\"pgc-w608abf9a15fe1-0-3\" class=\"panel-grid-cell panel-grid-cell-empty\" data-weight=\"0.2\"><\/div>\n<div id=\"pgc-w608abf9a15fe1-0-4\" class=\"panel-grid-cell\" data-weight=\"0.2\">\n<div id=\"panel-w608abf9a15fe1-0-4-0\" class=\"so-panel widget widget_sow-button panel-first-child panel-last-child\" data-index=\"0\" data-style=\"{&quot;background_image_attachment&quot;:false,&quot;background_display&quot;:&quot;tile&quot;}\"><div\n\t\t\t\n\t\t\tclass=\"so-widget-sow-button so-widget-sow-button-flat-1e520deaaef8\"\n\t\t\t\n\t\t><div class=\"ow-button-base ow-button-align-center\"\n>\n\t\t\t<a\n\t\t\t\tclass=\"sowb-button ow-icon-placement-left ow-button-hover\" \t>\n\t\t<span>\n\t\t\t\n\t\t\t\t\t<\/span>\n\t\t\t<\/a>\n\t<\/div>\n<\/div><\/div>\n<\/div>\n<\/div>\n<\/div>\n<\/div>\n<\/div>\n<\/div>\n<\/div>\n<\/div>\n<\/div>\n","protected":false},"excerpt":{"rendered":"<p>Contactez-nous Intercommunale Sociale du Brabant Wallon, Si\u00e8ge social : Rue du Cerf n\u00b0 200, 1332 Rixensart Courriel : info@isbw.be T\u00e9l\u00e9phone : 02 \u2013 315 . 13 . 51 Vous pouvez nous envoyer un courriel par l&rsquo;interm\u00e9diaire du formulaire ci-dessous&#8230; Toutes les rubriques doivent imp\u00e9rativement \u00eatre compl\u00e9t\u00e9es. [contact-form-7 id=\u00a0\u00bb693&Prime; title=\u00a0\u00bbFormulaire de contact\u00a0\u00bb]<\/p>\n","protected":false},"author":1,"featured_media":0,"parent":0,"menu_order":0,"comment_status":"closed","ping_status":"closed","template":"","meta":{"footnotes":""},"class_list":["post-334","page","type-page","status-publish","czr-hentry"],"_links":{"self":[{"href":"https:\/\/isbw.be\/institution\/wp-json\/wp\/v2\/pages\/334","targetHints":{"allow":["GET"]}}],"collection":[{"href":"https:\/\/isbw.be\/institution\/wp-json\/wp\/v2\/pages"}],"about":[{"href":"https:\/\/isbw.be\/institution\/wp-json\/wp\/v2\/types\/page"}],"author":[{"embeddable":true,"href":"https:\/\/isbw.be\/institution\/wp-json\/wp\/v2\/users\/1"}],"replies":[{"embeddable":true,"href":"https:\/\/isbw.be\/institution\/wp-json\/wp\/v2\/comments?post=334"}],"version-history":[{"count":55,"href":"https:\/\/isbw.be\/institution\/wp-json\/wp\/v2\/pages\/334\/revisions"}],"predecessor-version":[{"id":1054,"href":"https:\/\/isbw.be\/institution\/wp-json\/wp\/v2\/pages\/334\/revisions\/1054"}],"wp:attachment":[{"href":"https:\/\/isbw.be\/institution\/wp-json\/wp\/v2\/media?parent=334"}],"curies":[{"name":"wp","href":"https:\/\/api.w.org\/{rel}","templated":true}]}}