{"id":814,"date":"2020-10-16T15:05:21","date_gmt":"2020-10-16T13:05:21","guid":{"rendered":"http:\/\/isbw.be\/institution\/?page_id=814"},"modified":"2025-06-26T16:48:08","modified_gmt":"2025-06-26T14:48:08","slug":"composition-du-comite-dadministration","status":"publish","type":"page","link":"https:\/\/isbw.be\/institution\/nos-organes-de-gestion\/composition-du-comite-dadministration\/","title":{"rendered":"Composition du Conseil d&rsquo;administration"},"content":{"rendered":"<div id=\"pl-814\"  class=\"panel-layout\" ><div id=\"pg-814-0\"  class=\"panel-grid panel-has-style\" ><div class=\"siteorigin-panels-stretch panel-row-style panel-row-style-for-814-0\" id=\"Bkg2\" data-stretch-type=\"full\" ><div id=\"pgc-814-0-0\"  class=\"panel-grid-cell\" ><div id=\"panel-814-0-0-0\" class=\"so-panel widget widget_siteorigin-panels-builder panel-first-child panel-last-child\" data-index=\"0\" ><div id=\"pl-w685d5d6ce9388\"  class=\"panel-layout\" ><div id=\"pg-w685d5d6ce9388-0\"  class=\"panel-grid panel-no-style\" ><div id=\"pgc-w685d5d6ce9388-0-0\"  class=\"panel-grid-cell\" ><div id=\"panel-w685d5d6ce9388-0-0-0\" class=\"so-panel widget widget_sow-editor panel-first-child panel-last-child\" data-index=\"0\" ><div\n\t\t\t\n\t\t\tclass=\"so-widget-sow-editor so-widget-sow-editor-base\"\n\t\t\t\n\t\t>\n<div class=\"siteorigin-widget-tinymce textwidget\">\n\t<h1><strong>Composition du Conseil d'administration<\/strong><\/h1>\n<div id=\"gtx-trans\" style=\"position: absolute; left: 315px; top: 64.4375px;\">\n<div class=\"gtx-trans-icon\"><\/div>\n<\/div>\n<\/div>\n<\/div><\/div><\/div><\/div><div id=\"pg-w685d5d6ce9388-1\"  class=\"panel-grid panel-no-style\" ><div id=\"pgc-w685d5d6ce9388-1-0\"  class=\"panel-grid-cell panel-grid-cell-empty\" ><\/div><div id=\"pgc-w685d5d6ce9388-1-1\"  class=\"panel-grid-cell\" ><div id=\"panel-w685d5d6ce9388-1-1-0\" class=\"so-panel widget widget_sow-editor panel-first-child panel-last-child\" data-index=\"1\" ><div class=\"BlocTexteDeco panel-widget-style panel-widget-style-for-w685d5d6ce9388-1-1-0\" ><div\n\t\t\t\n\t\t\tclass=\"so-widget-sow-editor so-widget-sow-editor-base\"\n\t\t\t\n\t\t>\n<div class=\"siteorigin-widget-tinymce textwidget\">\n\t<h3><a id=\"INSTorganesgestionCA\"><\/a>Le Conseil d'administration se compose comme suit :<\/h3>\n<p style=\"padding-left: 40px;\"><strong>9 repr\u00e9sentants de la Province du Brabant wallon d\u00e9sign\u00e9s par le Conseil provincial<\/strong>\u00a0:<\/p>\n<ul>\n<li style=\"list-style-type: none;\">\n<ul>\n<li>Madame CHENOY Marie-C\u00e9line<\/li>\n<li>Madame OLEFFE S\u00e9verine<\/li>\n<li>Monsieur CAMBRON Carl<\/li>\n<li>Monsieur TORDOIR Joseph<\/li>\n<li>Monsieur BURTON Emmanuel<\/li>\n<li>Madame SEMAILLE Laurie<\/li>\n<li>Madame BURY St\u00e9phanie<\/li>\n<li>Madame AGAPITOS Sophie<\/li>\n<li>Monsieur VERTE C\u00e9dric<\/li>\n<\/ul>\n<\/li>\n<\/ul>\n<p style=\"padding-left: 40px;\"><strong>11 repr\u00e9sentants des Communes :<\/strong><\/p>\n<ul>\n<li style=\"list-style-type: none;\">\n<ul>\n<li>Madame ADAM Anne-Marie (Wavre)<\/li>\n<li>Monsieur DE RO Bernard (Nivelles)<\/li>\n<li>Monsieur AGOSTI Gilles (Wavre)<\/li>\n<li>Monsieur SZUMA Be Rapha\u00ebl (Waterloo)<\/li>\n<li>Monsieur PIRART Ga\u00ebtan (Rixensart)<\/li>\n<li>Monsieur MISRA Ravi (Dion-le-Mont)<\/li>\n<li>Madame DESTAT Agathe (Orp-Jauche)<\/li>\n<li>Madame DAMS Julie (Perwez)<\/li>\n<li>Monsieur LAMBERT Arthur (Wavre)<\/li>\n<li>Madame SALPETIER Nadia (Court-Saint-Etienne)<\/li>\n<li>Madame PEETERBROECK Fran\u00e7oise (Ittre)<\/li>\n<\/ul>\n<\/li>\n<\/ul>\n<\/div>\n<\/div><\/div><\/div><\/div><\/div><div id=\"pg-w685d5d6ce9388-2\"  class=\"panel-grid panel-no-style\" ><div id=\"pgc-w685d5d6ce9388-2-0\"  class=\"panel-grid-cell panel-grid-cell-empty\" ><\/div><div id=\"pgc-w685d5d6ce9388-2-1\"  class=\"panel-grid-cell\" ><div id=\"panel-w685d5d6ce9388-2-1-0\" class=\"so-panel widget widget_sow-editor panel-first-child panel-last-child\" data-index=\"2\" ><div class=\"panel-widget-style panel-widget-style-for-w685d5d6ce9388-2-1-0\" ><div\n\t\t\t\n\t\t\tclass=\"so-widget-sow-editor so-widget-sow-editor-base\"\n\t\t\t\n\t\t>\n<div class=\"siteorigin-widget-tinymce textwidget\">\n\t<h3><a id=\"INSTorganesgestionContact\"><\/a>Contact<\/h3>\n<p style=\"text-align: left; padding-left: 30px;\">Intercommunale Sociale du Brabant Wallon<br \/>\nSi\u00e8ge social : Rue du Cerf 200, 1332 Rixensart<br \/>\nCourriel : <span style=\"color: #000000;\"><a style=\"color: #000000;\" href=\"mailto:info@isbw.be\">info@isbw.be<\/a><\/span><br \/>\nT\u00e9l\u00e9phone : <span style=\"color: #000000;\"><a style=\"color: #000000;\" href=\"tel:+3223151351\">02 - 315.13.51<\/a><\/span><\/p>\n<\/div>\n<\/div><\/div><\/div><\/div><\/div><\/div><\/div><\/div><\/div><\/div><div id=\"pg-814-1\"  class=\"panel-grid panel-has-style\" ><div class=\"siteorigin-panels-stretch panel-row-style panel-row-style-for-814-1\" data-stretch-type=\"full\" ><div id=\"pgc-814-1-0\"  class=\"panel-grid-cell\" ><div id=\"panel-814-1-0-0\" class=\"so-panel widget widget_siteorigin-panels-builder panel-first-child panel-last-child\" data-index=\"1\" ><div id=\"pl-w5f899ab5bd3db\"  class=\"panel-layout\" ><div id=\"pg-w5f899ab5bd3db-0\"  class=\"panel-grid panel-has-style\" ><div class=\"panel-row-style panel-row-style-for-w5f899ab5bd3db-0\" ><div id=\"pgc-w5f899ab5bd3db-0-0\"  class=\"panel-grid-cell panel-grid-cell-empty\" ><\/div><div id=\"pgc-w5f899ab5bd3db-0-1\"  class=\"panel-grid-cell panel-grid-cell-empty\" ><\/div><div id=\"pgc-w5f899ab5bd3db-0-2\"  class=\"panel-grid-cell panel-grid-cell-empty\" ><\/div><div id=\"pgc-w5f899ab5bd3db-0-3\"  class=\"panel-grid-cell panel-grid-cell-empty\" ><\/div><div id=\"pgc-w5f899ab5bd3db-0-4\"  class=\"panel-grid-cell\" ><div id=\"panel-w5f899ab5bd3db-0-4-0\" class=\"so-panel widget widget_sow-button panel-first-child panel-last-child\" data-index=\"0\" ><div\n\t\t\t\n\t\t\tclass=\"so-widget-sow-button so-widget-sow-button-flat-de31a69c3823\"\n\t\t\t\n\t\t><div class=\"ow-button-base ow-button-align-right\"\n>\n\t\t\t<a\n\t\t\t\t\thref=\"https:\/\/isbw.be\/institution\/nos-organes-de-gestion#INSTorganesgestionCA\"\n\t\t\t\t\tclass=\"sowb-button ow-icon-placement-left ow-button-hover\" title=\"vers Page d&#039;accueil\" \t>\n\t\t<span>\n\t\t\t<span class=\"sow-icon-ionicons\" data-sow-icon=\"&#xf3cf;\"\n\t\tstyle=\"\" \n\t\taria-hidden=\"true\"><\/span>\n\t\t\t\t\t<\/span>\n\t\t\t<\/a>\n\t<\/div>\n<\/div><\/div><\/div><\/div><\/div><\/div><\/div><\/div><\/div><\/div><\/div>","protected":false},"excerpt":{"rendered":"<p>Composition du Conseil d&rsquo;administration Le Conseil d&rsquo;administration se compose comme suit : 9 repr\u00e9sentants de la Province du Brabant wallon d\u00e9sign\u00e9s par le Conseil provincial\u00a0: Madame CHENOY Marie-C\u00e9line Madame OLEFFE S\u00e9verine Monsieur CAMBRON Carl Monsieur TORDOIR Joseph Monsieur BURTON Emmanuel Madame SEMAILLE Laurie Madame BURY St\u00e9phanie Madame AGAPITOS Sophie Monsieur VERTE C\u00e9dric 11 repr\u00e9sentants des [&hellip;]<\/p>\n","protected":false},"author":1,"featured_media":0,"parent":278,"menu_order":0,"comment_status":"closed","ping_status":"closed","template":"","meta":{"footnotes":""},"class_list":["post-814","page","type-page","status-publish","czr-hentry"],"_links":{"self":[{"href":"https:\/\/isbw.be\/institution\/wp-json\/wp\/v2\/pages\/814","targetHints":{"allow":["GET"]}}],"collection":[{"href":"https:\/\/isbw.be\/institution\/wp-json\/wp\/v2\/pages"}],"about":[{"href":"https:\/\/isbw.be\/institution\/wp-json\/wp\/v2\/types\/page"}],"author":[{"embeddable":true,"href":"https:\/\/isbw.be\/institution\/wp-json\/wp\/v2\/users\/1"}],"replies":[{"embeddable":true,"href":"https:\/\/isbw.be\/institution\/wp-json\/wp\/v2\/comments?post=814"}],"version-history":[{"count":30,"href":"https:\/\/isbw.be\/institution\/wp-json\/wp\/v2\/pages\/814\/revisions"}],"predecessor-version":[{"id":1267,"href":"https:\/\/isbw.be\/institution\/wp-json\/wp\/v2\/pages\/814\/revisions\/1267"}],"up":[{"embeddable":true,"href":"https:\/\/isbw.be\/institution\/wp-json\/wp\/v2\/pages\/278"}],"wp:attachment":[{"href":"https:\/\/isbw.be\/institution\/wp-json\/wp\/v2\/media?parent=814"}],"curies":[{"name":"wp","href":"https:\/\/api.w.org\/{rel}","templated":true}]}}