{"id":1674,"date":"2020-03-16T12:07:20","date_gmt":"2020-03-16T11:07:20","guid":{"rendered":"http:\/\/isbw.be\/professionnel\/?page_id=1674"},"modified":"2023-03-15T15:08:17","modified_gmt":"2023-03-15T14:08:17","slug":"mentions-legales","status":"publish","type":"page","link":"https:\/\/isbw.be\/professionnel\/mentions-legales\/","title":{"rendered":"Mentions l\u00e9gales"},"content":{"rendered":"<div id=\"pl-1674\"  class=\"panel-layout\" ><div id=\"pg-1674-0\"  class=\"panel-grid panel-has-style\" ><div class=\"siteorigin-panels-stretch panel-row-style panel-row-style-for-1674-0\" id=\"Bkg2\" data-stretch-type=\"full\" ><div id=\"pgc-1674-0-0\"  class=\"panel-grid-cell\" ><div id=\"panel-1674-0-0-0\" class=\"so-panel widget widget_siteorigin-panels-builder panel-first-child panel-last-child\" data-index=\"0\" ><div id=\"pl-w608aafb045dcf\"  class=\"panel-layout\" ><div id=\"pg-w608aafb045dcf-0\"  class=\"panel-grid panel-no-style\" ><div id=\"pgc-w608aafb045dcf-0-0\"  class=\"panel-grid-cell\" ><div id=\"panel-w608aafb045dcf-0-0-0\" class=\"so-panel widget widget_sow-editor panel-first-child panel-last-child\" data-index=\"0\" ><div\n\t\t\t\n\t\t\tclass=\"so-widget-sow-editor so-widget-sow-editor-base\"\n\t\t\t\n\t\t>\n<div class=\"siteorigin-widget-tinymce textwidget\">\n\t<h1><strong>Mentions l\u00e9gales<\/strong><\/h1>\n<div id=\"gtx-trans\" style=\"position: absolute; left: -12px; top: 64.4375px;\">\n<div class=\"gtx-trans-icon\"><\/div>\n<\/div>\n<\/div>\n<\/div><\/div><\/div><\/div><div id=\"pg-w608aafb045dcf-1\"  class=\"panel-grid panel-has-style\" ><div class=\"Titrenonbouton panel-row-style panel-row-style-for-w608aafb045dcf-1\" ><div id=\"pgc-w608aafb045dcf-1-0\"  class=\"panel-grid-cell\" ><div id=\"panel-w608aafb045dcf-1-0-0\" class=\"so-panel widget widget_sow-icon panel-first-child panel-last-child\" data-index=\"1\" ><div\n\t\t\t\n\t\t\tclass=\"so-widget-sow-icon so-widget-sow-icon-default-bea670614984\"\n\t\t\t\n\t\t>\n<div class=\"sow-icon-container sow-icon\">\n\t\t\t<span class=\"sow-icon-fontawesome sow-fas\" data-sow-icon=\"&#xf0a9;\"\n\t\t \n\t\taria-hidden=\"true\"><\/span>\t<\/div>\n<\/div><\/div><\/div><div id=\"pgc-w608aafb045dcf-1-1\"  class=\"panel-grid-cell\" ><div id=\"panel-w608aafb045dcf-1-1-0\" class=\"so-panel widget widget_sow-editor panel-first-child panel-last-child\" data-index=\"2\" ><div\n\t\t\t\n\t\t\tclass=\"so-widget-sow-editor so-widget-sow-editor-base\"\n\t\t\t\n\t\t>\n<div class=\"siteorigin-widget-tinymce textwidget\">\n\t<h2><strong>Qu'en est-il ?<\/strong><\/h2>\n<div id=\"gtx-trans\" style=\"position: absolute; left: -23px; top: 51.9063px;\">\n<div class=\"gtx-trans-icon\"><\/div>\n<\/div>\n<\/div>\n<\/div><\/div><\/div><\/div><\/div><div id=\"pg-w608aafb045dcf-2\"  class=\"panel-grid panel-has-style\" ><div class=\"Titrenonbouton panel-row-style panel-row-style-for-w608aafb045dcf-2\" ><div id=\"pgc-w608aafb045dcf-2-0\"  class=\"panel-grid-cell panel-grid-cell-empty\" ><\/div><div id=\"pgc-w608aafb045dcf-2-1\"  class=\"panel-grid-cell\" ><div id=\"panel-w608aafb045dcf-2-1-0\" class=\"so-panel widget widget_sow-editor panel-first-child panel-last-child\" data-index=\"3\" ><div class=\"BlocTexteDeco panel-widget-style panel-widget-style-for-w608aafb045dcf-2-1-0\" ><div\n\t\t\t\n\t\t\tclass=\"so-widget-sow-editor so-widget-sow-editor-base\"\n\t\t\t\n\t\t>\n<div class=\"siteorigin-widget-tinymce textwidget\">\n\t<h3>Notice l\u00e9gale<\/h3>\n<p style=\"padding-left: 40px;\">Les dispositions de la pr\u00e9sente notice l\u00e9gale s\u2019appliquent \u00e0 tous les visiteurs de ce site Internet.<\/p>\n<p style=\"padding-left: 40px;\">Le pr\u00e9sent site vise \u00e0 promouvoir l\u2019acc\u00e8s du public \u00e0 l\u2019information sur les activit\u00e9s de l\u2019ISBW. Il est destin\u00e9 aux usagers actuels ou futurs mais aussi aux professionnels des secteurs d\u2019activit\u00e9s dans lesquels l\u2019Intercommunale sociale du Brabant wallon est active ainsi qu\u2019aux pouvoirs locaux partenaires et aux membres des organes de gestion.<br \/>\nBien que l\u2019ISBW s\u2019efforce de fournir des informations qu\u2019elle estime \u00eatre \u00e0 jour et exactes, elle ne peut garantir que le site soit exhaustif et que toutes les informations fournies soient ad\u00e9quates, et compl\u00e8tes. Elle ne peut \u00eatre tenue pour responsable des \u00e9ventuelles erreurs qui s\u2019y trouveraient.<br \/>\nEn aucun cas la responsabilit\u00e9 de l\u2019ISBW ne pourra \u00eatre mise en cause du fait de l\u2019utilisation des informations fournies sur ce site, ou provenant d\u2019autres sites vers lesquels il renvoie, ou de l\u2019absence d\u2019information sp\u00e9cifique.<\/p>\n<p style=\"padding-left: 40px;\">L\u2019utilisation du masculin ou du f\u00e9minin n\u2019est en aucun cas une exclusive. Pour des raisons de lisibilit\u00e9 du site, nous avons choisi de ne pas utiliser l\u2019\u00e9criture inclusive. Le choix d\u2019un d\u00e9terminant f\u00e9minin ou masculin a, \u00e0 chaque fois, \u00e9t\u00e9 d\u00e9fini par l\u2019usage langagier le plus courant (ex : animateur plut\u00f4t qu\u2019animatrice extrascolaire ; accueillante plut\u00f4t qu\u2019accueillant d\u2019enfant). L\u2019usage du neutre n\u2019existant pas dans la langue fran\u00e7aise et les professions exerc\u00e9es \u00e0 l\u2019ISBW ne pouvant \u00eatre traduites par des noms \u00e9pic\u00e8nes, nous avons choisi cette option de formulation afin de nous harmoniser avec les usages pratiqu\u00e9s dans nos secteurs d\u2019activit\u00e9. En aucun cas, cette option ne pourra \u00eatre consid\u00e9r\u00e9e comme une forme de discrimination.<\/p>\n<p style=\"padding-left: 40px;\">L\u2019ISBW tente d\u2019assurer une disponibilit\u00e9 maximale et continue de son site. Il n\u2019est cependant pas \u00e0 l\u2019abri d\u2019une d\u00e9faillance technique et d\u00e9cline \u00e9galement toute responsabilit\u00e9 en cas d\u2019indisponibilit\u00e9 du site internet, quelle que soit la dur\u00e9e de celle-ci.<\/p>\n<\/div>\n<\/div><\/div><\/div><\/div><\/div><\/div><div id=\"pg-w608aafb045dcf-3\"  class=\"panel-grid panel-has-style\" ><div class=\"Titrenonbouton panel-row-style panel-row-style-for-w608aafb045dcf-3\" ><div id=\"pgc-w608aafb045dcf-3-0\"  class=\"panel-grid-cell panel-grid-cell-empty\" ><\/div><div id=\"pgc-w608aafb045dcf-3-1\"  class=\"panel-grid-cell\" ><div id=\"panel-w608aafb045dcf-3-1-0\" class=\"so-panel widget widget_sow-editor panel-first-child panel-last-child\" data-index=\"4\" ><div class=\"BlocTexteDeco panel-widget-style panel-widget-style-for-w608aafb045dcf-3-1-0\" ><div\n\t\t\t\n\t\t\tclass=\"so-widget-sow-editor so-widget-sow-editor-base\"\n\t\t\t\n\t\t>\n<div class=\"siteorigin-widget-tinymce textwidget\">\n\t<h3>Protection des droits intellectuels sur le site et son contenu<\/h3>\n<p style=\"padding-left: 40px;\">Conform\u00e9ment aux dispositions de la loi du 30 juin 1994 relative au droit d\u2019auteur et aux droits voisins, vous avez le droit de t\u00e9l\u00e9charger et de reproduire les informations figurant sur ce site pour usage personnel.<\/p>\n<p style=\"padding-left: 40px;\">L\u2019ISBW se r\u00e9serve tous les droits de propri\u00e9t\u00e9 intellectuelle sur le site ainsi que sur les informations qui y sont mises \u00e0 disposition, notamment les photographies et les cartes.<\/p>\n<p style=\"padding-left: 40px;\">Nous attirons votre attention sur le fait que les marques et logos qui sont utilis\u00e9s sur notre site le sont avec l\u2019accord de leurs propri\u00e9taires. Ceux-ci peuvent \u00eatre prot\u00e9g\u00e9s par des droits de propri\u00e9t\u00e9s. Par cons\u00e9quent ils ne peuvent \u00eatre utilis\u00e9s sans l\u2019accord de ceux-ci.<\/p>\n<\/div>\n<\/div><\/div><\/div><\/div><\/div><\/div><div id=\"pg-w608aafb045dcf-4\"  class=\"panel-grid panel-has-style\" ><div class=\"Titrenonbouton panel-row-style panel-row-style-for-w608aafb045dcf-4\" ><div id=\"pgc-w608aafb045dcf-4-0\"  class=\"panel-grid-cell panel-grid-cell-empty\" ><\/div><div id=\"pgc-w608aafb045dcf-4-1\"  class=\"panel-grid-cell\" ><div id=\"panel-w608aafb045dcf-4-1-0\" class=\"so-panel widget widget_sow-editor panel-first-child panel-last-child\" data-index=\"5\" ><div class=\"BlocTexteDeco panel-widget-style panel-widget-style-for-w608aafb045dcf-4-1-0\" ><div\n\t\t\t\n\t\t\tclass=\"so-widget-sow-editor so-widget-sow-editor-base\"\n\t\t\t\n\t\t>\n<div class=\"siteorigin-widget-tinymce textwidget\">\n\t<h3><strong>Protection de la vie priv\u00e9e<\/strong><\/h3>\n<p style=\"padding-left: 40px;\">Un D\u00e9l\u00e9gu\u00e9 \u00e0 la Protection des Donn\u00e9es a \u00e9t\u00e9 d\u00e9sign\u00e9 \u00e0 l\u2019ISBW, notamment pour r\u00e9pondre \u00e0 toutes questions relatives au traitement de donn\u00e9es \u00e0 caract\u00e8re personnel et \u00e0 l\u2019exercice des droits en la mati\u00e8re.<br \/>\n<span style=\"color: #000000;\"><a style=\"color: #000000;\" href=\"https:\/\/isbw.be\/professionnel\/reglement-general-sur-la-protection-des-donnees\/\">Vous trouverez plus d'informations sur la page d\u00e9di\u00e9e \u00e0 ce sujet<\/a>.<\/span><\/p>\n<\/div>\n<\/div><\/div><\/div><\/div><\/div><\/div><\/div><\/div><\/div><\/div><\/div><div id=\"pg-1674-1\"  class=\"panel-grid panel-has-style\" ><div class=\"siteorigin-panels-stretch panel-row-style panel-row-style-for-1674-1\" data-stretch-type=\"full\" ><div id=\"pgc-1674-1-0\"  class=\"panel-grid-cell\" ><div id=\"panel-1674-1-0-0\" class=\"so-panel widget widget_siteorigin-panels-builder panel-first-child panel-last-child\" data-index=\"1\" ><div id=\"pl-w5c5c30898be4d\"  class=\"panel-layout\" ><div id=\"pg-w5c5c30898be4d-0\"  class=\"panel-grid panel-has-style\" ><div class=\"panel-row-style panel-row-style-for-w5c5c30898be4d-0\" ><div id=\"pgc-w5c5c30898be4d-0-0\"  class=\"panel-grid-cell panel-grid-cell-empty\" ><\/div><div id=\"pgc-w5c5c30898be4d-0-1\"  class=\"panel-grid-cell panel-grid-cell-empty\" ><\/div><div id=\"pgc-w5c5c30898be4d-0-2\"  class=\"panel-grid-cell panel-grid-cell-empty\" ><\/div><div id=\"pgc-w5c5c30898be4d-0-3\"  class=\"panel-grid-cell panel-grid-cell-empty\" ><\/div><div id=\"pgc-w5c5c30898be4d-0-4\"  class=\"panel-grid-cell\" ><div id=\"panel-w5c5c30898be4d-0-4-0\" class=\"so-panel widget widget_sow-button panel-first-child panel-last-child\" data-index=\"0\" ><div\n\t\t\t\n\t\t\tclass=\"so-widget-sow-button so-widget-sow-button-flat-de31a69c3823\"\n\t\t\t\n\t\t><div class=\"ow-button-base ow-button-align-right\"\n>\n\t\t\t<a\n\t\t\t\t\thref=\"https:\/\/isbw.be\/professionnel\/\"\n\t\t\t\t\tclass=\"sowb-button ow-icon-placement-left ow-button-hover\" title=\"vers Page d&#039;accueil\" \t>\n\t\t<span>\n\t\t\t<span class=\"sow-icon-ionicons\" data-sow-icon=\"&#xf38f;\"\n\t\tstyle=\"color: #ffffff\" \n\t\taria-hidden=\"true\"><\/span>\n\t\t\t\t\t<\/span>\n\t\t\t<\/a>\n\t<\/div>\n<\/div><\/div><\/div><\/div><\/div><\/div><\/div><\/div><\/div><\/div><\/div>","protected":false},"excerpt":{"rendered":"<p>Mentions l\u00e9gales Qu&rsquo;en est-il ? Notice l\u00e9gale Les dispositions de la pr\u00e9sente notice l\u00e9gale s\u2019appliquent \u00e0 tous les visiteurs de ce site Internet. Le pr\u00e9sent site vise \u00e0 promouvoir l\u2019acc\u00e8s du public \u00e0 l\u2019information sur les activit\u00e9s de l\u2019ISBW. Il est destin\u00e9 aux usagers actuels ou futurs mais aussi aux professionnels des secteurs d\u2019activit\u00e9s dans [&hellip;]<\/p>\n","protected":false},"author":1,"featured_media":0,"parent":0,"menu_order":0,"comment_status":"closed","ping_status":"closed","template":"","meta":{"footnotes":""},"class_list":["post-1674","page","type-page","status-publish","czr-hentry"],"_links":{"self":[{"href":"https:\/\/isbw.be\/professionnel\/wp-json\/wp\/v2\/pages\/1674","targetHints":{"allow":["GET"]}}],"collection":[{"href":"https:\/\/isbw.be\/professionnel\/wp-json\/wp\/v2\/pages"}],"about":[{"href":"https:\/\/isbw.be\/professionnel\/wp-json\/wp\/v2\/types\/page"}],"author":[{"embeddable":true,"href":"https:\/\/isbw.be\/professionnel\/wp-json\/wp\/v2\/users\/1"}],"replies":[{"embeddable":true,"href":"https:\/\/isbw.be\/professionnel\/wp-json\/wp\/v2\/comments?post=1674"}],"version-history":[{"count":12,"href":"https:\/\/isbw.be\/professionnel\/wp-json\/wp\/v2\/pages\/1674\/revisions"}],"predecessor-version":[{"id":2271,"href":"https:\/\/isbw.be\/professionnel\/wp-json\/wp\/v2\/pages\/1674\/revisions\/2271"}],"wp:attachment":[{"href":"https:\/\/isbw.be\/professionnel\/wp-json\/wp\/v2\/media?parent=1674"}],"curies":[{"name":"wp","href":"https:\/\/api.w.org\/{rel}","templated":true}]}}