{"id":407,"date":"2019-02-08T15:41:23","date_gmt":"2019-02-08T14:41:23","guid":{"rendered":"http:\/\/isbw.be\/professionnel\/?page_id=407"},"modified":"2024-06-06T15:52:59","modified_gmt":"2024-06-06T13:52:59","slug":"le-service-daccueil-extrascolaire-et-plaines-de-vacances","status":"publish","type":"page","link":"https:\/\/isbw.be\/professionnel\/le-service-daccueil-extrascolaire-et-plaines-de-vacances\/","title":{"rendered":"Le Service d&rsquo;accueil extrascolaire et plaines de vacances"},"content":{"rendered":"<div id=\"pl-407\"  class=\"panel-layout\" ><div id=\"pg-407-0\"  class=\"panel-grid panel-has-style\" ><div class=\"siteorigin-panels-stretch panel-row-style panel-row-style-for-407-0\" id=\"Bkg2\" data-stretch-type=\"full\" ><div id=\"pgc-407-0-0\"  class=\"panel-grid-cell\" ><div id=\"panel-407-0-0-0\" class=\"so-panel widget widget_siteorigin-panels-builder panel-first-child panel-last-child\" data-index=\"0\" ><div id=\"pl-w6661bf33b1a9c\"  class=\"panel-layout\" ><div id=\"pg-w6661bf33b1a9c-0\"  class=\"panel-grid panel-no-style\" ><div id=\"pgc-w6661bf33b1a9c-0-0\"  class=\"panel-grid-cell\" ><div id=\"panel-w6661bf33b1a9c-0-0-0\" class=\"so-panel widget widget_sow-editor panel-first-child panel-last-child\" data-index=\"0\" ><div\n\t\t\t\n\t\t\tclass=\"so-widget-sow-editor so-widget-sow-editor-base\"\n\t\t\t\n\t\t>\n<div class=\"siteorigin-widget-tinymce textwidget\">\n\t<h1><strong>D\u00e9partement Accueil de l'enfant de 3 \u00e0 12 ans<\/strong><\/h1>\n<\/div>\n<\/div><\/div><\/div><\/div><div id=\"pg-w6661bf33b1a9c-1\"  class=\"panel-grid panel-has-style\" ><div class=\"Titrenonbouton panel-row-style panel-row-style-for-w6661bf33b1a9c-1\" ><div id=\"pgc-w6661bf33b1a9c-1-0\"  class=\"panel-grid-cell\" ><div id=\"panel-w6661bf33b1a9c-1-0-0\" class=\"so-panel widget widget_sow-icon panel-first-child panel-last-child\" data-index=\"1\" ><div\n\t\t\t\n\t\t\tclass=\"so-widget-sow-icon so-widget-sow-icon-default-bea670614984\"\n\t\t\t\n\t\t>\n<div class=\"sow-icon-container sow-icon\">\n\t\t\t<span class=\"sow-icon-fontawesome sow-fas\" data-sow-icon=\"&#xf0a9;\"\n\t\t \n\t\taria-hidden=\"true\"><\/span>\t<\/div>\n<\/div><\/div><\/div><div id=\"pgc-w6661bf33b1a9c-1-1\"  class=\"panel-grid-cell\" ><div id=\"panel-w6661bf33b1a9c-1-1-0\" class=\"so-panel widget widget_sow-editor panel-first-child panel-last-child\" data-index=\"2\" ><div\n\t\t\t\n\t\t\tclass=\"so-widget-sow-editor so-widget-sow-editor-base\"\n\t\t\t\n\t\t>\n<div class=\"siteorigin-widget-tinymce textwidget\">\n\t<h2>Le Service d'accueil extrascolaire et plaines de vacances<\/h2>\n<\/div>\n<\/div><\/div><\/div><\/div><\/div><div id=\"pg-w6661bf33b1a9c-2\"  class=\"panel-grid panel-has-style\" ><div class=\"Titrenonbouton panel-row-style panel-row-style-for-w6661bf33b1a9c-2\" ><div id=\"pgc-w6661bf33b1a9c-2-0\"  class=\"panel-grid-cell panel-grid-cell-empty\" ><\/div><div id=\"pgc-w6661bf33b1a9c-2-1\"  class=\"panel-grid-cell\" ><div id=\"panel-w6661bf33b1a9c-2-1-0\" class=\"so-panel widget widget_sow-editor panel-first-child panel-last-child\" data-index=\"3\" ><div class=\"panel-widget-style panel-widget-style-for-w6661bf33b1a9c-2-1-0\" ><div\n\t\t\t\n\t\t\tclass=\"so-widget-sow-editor so-widget-sow-editor-base\"\n\t\t\t\n\t\t>\n<div class=\"siteorigin-widget-tinymce textwidget\">\n\t<p style=\"padding-left: 80px;\"><span style=\"color: #000000;\"><a style=\"color: #000000;\" href=\"https:\/\/isbw.be\/professionnel\/le-service-daccueil-extrascolaire-et-plaines-de-vacances#PROsaesQuisommesnous\"><strong>Qui sommes-nous ?<\/strong><\/a><\/span><\/p>\n<p style=\"padding-left: 80px;\"><span style=\"color: #000000;\"><a style=\"color: #000000;\" href=\"https:\/\/isbw.be\/professionnel\/le-service-daccueil-extrascolaire-et-plaines-de-vacances#PROsaesQueproposonsnous\"><strong>Que proposons-nous ?<\/strong><\/a><\/span><\/p>\n<p style=\"padding-left: 80px;\"><span style=\"color: #000000;\"><a style=\"color: #000000;\" href=\"https:\/\/isbw.be\/professionnel\/le-service-daccueil-extrascolaire-et-plaines-de-vacances#PROsaesPourqui\"><strong>Pour qui ?<\/strong><\/a><\/span><\/p>\n<p style=\"padding-left: 80px;\"><span style=\"color: #000000;\"><a style=\"color: #000000;\" href=\"https:\/\/isbw.be\/professionnel\/le-service-daccueil-extrascolaire-et-plaines-de-vacances#PROsaesFonctionnement\"><strong>Fonctionnement<\/strong><\/a><\/span><\/p>\n<p style=\"padding-left: 80px;\"><span style=\"color: #000000;\"><a style=\"color: #000000;\" href=\"https:\/\/isbw.be\/professionnel\/le-service-daccueil-extrascolaire-et-plaines-de-vacances#PROsaesLequipe\"><strong>L\u2019\u00e9quipe<\/strong><\/a><\/span><\/p>\n<p style=\"padding-left: 80px;\"><span style=\"color: #000000;\"><a style=\"color: #000000;\" href=\"https:\/\/isbw.be\/professionnel\/le-service-daccueil-extrascolaire-et-plaines-de-vacances#PROsaesNouscontacter\"><strong>Nous contacter<\/strong><\/a><\/span><\/p>\n<\/div>\n<\/div><\/div><\/div><\/div><\/div><\/div><div id=\"pg-w6661bf33b1a9c-3\"  class=\"panel-grid panel-has-style\" ><div class=\"Titrenonbouton panel-row-style panel-row-style-for-w6661bf33b1a9c-3\" ><div id=\"pgc-w6661bf33b1a9c-3-0\"  class=\"panel-grid-cell panel-grid-cell-empty\" ><\/div><div id=\"pgc-w6661bf33b1a9c-3-1\"  class=\"panel-grid-cell\" ><div id=\"panel-w6661bf33b1a9c-3-1-0\" class=\"so-panel widget widget_sow-editor panel-first-child panel-last-child\" data-index=\"4\" ><div class=\"BlocTexteDeco panel-widget-style panel-widget-style-for-w6661bf33b1a9c-3-1-0\" ><div\n\t\t\t\n\t\t\tclass=\"so-widget-sow-editor so-widget-sow-editor-base\"\n\t\t\t\n\t\t>\n<div class=\"siteorigin-widget-tinymce textwidget\">\n\t<h3><a id=\"PROsaesQuisommesnous\"><\/a>Qui sommes-nous ?<\/h3>\n<p style=\"text-align: left; padding-left: 30px;\">Le D\u00e9partement propose un accueil, de qualit\u00e9 et accessible, pour les enfants de 3 \u00e0 12 ans (\u00e2ge d\u2019\u00e9cole fondamentale) en dehors des heures scolaires.<\/p>\n<\/div>\n<\/div><\/div><\/div><\/div><\/div><\/div><div id=\"pg-w6661bf33b1a9c-4\"  class=\"panel-grid panel-has-style\" ><div class=\"Titrenonbouton panel-row-style panel-row-style-for-w6661bf33b1a9c-4\" ><div id=\"pgc-w6661bf33b1a9c-4-0\"  class=\"panel-grid-cell panel-grid-cell-empty\" ><\/div><div id=\"pgc-w6661bf33b1a9c-4-1\"  class=\"panel-grid-cell\" ><div id=\"panel-w6661bf33b1a9c-4-1-0\" class=\"so-panel widget widget_sow-editor panel-first-child panel-last-child\" data-index=\"5\" ><div class=\"BlocTexteDeco panel-widget-style panel-widget-style-for-w6661bf33b1a9c-4-1-0\" ><div\n\t\t\t\n\t\t\tclass=\"so-widget-sow-editor so-widget-sow-editor-base\"\n\t\t\t\n\t\t>\n<div class=\"siteorigin-widget-tinymce textwidget\">\n\t<h3><a id=\"PROsaesQueproposonsnous\"><\/a>Que proposons-nous ?<\/h3>\n<ul>\n<li style=\"text-align: left;\">Une accessibilit\u00e9 \u00e0 tous les enfants et \u00e0 toutes les familles, quels que soit leur situation sociale et \u00e9conomique, leur handicap, \u2026 ;<\/li>\n<li style=\"text-align: left;\">Une formule souple qui s\u2019adapte aux besoins et aux attentes des communes : plaines et\/ou accueil extrascolaire, dans une ou plusieurs \u00e9coles, \u2026 ;<\/li>\n<li style=\"text-align: left;\">Un Service global qui prend en charge l\u2019ensemble de l\u2019activit\u00e9, depuis l\u2019inscription \u00e0 l\u2019accueil jusqu\u2019\u00e0 la facturation, les tarifs sociaux et le suivi des impay\u00e9s, les attestations diverses, la gestion des subsides et du personnel, \u2026 ;<\/li>\n<li style=\"text-align: left;\">Une pratique du travail en r\u00e9seau \u00e0 travers des partenariats forts et positifs avec l\u2019ONE, les communes, les \u00e9coles, les coordinations ATL, l\u2019asbl Caravelles, \u2026<\/li>\n<\/ul>\n<p style=\"text-align: left; padding-left: 30px;\">Concr\u00e8tement, le D\u00e9partement propose aux familles et aux communes partenaires les services suivants :<\/p>\n<ul>\n<li style=\"list-style-type: none;\">\n<ul>\n<li>l\u2019accueil extrascolaire : l\u2019accueil et l\u2019animation des enfants avant et apr\u00e8s l\u2019\u00e9cole ainsi que le mercredi apr\u00e8s-midi ;<\/li>\n<li>les plaines de vacances : l\u2019accueil et l\u2019animation des enfants durant les vacances de carnaval, printemps, \u00e9t\u00e9, automne et hiver ;<\/li>\n<li>l\u2019accueil flexible : l\u2019accueil \u2013 dans des d\u00e9lais courts - des enfants entre 6 et 7h ou entre 18 et 20h, sur base d\u2019une attestation de l\u2019employeur ou du centre de formation des parents ;<\/li>\n<li>les temps de midi : l\u2019accueil et l\u2019animation des enfants dans les \u00e9coles durant le temps de midi.<\/li>\n<\/ul>\n<\/li>\n<\/ul>\n<p>&nbsp;<\/p>\n<ul>\n<li>Des animateurs qualifi\u00e9s, form\u00e9s, accompagn\u00e9s par un coordinateur, au sein d\u2019un Service r\u00e9alisent ces 4 formes d\u2019accueil. Ils portent et sont port\u00e9s par <a href=\"https:\/\/isbw.be\/professionnel\/wp-content\/uploads\/sites\/3\/2021\/02\/04-Projet-educatif-affichage-lieux-daccueil.pdf\" target=\"_blank\" rel=\"noopener\"><span style=\"color: #000000;\"><strong>un projet \u00e9ducatif<\/strong> (pdf, 1.125 Ko)<\/span><\/a> rayonnant et coh\u00e9rent, bas\u00e9 sur un regard r\u00e9solument positif sur l\u2019enfant.<\/li>\n<\/ul>\n<p style=\"text-align: left; padding-left: 30px;\">Le D\u00e9partement propose aussi deux autres outils pour travailler en faveur d\u2019un accueil de qualit\u00e9 pour les 3-12 ans :<\/p>\n<ul>\n<li style=\"list-style-type: none;\">\n<ul>\n<li>la coordination ATL : en lien avec la Commune et l\u2019ONE, dynamisation de l\u2019Accueil des enfants durant leur Temps Libre (ATL), soutien aux partenariats entre les op\u00e9rateurs d\u2019accueil pour mieux rencontrer la demande des familles et renforcement de la qualit\u00e9 (formations, projets, \u2026) ;<\/li>\n<li>le partage de l\u2019expertise et de l\u2019exp\u00e9rience accumul\u00e9e sur le terrain, au fil des ann\u00e9es : recrutement de personnel, mise en place de go\u00fbters sains, accueil sp\u00e9cifique des 9-12 ans, mannes \u00e0 jouer, \u2026).<\/li>\n<\/ul>\n<\/li>\n<\/ul>\n<p style=\"text-align: left; padding-left: 30px;\">L\u2019ensemble de nos activit\u00e9s prennent place dans le cadre du D\u00e9cret du le Code de qualit\u00e9 de l\u2019accueil fix\u00e9 par l\u2019Arr\u00eat\u00e9 du Gouvernement de la Communaut\u00e9 fran\u00e7aise du 17 d\u00e9cembre 2003 et l\u2019Arr\u00eat\u00e9 du Gouvernement de la Communaut\u00e9 fran\u00e7aise du 22 novembre 2017 modifiant l\u2019Arr\u00eat\u00e9 du Gouvernement de la Communaut\u00e9 fran\u00e7aise du 3 d\u00e9cembre 2003 fixant les modalit\u00e9s d\u2019application du D\u00e9cret du 3 juillet 2003 relatif \u00e0 la coordination de l\u2019accueil des enfants durant leur temps libre et au soutien \u00e0 l\u2019accueil extrascolaire.<\/p>\n<\/div>\n<\/div><\/div><\/div><\/div><\/div><\/div><div id=\"pg-w6661bf33b1a9c-5\"  class=\"panel-grid panel-has-style\" ><div class=\"Titrenonbouton panel-row-style panel-row-style-for-w6661bf33b1a9c-5\" ><div id=\"pgc-w6661bf33b1a9c-5-0\"  class=\"panel-grid-cell panel-grid-cell-empty\" ><\/div><div id=\"pgc-w6661bf33b1a9c-5-1\"  class=\"panel-grid-cell\" ><div id=\"panel-w6661bf33b1a9c-5-1-0\" class=\"so-panel widget widget_sow-editor panel-first-child panel-last-child\" data-index=\"6\" ><div class=\"BlocTexteDeco panel-widget-style panel-widget-style-for-w6661bf33b1a9c-5-1-0\" ><div\n\t\t\t\n\t\t\tclass=\"so-widget-sow-editor so-widget-sow-editor-base\"\n\t\t\t\n\t\t>\n<div class=\"siteorigin-widget-tinymce textwidget\">\n\t<h3><a id=\"PROsaesPourqui\"><\/a>Pour qui ?<\/h3>\n<p style=\"text-align: left; padding-left: 30px;\">Toutes les communes du Brabant wallon, pour les \u00e9coles fondamentales et pour les familles et les enfants sur leur territoire.<\/p>\n<\/div>\n<\/div><\/div><\/div><\/div><\/div><\/div><div id=\"pg-w6661bf33b1a9c-6\"  class=\"panel-grid panel-has-style\" ><div class=\"Titrenonbouton panel-row-style panel-row-style-for-w6661bf33b1a9c-6\" ><div id=\"pgc-w6661bf33b1a9c-6-0\"  class=\"panel-grid-cell panel-grid-cell-empty\" ><\/div><div id=\"pgc-w6661bf33b1a9c-6-1\"  class=\"panel-grid-cell\" ><div id=\"panel-w6661bf33b1a9c-6-1-0\" class=\"so-panel widget widget_sow-editor panel-first-child panel-last-child\" data-index=\"7\" ><div class=\"BlocTexteDeco panel-widget-style panel-widget-style-for-w6661bf33b1a9c-6-1-0\" ><div\n\t\t\t\n\t\t\tclass=\"so-widget-sow-editor so-widget-sow-editor-base\"\n\t\t\t\n\t\t>\n<div class=\"siteorigin-widget-tinymce textwidget\">\n\t<h3><a id=\"PROsaesFonctionnement\"><\/a>Fonctionnement<\/h3>\n<p style=\"text-align: left; padding-left: 30px;\">Tous les services propos\u00e9s par le D\u00e9partement Accueil de l\u2019enfant de 3 \u00e0 12 ans font l\u2019objet d\u2019une convention entre la Commune et l\u2019ISBW.<\/p>\n<p style=\"text-align: left; padding-left: 30px;\"><span style=\"text-decoration: underline;\">Partage de l\u2019expertise et de l\u2019exp\u00e9rience<\/span><br \/>\nVous souhaitez r\u00e9fl\u00e9chir avec nous \u00e0 un projet dans le cadre de l\u2019accueil des enfants de 3 \u00e0 12 ans ou \u00e9changer sur nos exp\u00e9riences mutuelles (mannes \u00e0 jouer, \u00e9veil cr\u00e9atif, go\u00fbters, activit\u00e9s \u00e0 l\u2019ext\u00e9rieur, \u2026) ? Vous souhaitez notre aide pour un recrutement ?<br \/>\nN\u2019h\u00e9sitez pas \u00e0 prendre contact avec nous. Ce service est gratuit.<\/p>\n<p style=\"text-align: left; padding-left: 30px;\"><span style=\"text-decoration: underline;\">Coordination ATL<\/span><br \/>\nVous souhaitez collaborer avec nous dans le cadre de la coordination ATL ? L\u2019ONE pr\u00e9voit la possibilit\u00e9 d\u2019une convention unissant l\u2019ISBW et la Commune d\u2019une part et l\u2019ISBW et l\u2019ONE d\u2019autre part.<br \/>\nL\u2019agent en charge de la coordination ATL est alors engag\u00e9 par l\u2019ISBW, qui g\u00e8re et justifie le subside de l\u2019ONE. Pour remplir ses missions, il travaille en collaboration \u00e9troite avec la Commune et particuli\u00e8rement l\u2019\u00e9chevinat de l\u2019ATL.<\/p>\n<p style=\"text-align: left; padding-left: 30px;\"><span style=\"text-decoration: underline;\">L\u2019accueil extrascolaire, l\u2019accueil flexible et les plaines de vacances<\/span><br \/>\nDepuis le 1er janvier 2018, l\u2019ISBW organise l\u2019accueil extrascolaire et les plaines de vacances dans le cadre de l\u2019agr\u00e9ment et du subventionnement par l\u2019ONE de l\u2019accueil extrascolaire de type 2 (ex-FESC). 23 lieux d\u2019accueil extrascolaire et 10 lieux de plaines de vacances, r\u00e9partis sur 10 communes (avec lesquelles nous travaillions en collaboration avant 2018 ), ont \u00e9t\u00e9 reconnus et sont subsidi\u00e9s par l\u2019ONE.<br \/>\nLe financement de l\u2019ONE ne couvre pas les agents administratifs ni la totalit\u00e9 du personnel d\u2019accueil et des frais de fonctionnement. Aussi, les communes partenaires apportent-elles leur contribution sous diff\u00e9rentes formes :<\/p>\n<ul class=\"Decaliste\">\n<li style=\"text-align: left;\">non seulement en mettant \u00e0 disposition des locaux et des espaces ext\u00e9rieurs ad\u00e9quats sur le plan du volume, de la s\u00e9curit\u00e9, du mobilier, des lieux ;<\/li>\n<li style=\"text-align: left;\">mais \u00e9galement en intervenant dans la charge salariale du personnel administratif et des co\u00fbts du badging ;<\/li>\n<li style=\"text-align: left;\">et en mettant du personnel communal en renfort quand le nombre d\u2019enfants accueillis augmente. L\u2019ONE travaille en effet actuellement avec une enveloppe de subsides ferm\u00e9e.<\/li>\n<\/ul>\n<p style=\"text-align: left; padding-left: 30px;\">Dans l\u2019attente d\u2019un refinancement de l\u2019ONE pour l\u2019accueil extrascolaire, les nouvelles demandes des communes font appel \u00e0 leur fonds propres, dont sont d\u00e9duites les participations financi\u00e8res des parents et les \u00e9ventuelles autres subventions.<\/p>\n<p style=\"text-align: left; padding-left: 30px;\"><span style=\"text-decoration: underline;\">Les temps de midi<\/span><br \/>\nA la demande de la Commune, l\u2019ISBW organise l\u2019accueil et l\u2019animation des enfants lors des temps de midi dans certaines \u00e9coles o\u00f9 elle organise d\u00e9j\u00e0 l\u2019accueil extrascolaire, ce qui permet continuit\u00e9 et rep\u00e8res pour les enfants. Espaces int\u00e9rieurs et ext\u00e9rieurs, coins doux, livres et jeux vari\u00e9s sont mobilis\u00e9s pour r\u00e9pondre aux besoins des enfants.<br \/>\nLe taux d\u2019encadrement est de 1 animateur pour 25 enfants en maternelles et de 1 pour 40 enfants en primaires.<br \/>\nLe temps de travail des animateurs et le mat\u00e9riel p\u00e9dagogique sont financ\u00e9s par la Commune.<\/p>\n<\/div>\n<\/div><\/div><\/div><\/div><\/div><\/div><div id=\"pg-w6661bf33b1a9c-7\"  class=\"panel-grid panel-has-style\" ><div class=\"Titrenonbouton panel-row-style panel-row-style-for-w6661bf33b1a9c-7\" ><div id=\"pgc-w6661bf33b1a9c-7-0\"  class=\"panel-grid-cell panel-grid-cell-empty\" ><\/div><div id=\"pgc-w6661bf33b1a9c-7-1\"  class=\"panel-grid-cell\" ><div id=\"panel-w6661bf33b1a9c-7-1-0\" class=\"so-panel widget widget_sow-editor panel-first-child panel-last-child\" data-index=\"8\" ><div class=\"BlocTexteDeco panel-widget-style panel-widget-style-for-w6661bf33b1a9c-7-1-0\" ><div\n\t\t\t\n\t\t\tclass=\"so-widget-sow-editor so-widget-sow-editor-base\"\n\t\t\t\n\t\t>\n<div class=\"siteorigin-widget-tinymce textwidget\">\n\t<h3><a id=\"PROsaesLequipe\"><\/a>L'\u00e9quipe<\/h3>\n<p style=\"padding-left: 60px;\">L\u2019accueil est effectu\u00e9 par du personnel qualifi\u00e9 et form\u00e9.<\/p>\n<p style=\"padding-left: 60px;\">Le Service est constitu\u00e9 :<\/p>\n<ul>\n<li style=\"list-style-type: none;\">\n<ul>\n<li style=\"list-style-type: none;\">\n<ul class=\"Decaliste\">\n<li class=\"\">d\u2019une cheffe de D\u00e9partement (Natacha Verstraeten),<\/li>\n<li class=\"\">d'une cheffe de Service (Mathilde Petit),<\/li>\n<li class=\"\">d\u2019une \u00e9quipe de 7 coordinateurs et<\/li>\n<li class=\"on\">de 98 animateurs.<\/li>\n<\/ul>\n<\/li>\n<\/ul>\n<\/li>\n<\/ul>\n<p style=\"padding-left: 60px;\">L\u2019accueil et le travail p\u00e9dagogique sont soutenus par une \u00e9quipe administrative.<\/p>\n<p style=\"padding-left: 60px;\"><strong>Un tarif social est possible (de 50 \u00e0 80% de r\u00e9duction) pour toute famille en difficult\u00e9 financi\u00e8re sur simple pr\u00e9sentation d\u2019une attestation du CPAS.<\/strong><br \/>\n<strong>Prenez contact avec notre assistante sociale pour plus de renseignements (<a href=\"tel:+32476805193\">0476\/80 51 93<\/a>\u00a0\u2013\u00a0<a href=\"mailto:3.12ta@isbw.be\">3.12ta@isbw.be<\/a>).<\/strong>.<\/p>\n<\/div>\n<\/div><\/div><\/div><\/div><\/div><\/div><div id=\"pg-w6661bf33b1a9c-8\"  class=\"panel-grid panel-has-style\" ><div class=\"Titrenonbouton panel-row-style panel-row-style-for-w6661bf33b1a9c-8\" ><div id=\"pgc-w6661bf33b1a9c-8-0\"  class=\"panel-grid-cell panel-grid-cell-empty\" ><\/div><div id=\"pgc-w6661bf33b1a9c-8-1\"  class=\"panel-grid-cell\" ><div id=\"panel-w6661bf33b1a9c-8-1-0\" class=\"so-panel widget widget_sow-editor panel-first-child panel-last-child\" data-index=\"9\" ><div class=\"panel-widget-style panel-widget-style-for-w6661bf33b1a9c-8-1-0\" ><div\n\t\t\t\n\t\t\tclass=\"so-widget-sow-editor so-widget-sow-editor-base\"\n\t\t\t\n\t\t>\n<div class=\"siteorigin-widget-tinymce textwidget\">\n\t<h3><a id=\"PROsaesNouscontacter\"><\/a>Nous contacter...<\/h3>\n<p style=\"padding-left: 30px;\"><b>Notre adresse postale :<\/b><\/p>\n<p style=\"padding-left: 60px;\">Intercommunale sociale du Brabant wallon, Service accueil extrascolaire et plaines, rue du Cerf 200, 1332 Rixensart.<\/p>\n<p style=\"padding-left: 30px;\"><strong>Notre permanence t\u00e9l\u00e9phonique<\/strong> vous accueille du lundi au vendredi de 9h \u00e0 17h :<\/p>\n<p style=\"padding-left: 60px;\"><strong>Soit le\u00a0<a href=\"tel:+3223151381\">02 - 315.13.81<\/a>,\u00a0<a href=\"tel:+3223151382\">02 - 315.13.82<\/a>\u00a0ou le\u00a0<a href=\"tel:+3223151383\">02 - 315.13.83<\/a><\/strong><\/p>\n<p style=\"padding-left: 30px;\"><strong>En cas d\u2019urgence<\/strong>, une permanence t\u00e9l\u00e9phonique vous accueille du lundi au vendredi de 6h \u00e0 9h et de 17h \u00e0 22h : <strong><a href=\"tel:+32474476613\">0474 - 476 . 613<\/a><\/strong><\/p>\n<p style=\"padding-left: 30px;\">Pour nous joindre par courriel <span style=\"color: #000000;\">: <a style=\"color: #000000;\" href=\"mailto:accueil3.12@isbw.be\">accueil3.12@isbw.be<\/a>.<\/span><\/p>\n<\/div>\n<\/div><\/div><\/div><\/div><\/div><\/div><\/div><\/div><\/div><\/div><\/div><div id=\"pg-407-1\"  class=\"panel-grid panel-has-style\" ><div class=\"siteorigin-panels-stretch panel-row-style panel-row-style-for-407-1\" data-stretch-type=\"full\" ><div id=\"pgc-407-1-0\"  class=\"panel-grid-cell\" ><div id=\"panel-407-1-0-0\" class=\"so-panel widget widget_siteorigin-panels-builder panel-first-child panel-last-child\" data-index=\"1\" ><div id=\"pl-w619e433c71611\"  class=\"panel-layout\" ><div id=\"pg-w619e433c71611-0\"  class=\"panel-grid panel-has-style\" ><div class=\"panel-row-style panel-row-style-for-w619e433c71611-0\" ><div id=\"pgc-w619e433c71611-0-0\"  class=\"panel-grid-cell panel-grid-cell-empty\" ><\/div><div id=\"pgc-w619e433c71611-0-1\"  class=\"panel-grid-cell panel-grid-cell-empty\" ><\/div><div id=\"pgc-w619e433c71611-0-2\"  class=\"panel-grid-cell panel-grid-cell-empty\" ><\/div><div id=\"pgc-w619e433c71611-0-3\"  class=\"panel-grid-cell panel-grid-cell-empty\" ><\/div><div id=\"pgc-w619e433c71611-0-4\"  class=\"panel-grid-cell\" ><div id=\"panel-w619e433c71611-0-4-0\" class=\"so-panel widget widget_sow-button panel-first-child panel-last-child\" data-index=\"0\" ><div\n\t\t\t\n\t\t\tclass=\"so-widget-sow-button so-widget-sow-button-flat-a82b5bbf9c13\"\n\t\t\t\n\t\t><div class=\"ow-button-base ow-button-align-right\"\n>\n\t\t\t<a\n\t\t\t\t\thref=\"https:\/\/isbw.be\/professionnel\/\"\n\t\t\t\t\tclass=\"sowb-button ow-icon-placement-left ow-button-hover\" title=\"vers le D\u00e9partement Accueil de l&#039;enfant de 3 \u00e0 12 ans\" \t>\n\t\t<span>\n\t\t\t<span class=\"sow-icon-ionicons\" data-sow-icon=\"&#xf38f;\"\n\t\tstyle=\"color: #ffffff\" \n\t\taria-hidden=\"true\"><\/span>\n\t\t\t\t\t<\/span>\n\t\t\t<\/a>\n\t<\/div>\n<\/div><\/div><\/div><\/div><\/div><\/div><\/div><\/div><\/div><\/div><\/div>","protected":false},"excerpt":{"rendered":"<p>D\u00e9partement Accueil de l&rsquo;enfant de 3 \u00e0 12 ans Le Service d&rsquo;accueil extrascolaire et plaines de vacances Qui sommes-nous ? Que proposons-nous ? Pour qui ? Fonctionnement L\u2019\u00e9quipe Nous contacter Qui sommes-nous ? Le D\u00e9partement propose un accueil, de qualit\u00e9 et accessible, pour les enfants de 3 \u00e0 12 ans (\u00e2ge d\u2019\u00e9cole fondamentale) en dehors [&hellip;]<\/p>\n","protected":false},"author":1,"featured_media":0,"parent":0,"menu_order":0,"comment_status":"closed","ping_status":"closed","template":"","meta":{"footnotes":""},"class_list":["post-407","page","type-page","status-publish","czr-hentry"],"_links":{"self":[{"href":"https:\/\/isbw.be\/professionnel\/wp-json\/wp\/v2\/pages\/407","targetHints":{"allow":["GET"]}}],"collection":[{"href":"https:\/\/isbw.be\/professionnel\/wp-json\/wp\/v2\/pages"}],"about":[{"href":"https:\/\/isbw.be\/professionnel\/wp-json\/wp\/v2\/types\/page"}],"author":[{"embeddable":true,"href":"https:\/\/isbw.be\/professionnel\/wp-json\/wp\/v2\/users\/1"}],"replies":[{"embeddable":true,"href":"https:\/\/isbw.be\/professionnel\/wp-json\/wp\/v2\/comments?post=407"}],"version-history":[{"count":112,"href":"https:\/\/isbw.be\/professionnel\/wp-json\/wp\/v2\/pages\/407\/revisions"}],"predecessor-version":[{"id":2843,"href":"https:\/\/isbw.be\/professionnel\/wp-json\/wp\/v2\/pages\/407\/revisions\/2843"}],"wp:attachment":[{"href":"https:\/\/isbw.be\/professionnel\/wp-json\/wp\/v2\/media?parent=407"}],"curies":[{"name":"wp","href":"https:\/\/api.w.org\/{rel}","templated":true}]}}