{"id":422,"date":"2019-02-08T15:45:11","date_gmt":"2019-02-08T14:45:11","guid":{"rendered":"http:\/\/isbw.be\/professionnel\/?page_id=422"},"modified":"2026-03-26T10:42:33","modified_gmt":"2026-03-26T09:42:33","slug":"emploi","status":"publish","type":"page","link":"https:\/\/isbw.be\/professionnel\/emploi\/","title":{"rendered":"Emploi"},"content":{"rendered":"<div id=\"pl-422\"  class=\"panel-layout\" ><div id=\"pg-422-0\"  class=\"panel-grid panel-has-style\" ><div class=\"siteorigin-panels-stretch panel-row-style panel-row-style-for-422-0\" id=\"Bkg2\" data-stretch-type=\"full\" ><div id=\"pgc-422-0-0\"  class=\"panel-grid-cell\" ><div id=\"panel-422-0-0-0\" class=\"so-panel widget widget_siteorigin-panels-builder panel-first-child panel-last-child\" data-index=\"0\" ><div id=\"pl-w69c4ff89cc71e\"  class=\"panel-layout\" ><div id=\"pg-w69c4ff89cc71e-0\"  class=\"panel-grid panel-no-style\" ><div id=\"pgc-w69c4ff89cc71e-0-0\"  class=\"panel-grid-cell\" ><div id=\"panel-w69c4ff89cc71e-0-0-0\" class=\"so-panel widget widget_sow-editor panel-first-child panel-last-child\" data-index=\"0\" ><div\n\t\t\t\n\t\t\tclass=\"so-widget-sow-editor so-widget-sow-editor-base\"\n\t\t\t\n\t\t>\n<div class=\"siteorigin-widget-tinymce textwidget\">\n\t<h1><strong>Emploi<\/strong><\/h1>\n<\/div>\n<\/div><\/div><\/div><\/div><div id=\"pg-w69c4ff89cc71e-1\"  class=\"panel-grid panel-has-style\" ><div class=\"Titrenonbouton panel-row-style panel-row-style-for-w69c4ff89cc71e-1\" ><div id=\"pgc-w69c4ff89cc71e-1-0\"  class=\"panel-grid-cell panel-grid-cell-empty\" ><\/div><div id=\"pgc-w69c4ff89cc71e-1-1\"  class=\"panel-grid-cell\" ><div id=\"panel-w69c4ff89cc71e-1-1-0\" class=\"so-panel widget widget_sow-editor panel-first-child panel-last-child\" data-index=\"1\" ><div class=\"panel-widget-style panel-widget-style-for-w69c4ff89cc71e-1-1-0\" ><div\n\t\t\t\n\t\t\tclass=\"so-widget-sow-editor so-widget-sow-editor-base\"\n\t\t\t\n\t\t>\n<div class=\"siteorigin-widget-tinymce textwidget\">\n\t<p style=\"padding-left: 40px;\">Cette rubrique vous permet de prendre connaissance des comp\u00e9tences recherch\u00e9es actuellement par l\u2019Intercommunale sociale du Brabant wallon.<\/p>\n<p style=\"padding-left: 40px;\">Les recrutements sont effectu\u00e9s sur base d\u2019un examen \u00e9crit suivi de deux entretiens oraux. Nous conservons les candidatures pendant une p\u00e9riode d\u2019un an.<\/p>\n<p style=\"padding-left: 40px;\">Si rien ne vous correspond ou si nous n\u2019avons rien \u00e0 vous proposer pour le moment et que vous souhaitez vous faire conna\u00eetre de nos services\u2026 transmettez-nous votre candidature spontan\u00e9e accompagn\u00e9e de votre CV.<\/p>\n<\/div>\n<\/div><\/div><\/div><\/div><\/div><\/div><div id=\"pg-w69c4ff89cc71e-2\"  class=\"panel-grid panel-no-style\" ><div id=\"pgc-w69c4ff89cc71e-2-0\"  class=\"panel-grid-cell panel-grid-cell-empty\" ><\/div><div id=\"pgc-w69c4ff89cc71e-2-1\"  class=\"panel-grid-cell\" ><div id=\"panel-w69c4ff89cc71e-2-1-0\" class=\"so-panel widget widget_sow-editor panel-first-child panel-last-child\" data-index=\"2\" ><div class=\"panel-widget-style panel-widget-style-for-w69c4ff89cc71e-2-1-0\" ><div\n\t\t\t\n\t\t\tclass=\"so-widget-sow-editor so-widget-sow-editor-base\"\n\t\t\t\n\t\t>\n<div class=\"siteorigin-widget-tinymce textwidget\">\n\t<h2>Aujourd'hui :<\/h2>\n<p style=\"padding-left: 80px;\"><a href=\"https:\/\/isbw.be\/emploi\/offre-demploi-pour-une-accueillante-denfants-a-domicile\/\"><strong>un(e) accueillant(e) d\u2019enfants \u00e0 domicile, dans le cadre d\u2019un contrat de travailleur salari\u00e9 \u00e0 domicile, \u00e0 dur\u00e9e ind\u00e9termin\u00e9e<\/strong><\/a>.<\/p>\n<\/div>\n<\/div><\/div><\/div><\/div><\/div><div id=\"pg-w69c4ff89cc71e-3\"  class=\"panel-grid panel-no-style\" ><div id=\"pgc-w69c4ff89cc71e-3-0\"  class=\"panel-grid-cell panel-grid-cell-empty\" ><\/div><div id=\"pgc-w69c4ff89cc71e-3-1\"  class=\"panel-grid-cell\" ><div id=\"panel-w69c4ff89cc71e-3-1-0\" class=\"so-panel widget widget_sow-editor panel-first-child panel-last-child\" data-index=\"3\" ><div class=\"panel-widget-style panel-widget-style-for-w69c4ff89cc71e-3-1-0\" ><div\n\t\t\t\n\t\t\tclass=\"so-widget-sow-editor so-widget-sow-editor-base\"\n\t\t\t\n\t\t>\n<div class=\"siteorigin-widget-tinymce textwidget\">\n\t<h2><a id=\"TPemploiNouscontacter\"><\/a>Nous contacter :<\/h2>\n<p style=\"padding-left: 30px;\">Intercommunale sociale du Brabant wallon,<br \/>\nMadame Kathy LOOZE,<br \/>\nSecr\u00e9tariat,<br \/>\nRue du Cerf 200, 1332 Rixensart.<\/p>\n<p style=\"padding-left: 30px;\">T\u00e9l : <a href=\"tel:+3223151351\">02 - 315.13.51<\/a><\/p>\n<p style=\"padding-left: 30px;\">eMail :<span style=\"color: #000000;\"> <a href=\"mailto:recrutement@isbw.be\">recrutement@isbw.be<\/a><\/span><\/p>\n<\/div>\n<\/div><\/div><\/div><\/div><\/div><\/div><\/div><\/div><\/div><\/div><div id=\"pg-422-1\"  class=\"panel-grid panel-has-style\" ><div class=\"siteorigin-panels-stretch panel-row-style panel-row-style-for-422-1\" data-stretch-type=\"full\" ><div id=\"pgc-422-1-0\"  class=\"panel-grid-cell\" ><div id=\"panel-422-1-0-0\" class=\"so-panel widget widget_siteorigin-panels-builder panel-first-child panel-last-child\" data-index=\"1\" ><div id=\"pl-w5c5c30898be4d\"  class=\"panel-layout\" ><div id=\"pg-w5c5c30898be4d-0\"  class=\"panel-grid panel-has-style\" ><div class=\"panel-row-style panel-row-style-for-w5c5c30898be4d-0\" ><div id=\"pgc-w5c5c30898be4d-0-0\"  class=\"panel-grid-cell panel-grid-cell-empty\" ><\/div><div id=\"pgc-w5c5c30898be4d-0-1\"  class=\"panel-grid-cell panel-grid-cell-empty\" ><\/div><div id=\"pgc-w5c5c30898be4d-0-2\"  class=\"panel-grid-cell panel-grid-cell-empty\" ><\/div><div id=\"pgc-w5c5c30898be4d-0-3\"  class=\"panel-grid-cell panel-grid-cell-empty\" ><\/div><div id=\"pgc-w5c5c30898be4d-0-4\"  class=\"panel-grid-cell\" ><div id=\"panel-w5c5c30898be4d-0-4-0\" class=\"so-panel widget widget_sow-button panel-first-child panel-last-child\" data-index=\"0\" ><div\n\t\t\t\n\t\t\tclass=\"so-widget-sow-button so-widget-sow-button-flat-de31a69c3823\"\n\t\t\t\n\t\t><div class=\"ow-button-base ow-button-align-right\"\n>\n\t\t\t<a\n\t\t\t\t\thref=\"https:\/\/isbw.be\/professionnel\/\"\n\t\t\t\t\tclass=\"sowb-button ow-icon-placement-left ow-button-hover\" title=\"vers Page d&#039;accueil\" \t>\n\t\t<span>\n\t\t\t<span class=\"sow-icon-ionicons\" data-sow-icon=\"&#xf38f;\"\n\t\tstyle=\"color: #ffffff\" \n\t\taria-hidden=\"true\"><\/span>\n\t\t\t\t\t<\/span>\n\t\t\t<\/a>\n\t<\/div>\n<\/div><\/div><\/div><\/div><\/div><\/div><\/div><\/div><\/div><\/div><\/div>","protected":false},"excerpt":{"rendered":"<p>Emploi Cette rubrique vous permet de prendre connaissance des comp\u00e9tences recherch\u00e9es actuellement par l\u2019Intercommunale sociale du Brabant wallon. Les recrutements sont effectu\u00e9s sur base d\u2019un examen \u00e9crit suivi de deux entretiens oraux. Nous conservons les candidatures pendant une p\u00e9riode d\u2019un an. Si rien ne vous correspond ou si nous n\u2019avons rien \u00e0 vous proposer pour [&hellip;]<\/p>\n","protected":false},"author":1,"featured_media":0,"parent":0,"menu_order":0,"comment_status":"closed","ping_status":"closed","template":"","meta":{"footnotes":""},"class_list":["post-422","page","type-page","status-publish","czr-hentry"],"_links":{"self":[{"href":"https:\/\/isbw.be\/professionnel\/wp-json\/wp\/v2\/pages\/422","targetHints":{"allow":["GET"]}}],"collection":[{"href":"https:\/\/isbw.be\/professionnel\/wp-json\/wp\/v2\/pages"}],"about":[{"href":"https:\/\/isbw.be\/professionnel\/wp-json\/wp\/v2\/types\/page"}],"author":[{"embeddable":true,"href":"https:\/\/isbw.be\/professionnel\/wp-json\/wp\/v2\/users\/1"}],"replies":[{"embeddable":true,"href":"https:\/\/isbw.be\/professionnel\/wp-json\/wp\/v2\/comments?post=422"}],"version-history":[{"count":447,"href":"https:\/\/isbw.be\/professionnel\/wp-json\/wp\/v2\/pages\/422\/revisions"}],"predecessor-version":[{"id":3020,"href":"https:\/\/isbw.be\/professionnel\/wp-json\/wp\/v2\/pages\/422\/revisions\/3020"}],"wp:attachment":[{"href":"https:\/\/isbw.be\/professionnel\/wp-json\/wp\/v2\/media?parent=422"}],"curies":[{"name":"wp","href":"https:\/\/api.w.org\/{rel}","templated":true}]}}