{"id":437,"date":"2019-02-08T15:56:36","date_gmt":"2019-02-08T14:56:36","guid":{"rendered":"http:\/\/isbw.be\/professionnel\/?page_id=437"},"modified":"2023-03-22T13:48:06","modified_gmt":"2023-03-22T12:48:06","slug":"services-generaux","status":"publish","type":"page","link":"https:\/\/isbw.be\/professionnel\/services-generaux\/","title":{"rendered":"Services g\u00e9n\u00e9raux"},"content":{"rendered":"<div id=\"pl-437\"  class=\"panel-layout\" ><div id=\"pg-437-0\"  class=\"panel-grid panel-has-style\" ><div class=\"siteorigin-panels-stretch panel-row-style panel-row-style-for-437-0\" id=\"Bkg2\" data-stretch-type=\"full\" ><div id=\"pgc-437-0-0\"  class=\"panel-grid-cell\" ><div id=\"panel-437-0-0-0\" class=\"so-panel widget widget_siteorigin-panels-builder panel-first-child panel-last-child\" data-index=\"0\" ><div id=\"pl-w5c8123eac6857\"  class=\"panel-layout\" ><div id=\"pg-w5c8123eac6857-0\"  class=\"panel-grid panel-no-style\" ><div id=\"pgc-w5c8123eac6857-0-0\"  class=\"panel-grid-cell\" ><div id=\"panel-w5c8123eac6857-0-0-0\" class=\"so-panel widget widget_sow-editor panel-first-child panel-last-child\" data-index=\"0\" ><div\n\t\t\t\n\t\t\tclass=\"so-widget-sow-editor so-widget-sow-editor-base\"\n\t\t\t\n\t\t>\n<div class=\"siteorigin-widget-tinymce textwidget\">\n\t<h1><strong>Service g\u00e9n\u00e9raux<\/strong><\/h1>\n<\/div>\n<\/div><\/div><\/div><\/div><div id=\"pg-w5c8123eac6857-1\"  class=\"panel-grid panel-has-style\" ><div class=\"panel-row-style panel-row-style-for-w5c8123eac6857-1\" ><div id=\"pgc-w5c8123eac6857-1-0\"  class=\"panel-grid-cell panel-grid-cell-empty panel-grid-cell-mobile-last\" ><\/div><div id=\"pgc-w5c8123eac6857-1-1\"  class=\"panel-grid-cell panel-grid-cell-empty\" ><\/div><\/div><\/div><div id=\"pg-w5c8123eac6857-2\"  class=\"panel-grid panel-has-style\" ><div class=\"panel-row-style panel-row-style-for-w5c8123eac6857-2\" ><div id=\"pgc-w5c8123eac6857-2-0\"  class=\"panel-grid-cell\" ><div id=\"panel-w5c8123eac6857-2-0-0\" class=\"so-panel widget widget_sow-button panel-first-child panel-last-child\" data-index=\"1\" ><div class=\"BoutonQuestion panel-widget-style panel-widget-style-for-w5c8123eac6857-2-0-0\" ><div\n\t\t\t\n\t\t\tclass=\"so-widget-sow-button so-widget-sow-button-flat-6b5f058a71cd\"\n\t\t\t\n\t\t><div class=\"ow-button-base ow-button-align-left\"\n>\n\t\t\t<a\n\t\t\t\t\thref=\"https:\/\/isbw.be\/professionnel\/services-generaux\/le-pole-budget-finances\/\"\n\t\t\t\t\tclass=\"sowb-button ow-icon-placement-left ow-button-hover\" \t>\n\t\t<span>\n\t\t\t<span class=\"sow-icon-fontawesome sow-far\" data-sow-icon=\"&#xf0a4;\"\n\t\tstyle=\"color: #dd3333\" \n\t\taria-hidden=\"true\"><\/span>\n\t\t\tLe P\u00f4le budgets &amp; finances\t\t<\/span>\n\t\t\t<\/a>\n\t<\/div>\n<\/div><\/div><\/div><\/div><\/div><\/div><div id=\"pg-w5c8123eac6857-3\"  class=\"panel-grid panel-has-style\" ><div class=\"BoutonQuestion panel-row-style panel-row-style-for-w5c8123eac6857-3\" ><div id=\"pgc-w5c8123eac6857-3-0\"  class=\"panel-grid-cell\" ><div id=\"panel-w5c8123eac6857-3-0-0\" class=\"so-panel widget widget_sow-button panel-first-child panel-last-child\" data-index=\"2\" ><div class=\"BoutonQuestion panel-widget-style panel-widget-style-for-w5c8123eac6857-3-0-0\" ><div\n\t\t\t\n\t\t\tclass=\"so-widget-sow-button so-widget-sow-button-flat-6b5f058a71cd\"\n\t\t\t\n\t\t><div class=\"ow-button-base ow-button-align-left\"\n>\n\t\t\t<a\n\t\t\t\t\thref=\"https:\/\/isbw.be\/professionnel\/services-generaux\/le-pole-ressources-humaines\/\"\n\t\t\t\t\tclass=\"sowb-button ow-icon-placement-left ow-button-hover\" \t>\n\t\t<span>\n\t\t\t<span class=\"sow-icon-fontawesome sow-far\" data-sow-icon=\"&#xf0a4;\"\n\t\tstyle=\"color: #dd3333\" \n\t\taria-hidden=\"true\"><\/span>\n\t\t\tLe P\u00f4le ressources humaines\t\t<\/span>\n\t\t\t<\/a>\n\t<\/div>\n<\/div><\/div><\/div><\/div><\/div><\/div><div id=\"pg-w5c8123eac6857-4\"  class=\"panel-grid panel-has-style\" ><div class=\"BoutonQuestion panel-row-style panel-row-style-for-w5c8123eac6857-4\" ><div id=\"pgc-w5c8123eac6857-4-0\"  class=\"panel-grid-cell\" ><div id=\"panel-w5c8123eac6857-4-0-0\" class=\"so-panel widget widget_sow-button panel-first-child panel-last-child\" data-index=\"3\" ><div class=\"BoutonQuestion panel-widget-style panel-widget-style-for-w5c8123eac6857-4-0-0\" ><div\n\t\t\t\n\t\t\tclass=\"so-widget-sow-button so-widget-sow-button-flat-6b5f058a71cd\"\n\t\t\t\n\t\t><div class=\"ow-button-base ow-button-align-left\"\n>\n\t\t\t<a\n\t\t\t\t\thref=\"https:\/\/isbw.be\/professionnel\/services-generaux\/le-service-informatique-et-communication\/\"\n\t\t\t\t\tclass=\"sowb-button ow-icon-placement-left ow-button-hover\" \t>\n\t\t<span>\n\t\t\t<span class=\"sow-icon-fontawesome sow-far\" data-sow-icon=\"&#xf0a4;\"\n\t\tstyle=\"color: #dd3333\" \n\t\taria-hidden=\"true\"><\/span>\n\t\t\tLe Service informatique et communication\t\t<\/span>\n\t\t\t<\/a>\n\t<\/div>\n<\/div><\/div><\/div><\/div><\/div><\/div><div id=\"pg-w5c8123eac6857-5\"  class=\"panel-grid panel-has-style\" ><div class=\"BoutonQuestion panel-row-style panel-row-style-for-w5c8123eac6857-5\" ><div id=\"pgc-w5c8123eac6857-5-0\"  class=\"panel-grid-cell\" ><div id=\"panel-w5c8123eac6857-5-0-0\" class=\"so-panel widget widget_sow-button panel-first-child panel-last-child\" data-index=\"4\" ><div class=\"BoutonQuestion panel-widget-style panel-widget-style-for-w5c8123eac6857-5-0-0\" ><div\n\t\t\t\n\t\t\tclass=\"so-widget-sow-button so-widget-sow-button-flat-6b5f058a71cd\"\n\t\t\t\n\t\t><div class=\"ow-button-base ow-button-align-left\"\n>\n\t\t\t<a\n\t\t\t\t\thref=\"https:\/\/isbw.be\/professionnel\/services-generaux\/la-direction-generale\/\"\n\t\t\t\t\tclass=\"sowb-button ow-icon-placement-left ow-button-hover\" \t>\n\t\t<span>\n\t\t\t<span class=\"sow-icon-fontawesome sow-far\" data-sow-icon=\"&#xf0a4;\"\n\t\tstyle=\"color: #dd3333\" \n\t\taria-hidden=\"true\"><\/span>\n\t\t\tLa Direction g\u00e9n\u00e9rale\t\t<\/span>\n\t\t\t<\/a>\n\t<\/div>\n<\/div><\/div><\/div><\/div><\/div><\/div><div id=\"pg-w5c8123eac6857-6\"  class=\"panel-grid panel-has-style\" ><div class=\"BoutonQuestion panel-row-style panel-row-style-for-w5c8123eac6857-6\" ><div id=\"pgc-w5c8123eac6857-6-0\"  class=\"panel-grid-cell\" ><div id=\"panel-w5c8123eac6857-6-0-0\" class=\"so-panel widget widget_sow-button panel-first-child panel-last-child\" data-index=\"5\" ><div class=\"BoutonQuestion panel-widget-style panel-widget-style-for-w5c8123eac6857-6-0-0\" ><div\n\t\t\t\n\t\t\tclass=\"so-widget-sow-button so-widget-sow-button-flat-6b5f058a71cd\"\n\t\t\t\n\t\t><div class=\"ow-button-base ow-button-align-left\"\n>\n\t\t\t<a\n\t\t\t\tclass=\"sowb-button ow-icon-placement-left ow-button-hover\" \t>\n\t\t<span>\n\t\t\t<span class=\"sow-icon-fontawesome sow-far\" data-sow-icon=\"&#xf0a4;\"\n\t\tstyle=\"color: #dd3333\" \n\t\taria-hidden=\"true\"><\/span>\n\t\t\tLe Service interne de pr\u00e9vention et de protection\t\t<\/span>\n\t\t\t<\/a>\n\t<\/div>\n<\/div><\/div><\/div><\/div><\/div><\/div><\/div><\/div><\/div><\/div><\/div><div id=\"pg-437-1\"  class=\"panel-grid panel-has-style\" ><div class=\"siteorigin-panels-stretch panel-row-style panel-row-style-for-437-1\" data-stretch-type=\"full\" ><div id=\"pgc-437-1-0\"  class=\"panel-grid-cell\" ><div id=\"panel-437-1-0-0\" class=\"so-panel widget widget_siteorigin-panels-builder panel-first-child panel-last-child\" data-index=\"1\" ><div id=\"pl-w5c61929371cb6\"  class=\"panel-layout\" ><div id=\"pg-w5c61929371cb6-0\"  class=\"panel-grid panel-has-style\" ><div class=\"panel-row-style panel-row-style-for-w5c61929371cb6-0\" ><div id=\"pgc-w5c61929371cb6-0-0\"  class=\"panel-grid-cell panel-grid-cell-empty\" ><\/div><div id=\"pgc-w5c61929371cb6-0-1\"  class=\"panel-grid-cell panel-grid-cell-empty\" ><\/div><div id=\"pgc-w5c61929371cb6-0-2\"  class=\"panel-grid-cell panel-grid-cell-empty\" ><\/div><div id=\"pgc-w5c61929371cb6-0-3\"  class=\"panel-grid-cell panel-grid-cell-empty\" ><\/div><div id=\"pgc-w5c61929371cb6-0-4\"  class=\"panel-grid-cell\" ><div id=\"panel-w5c61929371cb6-0-4-0\" class=\"so-panel widget widget_sow-button panel-first-child panel-last-child\" data-index=\"0\" ><div\n\t\t\t\n\t\t\tclass=\"so-widget-sow-button so-widget-sow-button-flat-de31a69c3823\"\n\t\t\t\n\t\t><div class=\"ow-button-base ow-button-align-right\"\n>\n\t\t\t<a\n\t\t\t\t\thref=\"https:\/\/isbw.be\/professionnel\/\"\n\t\t\t\t\tclass=\"sowb-button ow-icon-placement-left ow-button-hover\" title=\"vers Page d&#039;accueil\" \t>\n\t\t<span>\n\t\t\t<span class=\"sow-icon-ionicons\" data-sow-icon=\"&#xf38f;\"\n\t\tstyle=\"color: #ffffff\" \n\t\taria-hidden=\"true\"><\/span>\n\t\t\t\t\t<\/span>\n\t\t\t<\/a>\n\t<\/div>\n<\/div><\/div><\/div><\/div><\/div><\/div><\/div><\/div><\/div><\/div><\/div>","protected":false},"excerpt":{"rendered":"<p>Service g\u00e9n\u00e9raux Le P\u00f4le budgets &amp; finances Le P\u00f4le ressources humaines Le Service informatique et communication La Direction g\u00e9n\u00e9rale Le Service interne de pr\u00e9vention et de protection<\/p>\n","protected":false},"author":1,"featured_media":0,"parent":0,"menu_order":0,"comment_status":"closed","ping_status":"closed","template":"","meta":{"footnotes":""},"class_list":["post-437","page","type-page","status-publish","czr-hentry"],"_links":{"self":[{"href":"https:\/\/isbw.be\/professionnel\/wp-json\/wp\/v2\/pages\/437","targetHints":{"allow":["GET"]}}],"collection":[{"href":"https:\/\/isbw.be\/professionnel\/wp-json\/wp\/v2\/pages"}],"about":[{"href":"https:\/\/isbw.be\/professionnel\/wp-json\/wp\/v2\/types\/page"}],"author":[{"embeddable":true,"href":"https:\/\/isbw.be\/professionnel\/wp-json\/wp\/v2\/users\/1"}],"replies":[{"embeddable":true,"href":"https:\/\/isbw.be\/professionnel\/wp-json\/wp\/v2\/comments?post=437"}],"version-history":[{"count":29,"href":"https:\/\/isbw.be\/professionnel\/wp-json\/wp\/v2\/pages\/437\/revisions"}],"predecessor-version":[{"id":2400,"href":"https:\/\/isbw.be\/professionnel\/wp-json\/wp\/v2\/pages\/437\/revisions\/2400"}],"wp:attachment":[{"href":"https:\/\/isbw.be\/professionnel\/wp-json\/wp\/v2\/media?parent=437"}],"curies":[{"name":"wp","href":"https:\/\/api.w.org\/{rel}","templated":true}]}}