{"id":580,"date":"2019-02-11T14:59:40","date_gmt":"2019-02-11T13:59:40","guid":{"rendered":"http:\/\/isbw.be\/professionnel\/?page_id=580"},"modified":"2025-04-09T15:45:38","modified_gmt":"2025-04-09T13:45:38","slug":"laccompagnement-de-la-personne-handicapee-le-job-coaching","status":"publish","type":"page","link":"https:\/\/isbw.be\/professionnel\/laccompagnement-de-la-personne-handicapee-le-job-coaching\/","title":{"rendered":"L&rsquo;accompagnement de la personne handicap\u00e9e &amp;amp;amp; le job-coaching"},"content":{"rendered":"<div id=\"pl-580\"  class=\"panel-layout\" ><div id=\"pg-580-0\"  class=\"panel-grid panel-has-style\" ><div class=\"siteorigin-panels-stretch panel-row-style panel-row-style-for-580-0\" id=\"Bkg2\" data-stretch-type=\"full\" ><div id=\"pgc-580-0-0\"  class=\"panel-grid-cell\" ><div id=\"panel-580-0-0-0\" class=\"so-panel widget widget_siteorigin-panels-builder panel-first-child panel-last-child\" data-index=\"0\" ><div id=\"pl-w67f679d017f5b\"  class=\"panel-layout\" ><div id=\"pg-w67f679d017f5b-0\"  class=\"panel-grid panel-no-style\" ><div id=\"pgc-w67f679d017f5b-0-0\"  class=\"panel-grid-cell\" ><div id=\"panel-w67f679d017f5b-0-0-0\" class=\"so-panel widget widget_sow-editor panel-first-child panel-last-child\" data-index=\"0\" ><div\n\t\t\t\n\t\t\tclass=\"so-widget-sow-editor so-widget-sow-editor-base\"\n\t\t\t\n\t\t>\n<div class=\"siteorigin-widget-tinymce textwidget\">\n\t<h1><strong>D\u00e9partement Sant\u00e9 et famille<\/strong><\/h1>\n<div id=\"gtx-trans\" style=\"position: absolute; left: -65px; top: 64.4375px;\">\n<div class=\"gtx-trans-icon\"><\/div>\n<\/div>\n<\/div>\n<\/div><\/div><\/div><\/div><div id=\"pg-w67f679d017f5b-1\"  class=\"panel-grid panel-has-style\" ><div class=\"Titrenonbouton panel-row-style panel-row-style-for-w67f679d017f5b-1\" ><div id=\"pgc-w67f679d017f5b-1-0\"  class=\"panel-grid-cell\" ><div id=\"panel-w67f679d017f5b-1-0-0\" class=\"so-panel widget widget_sow-icon panel-first-child panel-last-child\" data-index=\"1\" ><div\n\t\t\t\n\t\t\tclass=\"so-widget-sow-icon so-widget-sow-icon-default-bea670614984\"\n\t\t\t\n\t\t>\n<div class=\"sow-icon-container sow-icon\">\n\t\t\t<span class=\"sow-icon-fontawesome sow-fas\" data-sow-icon=\"&#xf0a9;\"\n\t\t \n\t\taria-hidden=\"true\"><\/span>\t<\/div>\n<\/div><\/div><\/div><div id=\"pgc-w67f679d017f5b-1-1\"  class=\"panel-grid-cell\" ><div id=\"panel-w67f679d017f5b-1-1-0\" class=\"so-panel widget widget_sow-editor panel-first-child panel-last-child\" data-index=\"2\" ><div\n\t\t\t\n\t\t\tclass=\"so-widget-sow-editor so-widget-sow-editor-base\"\n\t\t\t\n\t\t>\n<div class=\"siteorigin-widget-tinymce textwidget\">\n\t<h2>L'accompagnement de la personne handicap\u00e9e &amp; le job-coaching<\/h2>\n<\/div>\n<\/div><\/div><\/div><\/div><\/div><div id=\"pg-w67f679d017f5b-2\"  class=\"panel-grid panel-has-style\" ><div class=\"Titrenonbouton panel-row-style panel-row-style-for-w67f679d017f5b-2\" ><div id=\"pgc-w67f679d017f5b-2-0\"  class=\"panel-grid-cell panel-grid-cell-empty\" ><\/div><div id=\"pgc-w67f679d017f5b-2-1\"  class=\"panel-grid-cell\" ><div id=\"panel-w67f679d017f5b-2-1-0\" class=\"so-panel widget widget_sow-editor panel-first-child panel-last-child\" data-index=\"3\" ><div class=\"panel-widget-style panel-widget-style-for-w67f679d017f5b-2-1-0\" ><div\n\t\t\t\n\t\t\tclass=\"so-widget-sow-editor so-widget-sow-editor-base\"\n\t\t\t\n\t\t>\n<div class=\"siteorigin-widget-tinymce textwidget\">\n\t<p style=\"padding-left: 80px;\"><span style=\"color: #000000;\"><a style=\"color: #000000;\" href=\"https:\/\/isbw.be\/professionnel\/laccompagnement-de-la-personne-handicapee-le-job-coaching#PROsaphQuisommesnous\"><strong>Qui sommes-nous ?<\/strong><\/a><\/span><\/p>\n<p style=\"padding-left: 80px;\"><span style=\"color: #000000;\"><a style=\"color: #000000;\" href=\"https:\/\/isbw.be\/professionnel\/laccompagnement-de-la-personne-handicapee-le-job-coaching#PROsaphQueproposonsnous\"><strong>Que proposons-nous ?<\/strong><\/a><\/span><\/p>\n<p style=\"padding-left: 80px;\"><span style=\"color: #000000;\"><a style=\"color: #000000;\" href=\"https:\/\/isbw.be\/professionnel\/laccompagnement-de-la-personne-handicapee-le-job-coaching#PROsaphPourqui\"><strong>Pour qui ?<\/strong><\/a><\/span><\/p>\n<p style=\"padding-left: 80px;\"><span style=\"color: #000000;\"><a style=\"color: #000000;\" href=\"https:\/\/isbw.be\/professionnel\/laccompagnement-de-la-personne-handicapee-le-job-coaching#PROsaphFonctionnement\"><strong>Fonctionnement<\/strong><\/a><\/span><\/p>\n<p style=\"padding-left: 80px;\"><span style=\"color: #000000;\"><a style=\"color: #000000;\" href=\"https:\/\/isbw.be\/professionnel\/laccompagnement-de-la-personne-handicapee-le-job-coaching#PROsaphLequipe\"><strong>L\u2019\u00e9quipe<\/strong><\/a><\/span><\/p>\n<p style=\"padding-left: 80px;\"><span style=\"color: #000000;\"><a style=\"color: #000000;\" href=\"https:\/\/isbw.be\/professionnel\/laccompagnement-de-la-personne-handicapee-le-job-coaching#PROsaphNouscontacter\"><strong>Nous contacter<\/strong><\/a><\/span><\/p>\n<\/div>\n<\/div><\/div><\/div><\/div><\/div><\/div><div id=\"pg-w67f679d017f5b-3\"  class=\"panel-grid panel-has-style\" ><div class=\"Titrenonbouton panel-row-style panel-row-style-for-w67f679d017f5b-3\" ><div id=\"pgc-w67f679d017f5b-3-0\"  class=\"panel-grid-cell panel-grid-cell-empty\" ><\/div><div id=\"pgc-w67f679d017f5b-3-1\"  class=\"panel-grid-cell\" ><div id=\"panel-w67f679d017f5b-3-1-0\" class=\"so-panel widget widget_sow-editor panel-first-child panel-last-child\" data-index=\"4\" ><div class=\"BlocTexteDeco panel-widget-style panel-widget-style-for-w67f679d017f5b-3-1-0\" ><div\n\t\t\t\n\t\t\tclass=\"so-widget-sow-editor so-widget-sow-editor-base\"\n\t\t\t\n\t\t>\n<div class=\"siteorigin-widget-tinymce textwidget\">\n\t<h3><a id=\"PROsaphQuisommesnous\"><\/a>Qui sommes-nous ?<\/h3>\n<p style=\"text-align: left; padding-left: 40px;\">Le Service d\u2019accompagnement de la personne handicap\u00e9e de l\u2019ISBW accompagne gratuitement des personnes adultes en situation de handicap domicili\u00e9es sur le territoire du Brabant wallon.<br \/>\nCe Service est agr\u00e9\u00e9 et subventionn\u00e9 par l\u2019<a href=\"https:\/\/www.aviq.be\/\" target=\"_blank\" rel=\"noopener\"><span style=\"color: #000000;\">AVIQ (l\u2019Agence pour une Vie de Qualit\u00e9 - Nouvelle fen\u00eatre)<\/span><\/a>.<br \/>\nLe jobcoach est \u00e9galement agr\u00e9\u00e9 et subventionn\u00e9 par l\u2019AViQ.<\/p>\n<\/div>\n<\/div><\/div><\/div><\/div><\/div><\/div><div id=\"pg-w67f679d017f5b-4\"  class=\"panel-grid panel-has-style\" ><div class=\"Titrenonbouton panel-row-style panel-row-style-for-w67f679d017f5b-4\" ><div id=\"pgc-w67f679d017f5b-4-0\"  class=\"panel-grid-cell panel-grid-cell-empty\" ><\/div><div id=\"pgc-w67f679d017f5b-4-1\"  class=\"panel-grid-cell\" ><div id=\"panel-w67f679d017f5b-4-1-0\" class=\"so-panel widget widget_sow-editor panel-first-child panel-last-child\" data-index=\"5\" ><div class=\"BlocTexteDeco panel-widget-style panel-widget-style-for-w67f679d017f5b-4-1-0\" ><div\n\t\t\t\n\t\t\tclass=\"so-widget-sow-editor so-widget-sow-editor-base\"\n\t\t\t\n\t\t>\n<div class=\"siteorigin-widget-tinymce textwidget\">\n\t<h3><a id=\"PROsaphQueproposonsnous\"><\/a>Que proposons-nous ?<\/h3>\n<p style=\"text-align: left; padding-left: 40px;\">Un accompagnement personnalis\u00e9 et individualis\u00e9 en fonction de la demande, et ce, dans diff\u00e9rents domaines (recherche d\u2019un logement, d\u2019une activit\u00e9, d\u2019un travail, aide dans des d\u00e9marches administratives, accompagnement \u00e0 des rendez-vous m\u00e9dicaux, etc.).<br \/>\nCet accompagnement, construit <strong>avec<\/strong> l\u2019usager, permet de le rendre pleinement <strong>acteur<\/strong> et responsable de son projet de vie et de l\u2019encourager \u00e0 l\u2019autonomie.<\/p>\n<p style=\"text-align: left; padding-left: 40px;\">Des informations relatives au champ du handicap (processus de reconnaissance par diff\u00e9rents organismes, enseignement, aides \u00e0 l\u2019emploi, aides mat\u00e9rielles, possibilit\u00e9 de logement, orientation vers le r\u00e9seau,\u2026) ; un \u00e9clairage sur les r\u00e9alit\u00e9s que vivent les personnes en situation de handicap ; des conseils, un soutien par rapport \u00e0 l\u2019accueil, l\u2019inclusion de celles-ci.<\/p>\n<p style=\"text-align: left; padding-left: 40px;\">Partager nos connaissances et \u00e9changer sur nos mani\u00e8res d\u2019accompagner.<\/p>\n<p style=\"text-align: left; padding-left: 40px;\">R\u00e9fl\u00e9chir entre services aux actions collectives que nous pourrions mettre en \u0153uvre ensemble afin de r\u00e9pondre aux besoins individuels des usagers ainsi que mettre en place des projets en partenariat.<\/p>\n<p style=\"text-align: left; padding-left: 40px;\">Travailler en r\u00e9seau.<\/p>\n<\/div>\n<\/div><\/div><\/div><\/div><\/div><\/div><div id=\"pg-w67f679d017f5b-5\"  class=\"panel-grid panel-has-style\" ><div class=\"Titrenonbouton panel-row-style panel-row-style-for-w67f679d017f5b-5\" ><div id=\"pgc-w67f679d017f5b-5-0\"  class=\"panel-grid-cell panel-grid-cell-empty\" ><\/div><div id=\"pgc-w67f679d017f5b-5-1\"  class=\"panel-grid-cell\" ><div id=\"panel-w67f679d017f5b-5-1-0\" class=\"so-panel widget widget_sow-editor panel-first-child panel-last-child\" data-index=\"6\" ><div class=\"BlocTexteDeco panel-widget-style panel-widget-style-for-w67f679d017f5b-5-1-0\" ><div\n\t\t\t\n\t\t\tclass=\"so-widget-sow-editor so-widget-sow-editor-base\"\n\t\t\t\n\t\t>\n<div class=\"siteorigin-widget-tinymce textwidget\">\n\t<h3><a id=\"PROsaphPourqui\"><\/a>Pour qui ?<\/h3>\n<p style=\"text-align: left; padding-left: 30px;\">Vous \u00eates un service social, un centre de formation, une institution culturelle ou de loisirs, un employeur\u2026 et<\/p>\n<p style=\"text-align: left; padding-left: 30px;\">Une personne en situation de handicap vous a fait part de projets ou de difficult\u00e9s ET est en demande d\u2019aide\/ d\u2019accompagnement pour les r\u00e9aliser ou les d\u00e9passer, vous pouvez faire appel \u00e0 notre Service pour :<\/p>\n<ul>\n<li style=\"list-style-type: none;\">\n<ul>\n<li style=\"text-align: left;\">un accompagnement des personnes (apr\u00e8s passage sur liste d\u2019attente \u00e9ventuelle) ;<\/li>\n<li style=\"text-align: left;\">pour r\u00e9fl\u00e9chir avec vous aux premi\u00e8res orientations ou pistes de solutions pour la personne ou vos services ;<\/li>\n<li style=\"text-align: left;\">pour r\u00e9aliser une sensibilisation\u2026<\/li>\n<\/ul>\n<\/li>\n<\/ul>\n<p style=\"text-align: left; padding-left: 30px;\">Vous avez des questions quant \u00e0 l\u2019inclusion des personnes en situation de handicap dans divers domaines (proc\u00e9dure administrative, r\u00e9alisation d\u2019activit\u00e9s, insertion professionnelle, mat\u00e9riel adapt\u00e9, outils pratiques, \u2026) ? Nous sommes \u00e0 votre disposition.<\/p>\n<p style=\"text-align: left; padding-left: 30px;\">Vous souhaitez d\u00e9velopper un projet incluant des personnes en situation de handicap et\/ou un partenariat avec notre Service ? Contactez-nous afin que nous puissions en discuter.<\/p>\n<\/div>\n<\/div><\/div><\/div><\/div><\/div><\/div><div id=\"pg-w67f679d017f5b-6\"  class=\"panel-grid panel-has-style\" ><div class=\"Titrenonbouton panel-row-style panel-row-style-for-w67f679d017f5b-6\" ><div id=\"pgc-w67f679d017f5b-6-0\"  class=\"panel-grid-cell panel-grid-cell-empty\" ><\/div><div id=\"pgc-w67f679d017f5b-6-1\"  class=\"panel-grid-cell\" ><div id=\"panel-w67f679d017f5b-6-1-0\" class=\"so-panel widget widget_sow-editor panel-first-child panel-last-child\" data-index=\"7\" ><div class=\"BlocTexteDeco panel-widget-style panel-widget-style-for-w67f679d017f5b-6-1-0\" ><div\n\t\t\t\n\t\t\tclass=\"so-widget-sow-editor so-widget-sow-editor-base\"\n\t\t\t\n\t\t>\n<div class=\"siteorigin-widget-tinymce textwidget\">\n\t<h3><a id=\"PROsaphFonctionnement\"><\/a>Fonctionnement ?<\/h3>\n<p style=\"text-align: left; padding-left: 30px;\">Selon la nature de votre demande et des personnes accompagn\u00e9es par notre Service, nous r\u00e9alisons des entretiens d\u2019accueil, des r\u00e9unions de r\u00e9seau et\/ou concertations.<\/p>\n<p style=\"text-align: left; padding-left: 30px;\">S\u2019il s\u2019agit d\u2019une demande d\u2019accompagnement individuel, dans la mesure du possible, nous privil\u00e9gions un 1er contact pris directement par la personne elle-m\u00eame, afin de garder la personne au centre de ses projets\/demandes. Il est toutefois possible que l\u2019intervenant de votre service participe au premier entretien.<\/p>\n<p style=\"text-align: left; padding-left: 30px;\">N\u2019h\u00e9sitez pas \u00e0 nous contacter par t\u00e9l\u00e9phone durant nos heures de permanence au <span style=\"color: #000000;\"><a style=\"color: #000000;\" href=\"tel:+3210659188\">010\/659.188<\/a><\/span> les lundis et mardis (9h30-11h30) ainsi que les jeudis (14h-16h) ou via notre cheffe de Service, \u00c9lodie Marion : <span style=\"color: #000000;\"><a style=\"color: #000000;\" href=\"mailto:elodie.marion@isbw.be\">elodie.marion@isbw.be<\/a><\/span><\/p>\n<\/div>\n<\/div><\/div><\/div><\/div><\/div><\/div><div id=\"pg-w67f679d017f5b-7\"  class=\"panel-grid panel-has-style\" ><div class=\"Titrenonbouton panel-row-style panel-row-style-for-w67f679d017f5b-7\" ><div id=\"pgc-w67f679d017f5b-7-0\"  class=\"panel-grid-cell panel-grid-cell-empty\" ><\/div><div id=\"pgc-w67f679d017f5b-7-1\"  class=\"panel-grid-cell\" ><div id=\"panel-w67f679d017f5b-7-1-0\" class=\"so-panel widget widget_sow-editor panel-first-child panel-last-child\" data-index=\"8\" ><div class=\"BlocTexteDeco panel-widget-style panel-widget-style-for-w67f679d017f5b-7-1-0\" ><div\n\t\t\t\n\t\t\tclass=\"so-widget-sow-editor so-widget-sow-editor-base\"\n\t\t\t\n\t\t>\n<div class=\"siteorigin-widget-tinymce textwidget\">\n\t<h3><a id=\"PROsaphLequipe\"><\/a>L'\u00e9quipe<\/h3>\n<p style=\"text-align: left; padding-left: 30px;\">Des professionnels qui continuent de se former au fil des ann\u00e9es et ce, en fonction des besoins qui \u00e9voluent sur le terrain et qui participent \u00e0 de nombreux groupes de travail et comit\u00e9s avec le r\u00e9seau.<br \/>\nNotre \u00e9quipe pluridisciplinaire se compose de :<\/p>\n<ul>\n<li style=\"list-style-type: none;\">\n<ul>\n<li>Une cheffe de D\u00e9partement : Aur\u00e9lie Meugens<\/li>\n<li>Une cheffe de Service : \u00c9lodie Marion<\/li>\n<li>Trois intervenantes sociales :\n<ul>\n<li class=\"\">Morgann Ancart,<\/li>\n<li class=\"on\">Laura Perri (Soutien dans l'emploi),<\/li>\n<li>C\u00e9line Michiels,<\/li>\n<li class=\"\">St\u00e9phanie Namurois-Bauche.<\/li>\n<\/ul>\n<\/li>\n<\/ul>\n<\/li>\n<\/ul>\n<\/div>\n<\/div><\/div><\/div><\/div><\/div><\/div><div id=\"pg-w67f679d017f5b-8\"  class=\"panel-grid panel-has-style\" ><div class=\"Titrenonbouton panel-row-style panel-row-style-for-w67f679d017f5b-8\" ><div id=\"pgc-w67f679d017f5b-8-0\"  class=\"panel-grid-cell panel-grid-cell-empty\" ><\/div><div id=\"pgc-w67f679d017f5b-8-1\"  class=\"panel-grid-cell\" ><div id=\"panel-w67f679d017f5b-8-1-0\" class=\"so-panel widget widget_sow-editor panel-first-child panel-last-child\" data-index=\"9\" ><div class=\"panel-widget-style panel-widget-style-for-w67f679d017f5b-8-1-0\" ><div\n\t\t\t\n\t\t\tclass=\"so-widget-sow-editor so-widget-sow-editor-base\"\n\t\t\t\n\t\t>\n<div class=\"siteorigin-widget-tinymce textwidget\">\n\t<h3><a id=\"PROsaphNouscontacter\"><\/a>Nous contacter...<\/h3>\n<p style=\"padding-left: 30px;\"><b>Notre adresse postale :<\/b><\/p>\n<p style=\"padding-left: 60px;\">Intercommunale sociale du Brabant wallon, Service d'accompagnement de la personne handicap\u00e9e, 12 Place Henri Berger - 1300 Wavre<\/p>\n<p style=\"padding-left: 30px;\"><strong>Notre permanence t\u00e9l\u00e9phonique<\/strong> :<\/p>\n<p style=\"padding-left: 60px;\"><strong>Le <span style=\"color: #000000;\"><a style=\"color: #000000;\" href=\"tel:+3210659188\">010\/659.188<\/a>, <\/span><\/strong><\/p>\n<p style=\"padding-left: 30px;\"><strong>Nos horaires :<\/strong><\/p>\n<ul>\n<li style=\"list-style-type: none;\">\n<ul>\n<li class=\"\">Permanence t\u00e9l\u00e9phonique et dans nos bureaux : tous les jeudis de 13h30 \u00e0 16h ;<\/li>\n<li class=\"on\">Sur rendez-vous : du lundi au vendredi, de 9h \u00e0 17h.<\/li>\n<\/ul>\n<\/li>\n<\/ul>\n<p style=\"padding-left: 30px;\">Pour nous joindre par courriel : <span style=\"color: #000000;\"><a style=\"color: #000000;\" href=\"mailto:saph@isbw.be\">saph@isbw.be<\/a>.<\/span><\/p>\n<p style=\"padding-left: 30px;\">Le Service se d\u00e9place \u00e0 Jodoigne sur rendez-vous<br \/>\nChauss\u00e9e de Charleroi, 60 - 1370 Jodoigne<br \/>\n(dans les b\u00e2timents de l\u2019asbl \u00abNotre Maison\u00bb).<\/p>\n<\/div>\n<\/div><\/div><\/div><\/div><\/div><\/div><\/div><\/div><\/div><\/div><\/div><div id=\"pg-580-1\"  class=\"panel-grid panel-has-style\" ><div class=\"siteorigin-panels-stretch panel-row-style panel-row-style-for-580-1\" data-stretch-type=\"full\" ><div id=\"pgc-580-1-0\"  class=\"panel-grid-cell\" ><div id=\"panel-580-1-0-0\" class=\"so-panel widget widget_siteorigin-panels-builder panel-first-child panel-last-child\" data-index=\"1\" ><div id=\"pl-w619e43c822bed\"  class=\"panel-layout\" ><div id=\"pg-w619e43c822bed-0\"  class=\"panel-grid panel-has-style\" ><div class=\"panel-row-style panel-row-style-for-w619e43c822bed-0\" ><div id=\"pgc-w619e43c822bed-0-0\"  class=\"panel-grid-cell panel-grid-cell-empty\" ><\/div><div id=\"pgc-w619e43c822bed-0-1\"  class=\"panel-grid-cell panel-grid-cell-empty\" ><\/div><div id=\"pgc-w619e43c822bed-0-2\"  class=\"panel-grid-cell panel-grid-cell-empty\" ><\/div><div id=\"pgc-w619e43c822bed-0-3\"  class=\"panel-grid-cell panel-grid-cell-empty\" ><\/div><div id=\"pgc-w619e43c822bed-0-4\"  class=\"panel-grid-cell\" ><div id=\"panel-w619e43c822bed-0-4-0\" class=\"so-panel widget widget_sow-button panel-first-child panel-last-child\" data-index=\"0\" ><div\n\t\t\t\n\t\t\tclass=\"so-widget-sow-button so-widget-sow-button-flat-a82b5bbf9c13\"\n\t\t\t\n\t\t><div class=\"ow-button-base ow-button-align-right\"\n>\n\t\t\t<a\n\t\t\t\t\thref=\"https:\/\/isbw.be\/professionnel\/\"\n\t\t\t\t\tclass=\"sowb-button ow-icon-placement-left ow-button-hover\" title=\"vers l&#039;Accompagnement\" \t>\n\t\t<span>\n\t\t\t<span class=\"sow-icon-ionicons\" data-sow-icon=\"&#xf38f;\"\n\t\tstyle=\"color: #ffffff\" \n\t\taria-hidden=\"true\"><\/span>\n\t\t\t\t\t<\/span>\n\t\t\t<\/a>\n\t<\/div>\n<\/div><\/div><\/div><\/div><\/div><\/div><\/div><\/div><\/div><\/div><\/div>","protected":false},"excerpt":{"rendered":"<p>D\u00e9partement Sant\u00e9 et famille L&rsquo;accompagnement de la personne handicap\u00e9e &amp; le job-coaching Qui sommes-nous ? Que proposons-nous ? Pour qui ? Fonctionnement L\u2019\u00e9quipe Nous contacter Qui sommes-nous ? Le Service d\u2019accompagnement de la personne handicap\u00e9e de l\u2019ISBW accompagne gratuitement des personnes adultes en situation de handicap domicili\u00e9es sur le territoire du Brabant wallon. Ce Service [&hellip;]<\/p>\n","protected":false},"author":1,"featured_media":0,"parent":0,"menu_order":0,"comment_status":"closed","ping_status":"closed","template":"","meta":{"footnotes":""},"class_list":["post-580","page","type-page","status-publish","czr-hentry"],"_links":{"self":[{"href":"https:\/\/isbw.be\/professionnel\/wp-json\/wp\/v2\/pages\/580","targetHints":{"allow":["GET"]}}],"collection":[{"href":"https:\/\/isbw.be\/professionnel\/wp-json\/wp\/v2\/pages"}],"about":[{"href":"https:\/\/isbw.be\/professionnel\/wp-json\/wp\/v2\/types\/page"}],"author":[{"embeddable":true,"href":"https:\/\/isbw.be\/professionnel\/wp-json\/wp\/v2\/users\/1"}],"replies":[{"embeddable":true,"href":"https:\/\/isbw.be\/professionnel\/wp-json\/wp\/v2\/comments?post=580"}],"version-history":[{"count":98,"href":"https:\/\/isbw.be\/professionnel\/wp-json\/wp\/v2\/pages\/580\/revisions"}],"predecessor-version":[{"id":2922,"href":"https:\/\/isbw.be\/professionnel\/wp-json\/wp\/v2\/pages\/580\/revisions\/2922"}],"wp:attachment":[{"href":"https:\/\/isbw.be\/professionnel\/wp-json\/wp\/v2\/media?parent=580"}],"curies":[{"name":"wp","href":"https:\/\/api.w.org\/{rel}","templated":true}]}}