{"id":645,"date":"2019-02-11T16:12:44","date_gmt":"2019-02-11T15:12:44","guid":{"rendered":"http:\/\/isbw.be\/professionnel\/?page_id=645"},"modified":"2024-12-24T12:01:16","modified_gmt":"2024-12-24T11:01:16","slug":"le-pole-budget-finances","status":"publish","type":"page","link":"https:\/\/isbw.be\/professionnel\/services-generaux\/le-pole-budget-finances\/","title":{"rendered":"Le Pole Budget &amp;amp;amp; Finances"},"content":{"rendered":"<div id=\"pl-645\"  class=\"panel-layout\" ><div id=\"pg-645-0\"  class=\"panel-grid panel-has-style\" ><div class=\"siteorigin-panels-stretch panel-row-style panel-row-style-for-645-0\" id=\"Bkg2\" data-stretch-type=\"full\" ><div id=\"pgc-645-0-0\"  class=\"panel-grid-cell\" ><div id=\"panel-645-0-0-0\" class=\"so-panel widget widget_siteorigin-panels-builder panel-first-child panel-last-child\" data-index=\"0\" ><div id=\"pl-w676a9464059a7\"  class=\"panel-layout\" ><div id=\"pg-w676a9464059a7-0\"  class=\"panel-grid panel-no-style\" ><div id=\"pgc-w676a9464059a7-0-0\"  class=\"panel-grid-cell\" ><div id=\"panel-w676a9464059a7-0-0-0\" class=\"so-panel widget widget_sow-editor panel-first-child panel-last-child\" data-index=\"0\" ><div\n\t\t\t\n\t\t\tclass=\"so-widget-sow-editor so-widget-sow-editor-base\"\n\t\t\t\n\t\t>\n<div class=\"siteorigin-widget-tinymce textwidget\">\n\t<h1><strong>Les Services g\u00e9n\u00e9raux<\/strong><\/h1>\n<\/div>\n<\/div><\/div><\/div><\/div><div id=\"pg-w676a9464059a7-1\"  class=\"panel-grid panel-has-style\" ><div class=\"Titrenonbouton panel-row-style panel-row-style-for-w676a9464059a7-1\" ><div id=\"pgc-w676a9464059a7-1-0\"  class=\"panel-grid-cell\" ><div id=\"panel-w676a9464059a7-1-0-0\" class=\"so-panel widget widget_sow-icon panel-first-child panel-last-child\" data-index=\"1\" ><div\n\t\t\t\n\t\t\tclass=\"so-widget-sow-icon so-widget-sow-icon-default-bea670614984\"\n\t\t\t\n\t\t>\n<div class=\"sow-icon-container sow-icon\">\n\t\t\t<span class=\"sow-icon-fontawesome sow-fas\" data-sow-icon=\"&#xf0a9;\"\n\t\t \n\t\taria-hidden=\"true\"><\/span>\t<\/div>\n<\/div><\/div><\/div><div id=\"pgc-w676a9464059a7-1-1\"  class=\"panel-grid-cell\" ><div id=\"panel-w676a9464059a7-1-1-0\" class=\"so-panel widget widget_sow-editor panel-first-child panel-last-child\" data-index=\"2\" ><div\n\t\t\t\n\t\t\tclass=\"so-widget-sow-editor so-widget-sow-editor-base\"\n\t\t\t\n\t\t>\n<div class=\"siteorigin-widget-tinymce textwidget\">\n\t<h2>Le P\u00f4le budgets &amp; finances<\/h2>\n<\/div>\n<\/div><\/div><\/div><\/div><\/div><div id=\"pg-w676a9464059a7-2\"  class=\"panel-grid panel-has-style\" ><div class=\"Titrenonbouton panel-row-style panel-row-style-for-w676a9464059a7-2\" ><div id=\"pgc-w676a9464059a7-2-0\"  class=\"panel-grid-cell panel-grid-cell-empty\" ><\/div><div id=\"pgc-w676a9464059a7-2-1\"  class=\"panel-grid-cell\" ><div id=\"panel-w676a9464059a7-2-1-0\" class=\"so-panel widget widget_sow-editor panel-first-child panel-last-child\" data-index=\"3\" ><div class=\"panel-widget-style panel-widget-style-for-w676a9464059a7-2-1-0\" ><div\n\t\t\t\n\t\t\tclass=\"so-widget-sow-editor so-widget-sow-editor-base\"\n\t\t\t\n\t\t>\n<div class=\"siteorigin-widget-tinymce textwidget\">\n\t<p style=\"text-align: left; padding-left: 90px;\"><a href=\"https:\/\/isbw.be\/professionnel\/services-generaux\/le-pole-budget-finances#PROpb&amp;fQuisommesnous\"><span style=\"color: #000000;\"><strong>Qui sommes-nous ?<\/strong><\/span><\/a><\/p>\n<p style=\"text-align: left; padding-left: 90px;\"><span style=\"color: #000000;\"><a style=\"color: #000000;\" href=\"https:\/\/isbw.be\/professionnel\/services-generaux\/le-pole-budget-finances#PROpb&amp;fFacture\"><strong>Facture<\/strong><\/a><\/span><\/p>\n<p style=\"text-align: left; padding-left: 90px;\"><span style=\"color: #000000;\"><a style=\"color: #000000;\" href=\"https:\/\/isbw.be\/professionnel\/services-generaux\/le-pole-budget-finances#PROpb&amp;fAttestation\"><strong>Attestation<\/strong><\/a><\/span><\/p>\n<p style=\"text-align: left; padding-left: 90px;\"><span style=\"color: #000000;\"><a style=\"color: #000000;\" href=\"https:\/\/isbw.be\/professionnel\/services-generaux\/le-pole-budget-finances#PROpb&amp;fLequipe\"><strong>L'\u00e9quipe<\/strong><\/a><\/span><\/p>\n<p style=\"text-align: left; padding-left: 90px;\"><span style=\"color: #000000;\"><a style=\"color: #000000;\" href=\"https:\/\/isbw.be\/professionnel\/services-generaux\/le-pole-budget-finances#PROpb&amp;fNouscontacter\"><strong>Nous contacter<\/strong><\/a><\/span><\/p>\n<\/div>\n<\/div><\/div><\/div><\/div><\/div><\/div><div id=\"pg-w676a9464059a7-3\"  class=\"panel-grid panel-has-style\" ><div class=\"Titrenonbouton panel-row-style panel-row-style-for-w676a9464059a7-3\" ><div id=\"pgc-w676a9464059a7-3-0\"  class=\"panel-grid-cell panel-grid-cell-empty\" ><\/div><div id=\"pgc-w676a9464059a7-3-1\"  class=\"panel-grid-cell\" ><div id=\"panel-w676a9464059a7-3-1-0\" class=\"so-panel widget widget_sow-editor panel-first-child panel-last-child\" data-index=\"4\" ><div class=\"BlocTexteDeco panel-widget-style panel-widget-style-for-w676a9464059a7-3-1-0\" ><div\n\t\t\t\n\t\t\tclass=\"so-widget-sow-editor so-widget-sow-editor-base\"\n\t\t\t\n\t\t>\n<div class=\"siteorigin-widget-tinymce textwidget\">\n\t<h3><a id=\"PROpb&amp;fQuisommesnous\"><\/a>Qui sommes-nous ?<\/h3>\n<p style=\"padding-left: 30px;\">Le P\u00f4le Budget et Finances de l\u2019ISBW a pour mission d\u2019assurer la gestion comptable, la gestion des subsides et le suivi de la tr\u00e9sorerie de l\u2019Intercommunale. Il \u00e9labore et suit le budget, g\u00e8re l\u2019\u00e9conomat.<br \/>\nll facture aux clients les prestations fournies par les diff\u00e9rents Services de l\u2019Intercommunale et assure le suivi et le paiement des factures des fournisseurs.<\/p>\n<\/div>\n<\/div><\/div><\/div><\/div><\/div><\/div><div id=\"pg-w676a9464059a7-4\"  class=\"panel-grid panel-has-style\" ><div class=\"Titrenonbouton panel-row-style panel-row-style-for-w676a9464059a7-4\" ><div id=\"pgc-w676a9464059a7-4-0\"  class=\"panel-grid-cell panel-grid-cell-empty\" ><\/div><div id=\"pgc-w676a9464059a7-4-1\"  class=\"panel-grid-cell\" ><div id=\"panel-w676a9464059a7-4-1-0\" class=\"so-panel widget widget_sow-editor panel-first-child panel-last-child\" data-index=\"5\" ><div class=\"BlocTexteDeco panel-widget-style panel-widget-style-for-w676a9464059a7-4-1-0\" ><div\n\t\t\t\n\t\t\tclass=\"so-widget-sow-editor so-widget-sow-editor-base\"\n\t\t\t\n\t\t>\n<div class=\"siteorigin-widget-tinymce textwidget\">\n\t<h3><a id=\"PROpb&amp;fFacture\"><\/a>Facture...<\/h3>\n<p style=\"padding-left: 30px;\">Sans doute moins sympathique que le sourire du personnel de l\u2019ISBW, elle fait partie int\u00e9grante des services que nous devons vous rendre : la facture.<\/p>\n<p style=\"padding-left: 30px;\">Bon \u00e0 savoir :<\/p>\n<ul class=\"Decaliste\">\n<li>Vous \u00eates b\u00e9n\u00e9ficiaire et avez une question par rapport \u00e0 une facture re\u00e7ue ? N\u2019h\u00e9sitez pas \u00e0 prendre contact avec la personne ou le service renseign\u00e9 dans le coin sup\u00e9rieur droit de votre facture.<\/li>\n<li>Vous \u00eates fournisseur et avez une question \u00e0 poser par rapport \u00e0 une facture \u00e0 nous faire parvenir ? N\u2019h\u00e9sitez pas \u00e0 prendre contact avec le service qui vous a pass\u00e9 la commande.<\/li>\n<li>Vous \u00eates fournisseur et avez une question \u00e0 poser par rapport \u00e0 une facture : <span style=\"color: #000000;\"><a style=\"color: #000000;\" href=\"mailto:comptabilite@isbw.be\">comptabilite@isbw.be<\/a><\/span><\/li>\n<\/ul>\n<p style=\"padding-left: 30px;\">N\u2019oubliez pas de nous communiquer votre changement d\u2019adresse en informant les services dont vous \u00eates b\u00e9n\u00e9ficiaire.<\/p>\n<p style=\"padding-left: 30px;\">Pour toutes autres questions, <a href=\"https:\/\/isbw.be\/professionnel\/services-generaux\/le-pole-budget-finances#PROpb&amp;fNouscontacter\"><span style=\"color: #000000;\">nous contacter<\/span><\/a>.<\/p>\n<\/div>\n<\/div><\/div><\/div><\/div><\/div><\/div><div id=\"pg-w676a9464059a7-5\"  class=\"panel-grid panel-has-style\" ><div class=\"Titrenonbouton panel-row-style panel-row-style-for-w676a9464059a7-5\" ><div id=\"pgc-w676a9464059a7-5-0\"  class=\"panel-grid-cell panel-grid-cell-empty\" ><\/div><div id=\"pgc-w676a9464059a7-5-1\"  class=\"panel-grid-cell\" ><div id=\"panel-w676a9464059a7-5-1-0\" class=\"so-panel widget widget_sow-editor panel-first-child panel-last-child\" data-index=\"6\" ><div class=\"BlocTexteDeco panel-widget-style panel-widget-style-for-w676a9464059a7-5-1-0\" ><div\n\t\t\t\n\t\t\tclass=\"so-widget-sow-editor so-widget-sow-editor-base\"\n\t\t\t\n\t\t>\n<div class=\"siteorigin-widget-tinymce textwidget\">\n\t<h3><a id=\"PROpb&amp;fAttestation\"><\/a>Attestation<\/h3>\n<p style=\"padding-left: 30px;\">Certaines prestations de nos services sont d\u00e9ductibles fiscalement. Sachez que si toutes les factures ont \u00e9t\u00e9 pay\u00e9es, l\u2019attestation fiscale vous est transmise d\u2019office durant les mois d\u2019avril et mai. Toutefois si vous n\u2019avez pas re\u00e7u votre attestation fiscale au 1er juin, n\u2019h\u00e9sitez pas \u00e0 prendre <span style=\"color: #000000;\"><a style=\"color: #000000;\" href=\"https:\/\/isbw.be\/professionnel\/services-generaux\/le-pole-budget-finances#PROpb&amp;fNouscontacter\">contact<\/a><\/span> avec le P\u00f4le Budget et Finances.<\/p>\n<p style=\"padding-left: 30px;\">N\u2019oubliez pas de nous communiquer votre changement d\u2019adresse en informant les services dont vous \u00eates b\u00e9n\u00e9ficiaire.<\/p>\n<\/div>\n<\/div><\/div><\/div><\/div><\/div><\/div><div id=\"pg-w676a9464059a7-6\"  class=\"panel-grid panel-has-style\" ><div class=\"Titrenonbouton panel-row-style panel-row-style-for-w676a9464059a7-6\" ><div id=\"pgc-w676a9464059a7-6-0\"  class=\"panel-grid-cell panel-grid-cell-empty\" ><\/div><div id=\"pgc-w676a9464059a7-6-1\"  class=\"panel-grid-cell\" ><div id=\"panel-w676a9464059a7-6-1-0\" class=\"so-panel widget widget_sow-editor panel-first-child panel-last-child\" data-index=\"7\" ><div class=\"BlocTexteDeco panel-widget-style panel-widget-style-for-w676a9464059a7-6-1-0\" ><div\n\t\t\t\n\t\t\tclass=\"so-widget-sow-editor so-widget-sow-editor-base\"\n\t\t\t\n\t\t>\n<div class=\"siteorigin-widget-tinymce textwidget\">\n\t<h3><a id=\"PROpb&amp;fLequipe\"><\/a>L'\u00e9quipe<\/h3>\n<p style=\"padding-left: 30px;\">Le P\u00f4le budget et finances est compos\u00e9 :<\/p>\n<ul class=\"Decaliste\">\n<li>d\u2019une Adjointe \u00e0 la Direction, Anne Lenoir ;<\/li>\n<li>d\u2019un Chef de P\u00f4le, Joris Fierain ;<\/li>\n<li class=\"on\">de 7 collaborateurs\/trices :\n<ul>\n<li class=\"\">Noella Rody ;<\/li>\n<li class=\"\">B\u00e9atrice Piret ;<\/li>\n<li class=\"\">V\u00e9ronique Cervelli ;<\/li>\n<li class=\"on\">Hakim Benyahia ;<\/li>\n<li class=\"on\">Alice Dufour ;<\/li>\n<li>Coralie Evrard ;<\/li>\n<li class=\"on\">Micha\u00ebl De Keyzer.<\/li>\n<\/ul>\n<\/li>\n<\/ul>\n<\/div>\n<\/div><\/div><\/div><\/div><\/div><\/div><div id=\"pg-w676a9464059a7-7\"  class=\"panel-grid panel-has-style\" ><div class=\"Titrenonbouton panel-row-style panel-row-style-for-w676a9464059a7-7\" ><div id=\"pgc-w676a9464059a7-7-0\"  class=\"panel-grid-cell panel-grid-cell-empty\" ><\/div><div id=\"pgc-w676a9464059a7-7-1\"  class=\"panel-grid-cell\" ><div id=\"panel-w676a9464059a7-7-1-0\" class=\"so-panel widget widget_sow-editor panel-first-child panel-last-child\" data-index=\"8\" ><div class=\"panel-widget-style panel-widget-style-for-w676a9464059a7-7-1-0\" ><div\n\t\t\t\n\t\t\tclass=\"so-widget-sow-editor so-widget-sow-editor-base\"\n\t\t\t\n\t\t>\n<div class=\"siteorigin-widget-tinymce textwidget\">\n\t<h3><a id=\"PROpb&amp;fNouscontacter\"><\/a>Nous contacter...<\/h3>\n<p style=\"padding-left: 30px;\"><b>Notre adresse postale :<\/b><\/p>\n<p style=\"padding-left: 60px;\">Intercommunale sociale du Brabant wallon, P\u00f4le budget et finances, Rue du Cerf 200, 1332 Rixensart.<\/p>\n<p style=\"padding-left: 30px;\">Pour nous joindre par courriel : <span style=\"color: #000000;\"><a style=\"color: #000000;\" href=\"mailto:comptabilite@isbw.be\">comptabilite@isbw.be<\/a><\/span>.<\/p>\n<\/div>\n<\/div><\/div><\/div><\/div><\/div><\/div><\/div><\/div><\/div><\/div><\/div><div id=\"pg-645-1\"  class=\"panel-grid panel-has-style\" ><div class=\"siteorigin-panels-stretch panel-row-style panel-row-style-for-645-1\" data-stretch-type=\"full\" ><div id=\"pgc-645-1-0\"  class=\"panel-grid-cell\" ><div id=\"panel-645-1-0-0\" class=\"so-panel widget widget_sow-button panel-first-child panel-last-child\" data-index=\"1\" ><div class=\"BoutonQuestion panel-widget-style panel-widget-style-for-645-1-0-0\" ><div\n\t\t\t\n\t\t\tclass=\"so-widget-sow-button so-widget-sow-button-flat-6b5f058a71cd-645\"\n\t\t\t\n\t\t><div class=\"ow-button-base ow-button-align-left\"\n>\n\t\t\t<a\n\t\t\t\t\thref=\"https:\/\/isbw.be\/professionnel\/services-generaux\/le-pole-ressources-humaines\/\"\n\t\t\t\t\tclass=\"sowb-button ow-icon-placement-left ow-button-hover\" title=\"vers le Job-coaching\" \t>\n\t\t<span>\n\t\t\t<span class=\"sow-icon-fontawesome sow-far\" data-sow-icon=\"&#xf0a4;\"\n\t\tstyle=\"color: #dd3333\" \n\t\taria-hidden=\"true\"><\/span>\n\t\t\tLe P\u00f4le ressources humaines\t\t<\/span>\n\t\t\t<\/a>\n\t<\/div>\n<\/div><\/div><\/div><\/div><\/div><\/div><div id=\"pg-645-2\"  class=\"panel-grid panel-has-style\" ><div class=\"siteorigin-panels-stretch panel-row-style panel-row-style-for-645-2\" data-stretch-type=\"full\" ><div id=\"pgc-645-2-0\"  class=\"panel-grid-cell\" ><div id=\"panel-645-2-0-0\" class=\"so-panel widget widget_sow-button panel-first-child panel-last-child\" data-index=\"2\" ><div class=\"BoutonQuestion panel-widget-style panel-widget-style-for-645-2-0-0\" ><div\n\t\t\t\n\t\t\tclass=\"so-widget-sow-button so-widget-sow-button-flat-6b5f058a71cd-645\"\n\t\t\t\n\t\t><div class=\"ow-button-base ow-button-align-left\"\n>\n\t\t\t<a\n\t\t\t\t\thref=\"https:\/\/isbw.be\/professionnel\/services-generaux\/le-service-informatique-et-communication\/\"\n\t\t\t\t\tclass=\"sowb-button ow-icon-placement-left ow-button-hover\" title=\"vers le Job-coaching\" \t>\n\t\t<span>\n\t\t\t<span class=\"sow-icon-fontawesome sow-far\" data-sow-icon=\"&#xf0a4;\"\n\t\tstyle=\"color: #dd3333\" \n\t\taria-hidden=\"true\"><\/span>\n\t\t\tLe Service Informatique et communication\t\t<\/span>\n\t\t\t<\/a>\n\t<\/div>\n<\/div><\/div><\/div><\/div><\/div><\/div><div id=\"pg-645-3\"  class=\"panel-grid panel-has-style\" ><div class=\"siteorigin-panels-stretch panel-row-style panel-row-style-for-645-3\" data-stretch-type=\"full\" ><div id=\"pgc-645-3-0\"  class=\"panel-grid-cell\" ><div id=\"panel-645-3-0-0\" class=\"so-panel widget widget_sow-button panel-first-child panel-last-child\" data-index=\"3\" ><div class=\"BoutonQuestion panel-widget-style panel-widget-style-for-645-3-0-0\" ><div\n\t\t\t\n\t\t\tclass=\"so-widget-sow-button so-widget-sow-button-flat-6b5f058a71cd-645\"\n\t\t\t\n\t\t><div class=\"ow-button-base ow-button-align-left\"\n>\n\t\t\t<a\n\t\t\t\t\thref=\"https:\/\/isbw.be\/professionnel\/services-generaux\/la-direction-generale\/\"\n\t\t\t\t\tclass=\"sowb-button ow-icon-placement-left ow-button-hover\" title=\"vers le Job-coaching\" \t>\n\t\t<span>\n\t\t\t<span class=\"sow-icon-fontawesome sow-far\" data-sow-icon=\"&#xf0a4;\"\n\t\tstyle=\"color: #dd3333\" \n\t\taria-hidden=\"true\"><\/span>\n\t\t\tLa Direction g\u00e9n\u00e9rale\t\t<\/span>\n\t\t\t<\/a>\n\t<\/div>\n<\/div><\/div><\/div><\/div><\/div><\/div><div id=\"pg-645-4\"  class=\"panel-grid panel-has-style\" ><div class=\"siteorigin-panels-stretch panel-row-style panel-row-style-for-645-4\" data-stretch-type=\"full\" ><div id=\"pgc-645-4-0\"  class=\"panel-grid-cell\" ><div id=\"panel-645-4-0-0\" class=\"so-panel widget widget_sow-button panel-first-child panel-last-child\" data-index=\"4\" ><div class=\"BoutonQuestion panel-widget-style panel-widget-style-for-645-4-0-0\" ><div\n\t\t\t\n\t\t\tclass=\"so-widget-sow-button so-widget-sow-button-flat-6b5f058a71cd-645\"\n\t\t\t\n\t\t><div class=\"ow-button-base ow-button-align-left\"\n>\n\t\t\t<a\n\t\t\t\t\thref=\"https:\/\/isbw.be\/professionnel\/services-generaux\/le-service-interne-de-prevention-et-de-protection\/\"\n\t\t\t\t\tclass=\"sowb-button ow-icon-placement-left ow-button-hover\" title=\"vers le Job-coaching\" \t>\n\t\t<span>\n\t\t\t<span class=\"sow-icon-fontawesome sow-far\" data-sow-icon=\"&#xf0a4;\"\n\t\tstyle=\"color: #dd3333\" \n\t\taria-hidden=\"true\"><\/span>\n\t\t\tLe Service interne de pr\u00e9vention et de protection\t\t<\/span>\n\t\t\t<\/a>\n\t<\/div>\n<\/div><\/div><\/div><\/div><\/div><\/div><div id=\"pg-645-5\"  class=\"panel-grid panel-has-style\" ><div class=\"siteorigin-panels-stretch panel-row-style panel-row-style-for-645-5\" data-stretch-type=\"full\" ><div id=\"pgc-645-5-0\"  class=\"panel-grid-cell\" ><div id=\"panel-645-5-0-0\" class=\"so-panel widget widget_siteorigin-panels-builder panel-first-child panel-last-child\" data-index=\"5\" ><div id=\"pl-w5c6191a927186\"  class=\"panel-layout\" ><div id=\"pg-w5c6191a927186-0\"  class=\"panel-grid panel-has-style\" ><div class=\"panel-row-style panel-row-style-for-w5c6191a927186-0\" ><div id=\"pgc-w5c6191a927186-0-0\"  class=\"panel-grid-cell panel-grid-cell-empty\" ><\/div><div id=\"pgc-w5c6191a927186-0-1\"  class=\"panel-grid-cell panel-grid-cell-empty\" ><\/div><div id=\"pgc-w5c6191a927186-0-2\"  class=\"panel-grid-cell panel-grid-cell-empty\" ><\/div><div id=\"pgc-w5c6191a927186-0-3\"  class=\"panel-grid-cell panel-grid-cell-empty\" ><\/div><div id=\"pgc-w5c6191a927186-0-4\"  class=\"panel-grid-cell\" ><div id=\"panel-w5c6191a927186-0-4-0\" class=\"so-panel widget widget_sow-button panel-first-child panel-last-child\" data-index=\"0\" ><div\n\t\t\t\n\t\t\tclass=\"so-widget-sow-button so-widget-sow-button-flat-de31a69c3823\"\n\t\t\t\n\t\t><div class=\"ow-button-base ow-button-align-right\"\n>\n\t\t\t<a\n\t\t\t\t\thref=\"https:\/\/isbw.be\/professionnel\/services-generaux\/\"\n\t\t\t\t\tclass=\"sowb-button ow-icon-placement-left ow-button-hover\" title=\"vers l&#039;Accompagnement\" \t>\n\t\t<span>\n\t\t\t<span class=\"sow-icon-ionicons\" data-sow-icon=\"&#xf124;\"\n\t\tstyle=\"color: #ffffff\" \n\t\taria-hidden=\"true\"><\/span>\n\t\t\t\t\t<\/span>\n\t\t\t<\/a>\n\t<\/div>\n<\/div><\/div><\/div><\/div><\/div><\/div><\/div><\/div><\/div><\/div><\/div>","protected":false},"excerpt":{"rendered":"<p>Les Services g\u00e9n\u00e9raux Le P\u00f4le budgets &amp; finances Qui sommes-nous ? Facture Attestation L&rsquo;\u00e9quipe Nous contacter Qui sommes-nous ? Le P\u00f4le Budget et Finances de l\u2019ISBW a pour mission d\u2019assurer la gestion comptable, la gestion des subsides et le suivi de la tr\u00e9sorerie de l\u2019Intercommunale. Il \u00e9labore et suit le budget, g\u00e8re l\u2019\u00e9conomat. ll facture [&hellip;]<\/p>\n","protected":false},"author":1,"featured_media":0,"parent":437,"menu_order":0,"comment_status":"closed","ping_status":"closed","template":"","meta":{"footnotes":""},"class_list":["post-645","page","type-page","status-publish","czr-hentry"],"_links":{"self":[{"href":"https:\/\/isbw.be\/professionnel\/wp-json\/wp\/v2\/pages\/645","targetHints":{"allow":["GET"]}}],"collection":[{"href":"https:\/\/isbw.be\/professionnel\/wp-json\/wp\/v2\/pages"}],"about":[{"href":"https:\/\/isbw.be\/professionnel\/wp-json\/wp\/v2\/types\/page"}],"author":[{"embeddable":true,"href":"https:\/\/isbw.be\/professionnel\/wp-json\/wp\/v2\/users\/1"}],"replies":[{"embeddable":true,"href":"https:\/\/isbw.be\/professionnel\/wp-json\/wp\/v2\/comments?post=645"}],"version-history":[{"count":94,"href":"https:\/\/isbw.be\/professionnel\/wp-json\/wp\/v2\/pages\/645\/revisions"}],"predecessor-version":[{"id":2889,"href":"https:\/\/isbw.be\/professionnel\/wp-json\/wp\/v2\/pages\/645\/revisions\/2889"}],"up":[{"embeddable":true,"href":"https:\/\/isbw.be\/professionnel\/wp-json\/wp\/v2\/pages\/437"}],"wp:attachment":[{"href":"https:\/\/isbw.be\/professionnel\/wp-json\/wp\/v2\/media?parent=645"}],"curies":[{"name":"wp","href":"https:\/\/api.w.org\/{rel}","templated":true}]}}