{"id":79,"date":"2018-02-23T16:41:49","date_gmt":"2018-02-23T15:41:49","guid":{"rendered":"http:\/\/isbw.be\/professionnel\/?page_id=79"},"modified":"2024-02-22T12:11:08","modified_gmt":"2024-02-22T11:11:08","slug":"aide-a-domicile","status":"publish","type":"page","link":"https:\/\/isbw.be\/professionnel\/aide-a-domicile\/","title":{"rendered":"Aide \u00e0 domicile"},"content":{"rendered":"<div id=\"pl-79\"  class=\"panel-layout\" ><div id=\"pg-79-0\"  class=\"panel-grid panel-has-style\" ><div class=\"siteorigin-panels-stretch panel-row-style panel-row-style-for-79-0\" id=\"Bkg2\" data-stretch-type=\"full\" ><div id=\"pgc-79-0-0\"  class=\"panel-grid-cell\" ><div id=\"panel-79-0-0-0\" class=\"so-panel widget widget_siteorigin-panels-builder panel-first-child panel-last-child\" data-index=\"0\" ><div id=\"pl-w65d72bb3e859b\"  class=\"panel-layout\" ><div id=\"pg-w65d72bb3e859b-0\"  class=\"panel-grid panel-no-style\" ><div id=\"pgc-w65d72bb3e859b-0-0\"  class=\"panel-grid-cell\" ><div id=\"panel-w65d72bb3e859b-0-0-0\" class=\"so-panel widget widget_sow-editor panel-first-child panel-last-child\" data-index=\"0\" ><div\n\t\t\t\n\t\t\tclass=\"so-widget-sow-editor so-widget-sow-editor-base\"\n\t\t\t\n\t\t>\n<div class=\"siteorigin-widget-tinymce textwidget\">\n\t<h1><strong>D\u00e9partement Sant\u00e9 &amp; famille<\/strong><\/h1>\n<div id=\"gtx-trans\" style=\"position: absolute; left: 272px; top: 64.4375px;\">\n<div class=\"gtx-trans-icon\"><\/div>\n<\/div>\n<\/div>\n<\/div><\/div><\/div><\/div><div id=\"pg-w65d72bb3e859b-1\"  class=\"panel-grid panel-has-style\" ><div class=\"Titrenonbouton panel-row-style panel-row-style-for-w65d72bb3e859b-1\" ><div id=\"pgc-w65d72bb3e859b-1-0\"  class=\"panel-grid-cell\" ><div id=\"panel-w65d72bb3e859b-1-0-0\" class=\"so-panel widget widget_sow-icon panel-first-child panel-last-child\" data-index=\"1\" ><div\n\t\t\t\n\t\t\tclass=\"so-widget-sow-icon so-widget-sow-icon-default-bea670614984\"\n\t\t\t\n\t\t>\n<div class=\"sow-icon-container sow-icon\">\n\t\t\t<span class=\"sow-icon-fontawesome sow-fas\" data-sow-icon=\"&#xf0a9;\"\n\t\t \n\t\taria-hidden=\"true\"><\/span>\t<\/div>\n<\/div><\/div><\/div><div id=\"pgc-w65d72bb3e859b-1-1\"  class=\"panel-grid-cell\" ><div id=\"panel-w65d72bb3e859b-1-1-0\" class=\"so-panel widget widget_sow-editor panel-first-child panel-last-child\" data-index=\"2\" ><div\n\t\t\t\n\t\t\tclass=\"so-widget-sow-editor so-widget-sow-editor-base\"\n\t\t\t\n\t\t>\n<div class=\"siteorigin-widget-tinymce textwidget\">\n\t<h2>L'aide \u00e0 domicile<\/h2>\n<\/div>\n<\/div><\/div><\/div><\/div><\/div><div id=\"pg-w65d72bb3e859b-2\"  class=\"panel-grid panel-has-style\" ><div class=\"Titrenonbouton panel-row-style panel-row-style-for-w65d72bb3e859b-2\" ><div id=\"pgc-w65d72bb3e859b-2-0\"  class=\"panel-grid-cell panel-grid-cell-empty\" ><\/div><div id=\"pgc-w65d72bb3e859b-2-1\"  class=\"panel-grid-cell\" ><div id=\"panel-w65d72bb3e859b-2-1-0\" class=\"so-panel widget widget_sow-editor panel-first-child panel-last-child\" data-index=\"3\" ><div class=\"panel-widget-style panel-widget-style-for-w65d72bb3e859b-2-1-0\" ><div\n\t\t\t\n\t\t\tclass=\"so-widget-sow-editor so-widget-sow-editor-base\"\n\t\t\t\n\t\t>\n<div class=\"siteorigin-widget-tinymce textwidget\">\n\t<p style=\"text-align: left; padding-left: 90px;\"><span style=\"color: #000000;\"><a style=\"color: #000000;\" href=\"https:\/\/isbw.be\/professionnel\/aide-a-domicile#PROsafaQuisommesnous\"><strong>Qui sommes-nous ?<\/strong><\/a><\/span><\/p>\n<p style=\"text-align: left; padding-left: 90px;\"><span style=\"color: #000000;\"><a style=\"color: #000000;\" href=\"https:\/\/isbw.be\/professionnel\/aide-a-domicile#PROsafaQueproposonsnous\"><strong>Que proposons-nous ?<\/strong><\/a><\/span><\/p>\n<p style=\"text-align: left; padding-left: 90px;\"><span style=\"color: #000000;\"><a style=\"color: #000000;\" href=\"https:\/\/isbw.be\/professionnel\/aide-a-domicile#PROsafaPourqui\"><strong>Pour qui ?<\/strong><\/a><\/span><\/p>\n<p style=\"text-align: left; padding-left: 90px;\"><span style=\"color: #000000;\"><a style=\"color: #000000;\" href=\"https:\/\/isbw.be\/professionnel\/aide-a-domicile#PROsafaFonctionnement\"><strong>Fonctionnement<\/strong><\/a><\/span><\/p>\n<p style=\"text-align: left; padding-left: 90px;\"><span style=\"color: #000000;\"><a style=\"color: #000000;\" href=\"https:\/\/isbw.be\/professionnel\/aide-a-domicile#PROsafaLequipe\"><strong>L\u2019\u00e9quipe<\/strong><\/a><\/span><\/p>\n<p style=\"text-align: left; padding-left: 90px;\"><span style=\"color: #000000;\"><a style=\"color: #000000;\" href=\"https:\/\/isbw.be\/professionnel\/aide-a-domicile#PROsafaNouscontacter\"><strong>Nous contacter<\/strong><\/a><\/span><\/p>\n<\/div>\n<\/div><\/div><\/div><\/div><\/div><\/div><div id=\"pg-w65d72bb3e859b-3\"  class=\"panel-grid panel-has-style\" ><div class=\"Titrenonbouton panel-row-style panel-row-style-for-w65d72bb3e859b-3\" ><div id=\"pgc-w65d72bb3e859b-3-0\"  class=\"panel-grid-cell panel-grid-cell-empty\" ><\/div><div id=\"pgc-w65d72bb3e859b-3-1\"  class=\"panel-grid-cell\" ><div id=\"panel-w65d72bb3e859b-3-1-0\" class=\"so-panel widget widget_sow-editor panel-first-child panel-last-child\" data-index=\"4\" ><div class=\"BlocTexteDeco panel-widget-style panel-widget-style-for-w65d72bb3e859b-3-1-0\" ><div\n\t\t\t\n\t\t\tclass=\"so-widget-sow-editor so-widget-sow-editor-base\"\n\t\t\t\n\t\t>\n<div class=\"siteorigin-widget-tinymce textwidget\">\n\t<h3><a id=\"PROsafaQuisommesnous\"><\/a>Qui sommes-nous ?<\/h3>\n<p style=\"text-align: left; padding-left: 30px;\">Le<strong> Service d\u2019aide aux familles et aux a\u00een\u00e9s<\/strong> de l'ISBW intervient afin de favoriser le maintien et le retour \u00e0 domicile, l\u2019accompagnement et l\u2019aide \u00e0 la vie quotidienne des personnes isol\u00e9es, \u00e2g\u00e9es, handicap\u00e9es, malades et des familles en difficult\u00e9. Nos aides familiales \u00e9paulent la personne demandeuse quand elle ne peut plus assumer seule les actes de la vie journali\u00e8re.<\/p>\n<\/div>\n<\/div><\/div><\/div><\/div><\/div><\/div><div id=\"pg-w65d72bb3e859b-4\"  class=\"panel-grid panel-has-style\" ><div class=\"Titrenonbouton panel-row-style panel-row-style-for-w65d72bb3e859b-4\" ><div id=\"pgc-w65d72bb3e859b-4-0\"  class=\"panel-grid-cell panel-grid-cell-empty\" ><\/div><div id=\"pgc-w65d72bb3e859b-4-1\"  class=\"panel-grid-cell\" ><div id=\"panel-w65d72bb3e859b-4-1-0\" class=\"so-panel widget widget_sow-editor panel-first-child panel-last-child\" data-index=\"5\" ><div class=\"BlocTexteDeco panel-widget-style panel-widget-style-for-w65d72bb3e859b-4-1-0\" ><div\n\t\t\t\n\t\t\tclass=\"so-widget-sow-editor so-widget-sow-editor-base\"\n\t\t\t\n\t\t>\n<div class=\"siteorigin-widget-tinymce textwidget\">\n\t<h3><a id=\"PROsafaQueproposonsnous\"><\/a>Que proposons-nous ?<\/h3>\n<ul>\n<li style=\"list-style-type: none;\">\n<ul>\n<li style=\"text-align: left;\">Un Service d\u2019aide \u00e0 domicile pour toute personne dans le besoin, quelle que soit sa situation sociale et\/ou \u00e9conomique qui fait ses preuves depuis 1956 !<\/li>\n<li style=\"text-align: left;\">Le maintien et\/ou retour \u00e0 domicile des usagers. Nous savons combien il est important pour une personne de pouvoir rester chez elle le plus longtemps possible et ne pas avoir recours \u00e0 un placement en institution et\/ou chez un membre de la famille. Gr\u00e2ce \u00e0 l\u2019intervention de nos aides familiales, c\u2019est possible.<\/li>\n<li style=\"text-align: left;\">Une gestion du Service d\u2019aides familiales qui \u0153uvrent dans votre commune, ce qui repr\u00e9sente pour vous, administration, une diminution nette des co\u00fbts et temps de travail qu\u2019impliquerait un tel Service en votre sein.<\/li>\n<li style=\"text-align: left;\">Un Service parall\u00e8le de brico-d\u00e9panneurs pour des petits travaux int\u00e9rieurs et ext\u00e9rieurs qui n\u2019entrent pas dans les fonctions d\u2019une aide familiale. Accessibles financi\u00e8rement, leurs services sont d\u2019une grande qualit\u00e9.<\/li>\n<li style=\"text-align: left;\">Projet \u00abMaison de Jour\u00bb : afin de contrer la solitude et l\u2019isolement de certaines personnes et favoriser l\u2019\u00e9change, la mise en activit\u00e9 et l\u2019autonomie, il existe une collaboration possible sous la forme de projet \u00abmaison de jour\u00bb. En partenariat avec le CPAS, une aide familiale organise, pour un petit groupe de personnes, la pr\u00e9paration de la journ\u00e9e (constitution du menu, animation,\u2026) et assure l\u2019accueil et l'accompagnement des personnes \u00e2g\u00e9es ou isol\u00e9es en compagnie d\u2019une auxiliaire polyvalente mise \u00e0 disposition par le CPAS.<\/li>\n<\/ul>\n<\/li>\n<\/ul>\n<p style=\"padding-left: 40px;\">Concr\u00e8tement :<\/p>\n<ul>\n<li style=\"list-style-type: none;\">\n<ul>\n<li><strong>A vous, communes et CPAS<\/strong>, le Service d\u2019aide aux familles et aux a\u00een\u00e9s propose des partenariats pour le passage de nos aides familiales et de nos brico-d\u00e9panneurs chez les usagers de votre commune.<br \/>\nNous sommes ouverts \u00e0 toute proposition de projet\/partenariat.<\/li>\n<li><strong>A vous, professionnels<\/strong>, le Service d\u2019aide aux familles et aux a\u00een\u00e9s propose les services de nos aides familiales et de nos brico-d\u00e9panneurs aupr\u00e8s des personnes domicili\u00e9es dans les communes conventionn\u00e9es.<\/li>\n<\/ul>\n<\/li>\n<\/ul>\n<\/div>\n<\/div><\/div><\/div><\/div><\/div><\/div><div id=\"pg-w65d72bb3e859b-5\"  class=\"panel-grid panel-has-style\" ><div class=\"Titrenonbouton panel-row-style panel-row-style-for-w65d72bb3e859b-5\" ><div id=\"pgc-w65d72bb3e859b-5-0\"  class=\"panel-grid-cell panel-grid-cell-empty\" ><\/div><div id=\"pgc-w65d72bb3e859b-5-1\"  class=\"panel-grid-cell\" ><div id=\"panel-w65d72bb3e859b-5-1-0\" class=\"so-panel widget widget_sow-editor panel-first-child panel-last-child\" data-index=\"6\" ><div class=\"BlocTexteDeco panel-widget-style panel-widget-style-for-w65d72bb3e859b-5-1-0\" ><div\n\t\t\t\n\t\t\tclass=\"so-widget-sow-editor so-widget-sow-editor-base\"\n\t\t\t\n\t\t>\n<div class=\"siteorigin-widget-tinymce textwidget\">\n\t<h3><a id=\"PROsafaPourqui\"><\/a>Pour qui ?<\/h3>\n<p style=\"text-align: left; padding-left: 30px;\">Toute commune ou CPAS de la province du Brabant wallon qui souhaite d\u00e9velopper un partenariat avec notre Service.<br \/>\nTout professionnel en recherche d\u2019informations sur l\u2019aide et\/ou le maintien \u00e0 domicile.<\/p>\n<div id=\"gtx-trans\" style=\"position: absolute; left: -9px; top: 87.4375px;\">\n<div class=\"gtx-trans-icon\"><\/div>\n<\/div>\n<\/div>\n<\/div><\/div><\/div><\/div><\/div><\/div><div id=\"pg-w65d72bb3e859b-6\"  class=\"panel-grid panel-has-style\" ><div class=\"Titrenonbouton panel-row-style panel-row-style-for-w65d72bb3e859b-6\" ><div id=\"pgc-w65d72bb3e859b-6-0\"  class=\"panel-grid-cell panel-grid-cell-empty\" ><\/div><div id=\"pgc-w65d72bb3e859b-6-1\"  class=\"panel-grid-cell\" ><div id=\"panel-w65d72bb3e859b-6-1-0\" class=\"so-panel widget widget_sow-editor panel-first-child panel-last-child\" data-index=\"7\" ><div class=\"BlocTexteDeco panel-widget-style panel-widget-style-for-w65d72bb3e859b-6-1-0\" ><div\n\t\t\t\n\t\t\tclass=\"so-widget-sow-editor so-widget-sow-editor-base\"\n\t\t\t\n\t\t>\n<div class=\"siteorigin-widget-tinymce textwidget\">\n\t<h3><a id=\"PROsafaFonctionnement\"><\/a>Fonctionnement<\/h3>\n<p style=\"text-align: left; padding-left: 30px;\"><strong><span style=\"text-decoration: underline;\">Le Service<\/span><\/strong><br \/>\nNous avons r\u00e9parti les communes en trois secteurs g\u00e9ographiques (ouest, centre, est). Chaque assistante sociale est responsable de la gestion d\u2019un secteur (gestion d\u2019\u00e9quipe des aides familiales du secteur-m\u00eame, gestion des horaires, gestion des al\u00e9as quotidiens, enqu\u00eate sociale chez les usagers, contacts t\u00e9l\u00e9phoniques, etc.). Cela permet une proximit\u00e9 entre le Service et les usagers.<br \/>\nTous les mois, chaque secteur se r\u00e9unit en \u00e9quipe afin d\u2019assurer le bon suivi de chaque situation, permettre un espace de r\u00e9flexion et d\u2019\u00e9change de pratiques, de questionner notre mani\u00e8re de faire et notre m\u00e9thodologie, etc. Des groupes de paroles sont organis\u00e9s \u00e9galement pour les aides familiales.<br \/>\nNous mettons un accent particulier \u00e0 la qualit\u00e9 de nos services. C\u2019est pourquoi nos aides familiales et brico-d\u00e9panneurs s\u2019inscrivent dans un plan de formation continu\u00e9e.<\/p>\n<p style=\"text-align: left; padding-left: 30px;\"><strong><span style=\"text-decoration: underline;\">Le partenariat<\/span><\/strong><br \/>\nSuite \u00e0 un premier contact analysant la nature de votre demande, si notre Service peut y r\u00e9pondre, nous nous rencontrons afin de fixer les termes de notre partenariat et proc\u00e9der \u00e0 la signature d\u2019une convention.<br \/>\nLes brico-d\u00e9panneurs sont amen\u00e9s \u00e0 r\u00e9pondre uniquement aux demandes d\u2019usagers b\u00e9n\u00e9ficiant d\u00e9j\u00e0 des services de nos aides familiales. Par contre, il est possible, en tant que commune\/CPAS, de signer une convention uniquement pour les services de nos brico-d\u00e9panneurs.<\/p>\n<\/div>\n<\/div><\/div><\/div><\/div><\/div><\/div><div id=\"pg-w65d72bb3e859b-7\"  class=\"panel-grid panel-has-style\" ><div class=\"Titrenonbouton panel-row-style panel-row-style-for-w65d72bb3e859b-7\" ><div id=\"pgc-w65d72bb3e859b-7-0\"  class=\"panel-grid-cell panel-grid-cell-empty\" ><\/div><div id=\"pgc-w65d72bb3e859b-7-1\"  class=\"panel-grid-cell\" ><div id=\"panel-w65d72bb3e859b-7-1-0\" class=\"so-panel widget widget_sow-editor panel-first-child panel-last-child\" data-index=\"8\" ><div class=\"BlocTexteDeco panel-widget-style panel-widget-style-for-w65d72bb3e859b-7-1-0\" ><div\n\t\t\t\n\t\t\tclass=\"so-widget-sow-editor so-widget-sow-editor-base\"\n\t\t\t\n\t\t>\n<div class=\"siteorigin-widget-tinymce textwidget\">\n\t<h3><a id=\"PROsafaLequipe\"><\/a>L\u2019\u00e9quipe<\/h3>\n<p style=\"text-align: left; padding-left: 30px;\">Notre \u00e9quipe est compos\u00e9e de :<\/p>\n<ul>\n<li style=\"list-style-type: none;\">\n<ul>\n<li class=\"\">d\u2019une cheffe de D\u00e9partement : Aur\u00e9lie Meugens ;<\/li>\n<li class=\"\">d\u2019une cheffe de Service : Virginie Bosmans ;<\/li>\n<li class=\"\">de trois assistantes sociales :\n<ul>\n<li class=\"\">Catherine Wellekens ;<\/li>\n<li class=\"\">Sophie Hector ;<\/li>\n<li class=\"\">Virginie De Vangelio ;<\/li>\n<\/ul>\n<\/li>\n<li class=\"\">de 19 aides familiales ;<\/li>\n<li class=\"\">de deux brico-d\u00e9panneurs ;<\/li>\n<li class=\"on\">d\u2019une secr\u00e9taire de d\u00e9partement : Virginie Donnay.<\/li>\n<\/ul>\n<\/li>\n<\/ul>\n<\/div>\n<\/div><\/div><\/div><\/div><\/div><\/div><div id=\"pg-w65d72bb3e859b-8\"  class=\"panel-grid panel-has-style\" ><div class=\"Titrenonbouton panel-row-style panel-row-style-for-w65d72bb3e859b-8\" ><div id=\"pgc-w65d72bb3e859b-8-0\"  class=\"panel-grid-cell panel-grid-cell-empty\" ><\/div><div id=\"pgc-w65d72bb3e859b-8-1\"  class=\"panel-grid-cell\" ><div id=\"panel-w65d72bb3e859b-8-1-0\" class=\"so-panel widget widget_sow-editor panel-first-child panel-last-child\" data-index=\"9\" ><div class=\"panel-widget-style panel-widget-style-for-w65d72bb3e859b-8-1-0\" ><div\n\t\t\t\n\t\t\tclass=\"so-widget-sow-editor so-widget-sow-editor-base\"\n\t\t\t\n\t\t>\n<div class=\"siteorigin-widget-tinymce textwidget\">\n\t<h3><a id=\"PROsafaNouscontacter\"><\/a>Nous contacter<\/h3>\n<p style=\"text-align: left; padding-left: 30px;\">Pour toute information concernant nos services, n\u2019h\u00e9sitez pas \u00e0 prendre contact avec notre cheffe de Service Virginie Bosmans par t\u00e9l\u00e9phone au <a href=\"tel:+3223151392\"><span style=\"color: #000000;\">02-315.13.92 <\/span><\/a>ou par email <span style=\"color: #000000;\"><a style=\"color: #000000;\" href=\"mailto:virginie.bosmans@isbw.be\">virginie.bosmans@isbw.be<\/a><\/span><\/p>\n<\/div>\n<\/div><\/div><\/div><\/div><\/div><\/div><\/div><\/div><\/div><\/div><\/div><div id=\"pg-79-1\"  class=\"panel-grid panel-has-style\" ><div class=\"siteorigin-panels-stretch panel-row-style panel-row-style-for-79-1\" data-stretch-type=\"full\" ><div id=\"pgc-79-1-0\"  class=\"panel-grid-cell\" ><div id=\"panel-79-1-0-0\" class=\"so-panel widget widget_siteorigin-panels-builder panel-first-child panel-last-child\" data-index=\"1\" ><div id=\"pl-w619e438e622f6\"  class=\"panel-layout\" ><div id=\"pg-w619e438e622f6-0\"  class=\"panel-grid panel-has-style\" ><div class=\"panel-row-style panel-row-style-for-w619e438e622f6-0\" ><div id=\"pgc-w619e438e622f6-0-0\"  class=\"panel-grid-cell panel-grid-cell-empty\" ><\/div><div id=\"pgc-w619e438e622f6-0-1\"  class=\"panel-grid-cell panel-grid-cell-empty\" ><\/div><div id=\"pgc-w619e438e622f6-0-2\"  class=\"panel-grid-cell panel-grid-cell-empty\" ><\/div><div id=\"pgc-w619e438e622f6-0-3\"  class=\"panel-grid-cell panel-grid-cell-empty\" ><\/div><div id=\"pgc-w619e438e622f6-0-4\"  class=\"panel-grid-cell\" ><div id=\"panel-w619e438e622f6-0-4-0\" class=\"so-panel widget widget_sow-button panel-first-child panel-last-child\" data-index=\"0\" ><div\n\t\t\t\n\t\t\tclass=\"so-widget-sow-button so-widget-sow-button-flat-a82b5bbf9c13\"\n\t\t\t\n\t\t><div class=\"ow-button-base ow-button-align-right\"\n>\n\t\t\t<a\n\t\t\t\t\thref=\"https:\/\/isbw.be\/professionnel\/\"\n\t\t\t\t\tclass=\"sowb-button ow-icon-placement-left ow-button-hover\" title=\"vers Page d&#039;accueil\" \t>\n\t\t<span>\n\t\t\t<span class=\"sow-icon-ionicons\" data-sow-icon=\"&#xf38f;\"\n\t\tstyle=\"color: #ffffff\" \n\t\taria-hidden=\"true\"><\/span>\n\t\t\t\t\t<\/span>\n\t\t\t<\/a>\n\t<\/div>\n<\/div><\/div><\/div><\/div><\/div><\/div><\/div><\/div><\/div><\/div><\/div>","protected":false},"excerpt":{"rendered":"<p>D\u00e9partement Sant\u00e9 &amp; famille L&rsquo;aide \u00e0 domicile Qui sommes-nous ? Que proposons-nous ? Pour qui ? Fonctionnement L\u2019\u00e9quipe Nous contacter Qui sommes-nous ? Le Service d\u2019aide aux familles et aux a\u00een\u00e9s de l&rsquo;ISBW intervient afin de favoriser le maintien et le retour \u00e0 domicile, l\u2019accompagnement et l\u2019aide \u00e0 la vie quotidienne des personnes isol\u00e9es, \u00e2g\u00e9es, [&hellip;]<\/p>\n","protected":false},"author":1,"featured_media":0,"parent":0,"menu_order":0,"comment_status":"closed","ping_status":"closed","template":"","meta":{"footnotes":""},"class_list":["post-79","page","type-page","status-publish","czr-hentry"],"_links":{"self":[{"href":"https:\/\/isbw.be\/professionnel\/wp-json\/wp\/v2\/pages\/79","targetHints":{"allow":["GET"]}}],"collection":[{"href":"https:\/\/isbw.be\/professionnel\/wp-json\/wp\/v2\/pages"}],"about":[{"href":"https:\/\/isbw.be\/professionnel\/wp-json\/wp\/v2\/types\/page"}],"author":[{"embeddable":true,"href":"https:\/\/isbw.be\/professionnel\/wp-json\/wp\/v2\/users\/1"}],"replies":[{"embeddable":true,"href":"https:\/\/isbw.be\/professionnel\/wp-json\/wp\/v2\/comments?post=79"}],"version-history":[{"count":59,"href":"https:\/\/isbw.be\/professionnel\/wp-json\/wp\/v2\/pages\/79\/revisions"}],"predecessor-version":[{"id":2815,"href":"https:\/\/isbw.be\/professionnel\/wp-json\/wp\/v2\/pages\/79\/revisions\/2815"}],"wp:attachment":[{"href":"https:\/\/isbw.be\/professionnel\/wp-json\/wp\/v2\/media?parent=79"}],"curies":[{"name":"wp","href":"https:\/\/api.w.org\/{rel}","templated":true}]}}