{"id":863,"date":"2019-02-27T16:07:10","date_gmt":"2019-02-27T15:07:10","guid":{"rendered":"http:\/\/isbw.be\/professionnel\/?page_id=863"},"modified":"2023-03-17T15:42:30","modified_gmt":"2023-03-17T14:42:30","slug":"la-direction-generale","status":"publish","type":"page","link":"https:\/\/isbw.be\/professionnel\/services-generaux\/la-direction-generale\/","title":{"rendered":"La Direction g\u00e9n\u00e9rale"},"content":{"rendered":"<div id=\"pl-863\"  class=\"panel-layout\" ><div id=\"pg-863-0\"  class=\"panel-grid panel-has-style\" ><div class=\"siteorigin-panels-stretch panel-row-style panel-row-style-for-863-0\" id=\"Bkg2\" data-stretch-type=\"full\" ><div id=\"pgc-863-0-0\"  class=\"panel-grid-cell\" ><div id=\"panel-863-0-0-0\" class=\"so-panel widget widget_siteorigin-panels-builder panel-first-child panel-last-child\" data-index=\"0\" ><div id=\"pl-w64147c517322b\"  class=\"panel-layout\" ><div id=\"pg-w64147c517322b-0\"  class=\"panel-grid panel-no-style\" ><div id=\"pgc-w64147c517322b-0-0\"  class=\"panel-grid-cell\" ><div id=\"panel-w64147c517322b-0-0-0\" class=\"so-panel widget widget_sow-editor panel-first-child panel-last-child\" data-index=\"0\" ><div\n\t\t\t\n\t\t\tclass=\"so-widget-sow-editor so-widget-sow-editor-base\"\n\t\t\t\n\t\t>\n<div class=\"siteorigin-widget-tinymce textwidget\">\n\t<h1><strong>Les Services g\u00e9n\u00e9raux<\/strong><\/h1>\n<\/div>\n<\/div><\/div><\/div><\/div><div id=\"pg-w64147c517322b-1\"  class=\"panel-grid panel-has-style\" ><div class=\"Titrenonbouton panel-row-style panel-row-style-for-w64147c517322b-1\" ><div id=\"pgc-w64147c517322b-1-0\"  class=\"panel-grid-cell\" ><div id=\"panel-w64147c517322b-1-0-0\" class=\"so-panel widget widget_sow-icon panel-first-child panel-last-child\" data-index=\"1\" ><div\n\t\t\t\n\t\t\tclass=\"so-widget-sow-icon so-widget-sow-icon-default-bea670614984\"\n\t\t\t\n\t\t>\n<div class=\"sow-icon-container sow-icon\">\n\t\t\t<span class=\"sow-icon-fontawesome sow-fas\" data-sow-icon=\"&#xf0a9;\"\n\t\t \n\t\taria-hidden=\"true\"><\/span>\t<\/div>\n<\/div><\/div><\/div><div id=\"pgc-w64147c517322b-1-1\"  class=\"panel-grid-cell\" ><div id=\"panel-w64147c517322b-1-1-0\" class=\"so-panel widget widget_sow-editor panel-first-child panel-last-child\" data-index=\"2\" ><div\n\t\t\t\n\t\t\tclass=\"so-widget-sow-editor so-widget-sow-editor-base\"\n\t\t\t\n\t\t>\n<div class=\"siteorigin-widget-tinymce textwidget\">\n\t<h2>La Direction g\u00e9n\u00e9rale<\/h2>\n<\/div>\n<\/div><\/div><\/div><\/div><\/div><div id=\"pg-w64147c517322b-2\"  class=\"panel-grid panel-has-style\" ><div class=\"Titrenonbouton panel-row-style panel-row-style-for-w64147c517322b-2\" ><div id=\"pgc-w64147c517322b-2-0\"  class=\"panel-grid-cell panel-grid-cell-empty\" ><\/div><div id=\"pgc-w64147c517322b-2-1\"  class=\"panel-grid-cell\" ><div id=\"panel-w64147c517322b-2-1-0\" class=\"so-panel widget widget_sow-editor panel-first-child panel-last-child\" data-index=\"3\" ><div class=\"BlocTexteDeco panel-widget-style panel-widget-style-for-w64147c517322b-2-1-0\" ><div\n\t\t\t\n\t\t\tclass=\"so-widget-sow-editor so-widget-sow-editor-base\"\n\t\t\t\n\t\t>\n<div class=\"siteorigin-widget-tinymce textwidget\">\n\t<h3>Au quotidien<\/h3>\n<p style=\"padding-left: 40px;\">Le Directeur g\u00e9n\u00e9ral est d\u00e9sign\u00e9 et d\u00e9pend directement du Conseil d\u2019administration. Il est tenu de se conformer aux instructions qui lui sont donn\u00e9es par le Conseil d\u2019administration et le Bureau ex\u00e9cutif.<\/p>\n<p style=\"padding-left: 40px;\">Sous l\u2019autorit\u00e9 du Conseil d\u2019administration et du Bureau ex\u00e9cutif, le Directeur g\u00e9n\u00e9ral est responsable de l\u2019organisation des divers services. Il fait approuver par le Conseil d\u2019administration l\u2019organigramme qu\u2019il propose.<\/p>\n<p style=\"padding-left: 40px;\">Il \u00e9tablit les propositions de r\u00e9mun\u00e9ration dans le cadre des bar\u00e8mes l\u00e9gaux qui sont impos\u00e9s. Il s\u2019assure de disposer du personnel n\u00e9cessaire en vue de la r\u00e9alisation de l\u2019objet social dans les limites du budget qui lui est allou\u00e9. En tant que chef du personnel, il a autorit\u00e9 sur l\u2019ensemble du personnel et, le cas \u00e9ch\u00e9ant, autorit\u00e9 indirecte sur l\u2019ensemble du personnel m\u00e9dical. Il est aid\u00e9 en cela par un responsable du personnel.<\/p>\n<p style=\"padding-left: 40px;\">Il coordonne la partie administrative des divers services. Il assure lui-m\u00eame le travail de consolidation et de contr\u00f4le des renseignements transmis par ses cadres et employ\u00e9s. Il a la garde des archives.<\/p>\n<p style=\"padding-left: 40px;\">Il est responsable de la comptabilit\u00e9 des droits constat\u00e9s et des d\u00e9penses engag\u00e9es, de l\u2019\u00e9tablissement des mandats de paiement et de recouvrement ainsi que du suivi du paiement de ceux-ci. Il est aid\u00e9 en cela par un service administratif et comptable.<\/p>\n<p style=\"padding-left: 40px;\">Le Directeur g\u00e9n\u00e9ral transmet aux autorit\u00e9s de tutelle les demandes et leurs justificatifs, pour les subsides auxquels l\u2019Intercommunale peut pr\u00e9tendre.<\/p>\n<p style=\"padding-left: 40px;\">Le Directeur g\u00e9n\u00e9ral assiste de plein droit mais sans voix d\u00e9lib\u00e9rative, aux r\u00e9unions des organes de l\u2019Intercommunale. La r\u00e9daction des proc\u00e8s-verbaux de ces r\u00e9unions est assur\u00e9e par ses soins.<\/p>\n<ul>\n<li style=\"list-style-type: none;\">\n<ul>\n<li>Le Directeur g\u00e9n\u00e9ral est Monsieur Vincent De Laet \u2013 <span style=\"color: #000000;\"><span style=\"color: #000000;\"><a style=\"color: #000000;\" href=\"mailto:vincent.delaet@isbw.be\">vincent.delaet@isbw.be<\/a><\/span><\/span><\/li>\n<li>L\u2019Adjointe \u00e0 la Direction g\u00e9n\u00e9rale est Madame Anne Lenoir \u2013 <span style=\"color: #000000;\"><a style=\"color: #000000;\" href=\"mailto:anne.lenoir@isbw.be\">anne.lenoir@isbw.be<\/a><\/span>\n<ul>\n<li>Le secr\u00e9tariat du Directeur g\u00e9n\u00e9ral est assur\u00e9 par : Kathy Looze.<br \/>\nT\u00e9l\u00e9phone : <a href=\"tel:+3223151351\">02 - 315.13.51<\/a><br \/>\nCourriel : <span style=\"color: #000000;\"><a style=\"color: #000000;\" href=\"mailto:kathy.looze@isbw.be\">kathy.looze@isbw.be<\/a><\/span> \u2013 <span style=\"color: #000000;\"><a style=\"color: #000000;\" href=\"mailto:info@isbw.be\">info@isbw.be<\/a><\/span><\/li>\n<li>Le secr\u00e9tariat de l\u2019Adjointe \u00e0 la Direction g\u00e9n\u00e9rale est assur\u00e9 par : Christelle Dubois.<br \/>\nT\u00e9l\u00e9phone : <a href=\"tel:+3223151353\">02 - 315.13.53<\/a><br \/>\nCourriel : <span style=\"color: #000000;\"><a style=\"color: #000000;\" href=\"mailto:christelle.dubois@isbw.be\">christelle.dubois@isbw.be<\/a><\/span><\/li>\n<\/ul>\n<\/li>\n<\/ul>\n<\/li>\n<\/ul>\n<\/div>\n<\/div><\/div><\/div><\/div><\/div><\/div><\/div><\/div><\/div><\/div><\/div><div id=\"pg-863-1\"  class=\"panel-grid panel-has-style\" ><div class=\"siteorigin-panels-stretch panel-row-style panel-row-style-for-863-1\" data-stretch-type=\"full\" ><div id=\"pgc-863-1-0\"  class=\"panel-grid-cell\" ><div id=\"panel-863-1-0-0\" class=\"so-panel widget widget_sow-button panel-first-child panel-last-child\" data-index=\"1\" ><div class=\"BoutonQuestion panel-widget-style panel-widget-style-for-863-1-0-0\" ><div\n\t\t\t\n\t\t\tclass=\"so-widget-sow-button so-widget-sow-button-flat-6b5f058a71cd-863\"\n\t\t\t\n\t\t><div class=\"ow-button-base ow-button-align-left\"\n>\n\t\t\t<a\n\t\t\t\t\thref=\"https:\/\/isbw.be\/professionnel\/services-generaux\/le-pole-budget-finances\/\"\n\t\t\t\t\tclass=\"sowb-button ow-icon-placement-left ow-button-hover\" title=\"vers le Job-coaching\" \t>\n\t\t<span>\n\t\t\t<span class=\"sow-icon-fontawesome sow-far\" data-sow-icon=\"&#xf0a4;\"\n\t\tstyle=\"color: #dd3333\" \n\t\taria-hidden=\"true\"><\/span>\n\t\t\tLe P\u00f4le budgets et finances\t\t<\/span>\n\t\t\t<\/a>\n\t<\/div>\n<\/div><\/div><\/div><\/div><\/div><\/div><div id=\"pg-863-2\"  class=\"panel-grid panel-has-style\" ><div class=\"siteorigin-panels-stretch panel-row-style panel-row-style-for-863-2\" data-stretch-type=\"full\" ><div id=\"pgc-863-2-0\"  class=\"panel-grid-cell\" ><div id=\"panel-863-2-0-0\" class=\"so-panel widget widget_sow-button panel-first-child panel-last-child\" data-index=\"2\" ><div class=\"BoutonQuestion panel-widget-style panel-widget-style-for-863-2-0-0\" ><div\n\t\t\t\n\t\t\tclass=\"so-widget-sow-button so-widget-sow-button-flat-6b5f058a71cd-863\"\n\t\t\t\n\t\t><div class=\"ow-button-base ow-button-align-left\"\n>\n\t\t\t<a\n\t\t\t\t\thref=\"https:\/\/isbw.be\/professionnel\/services-generaux\/le-pole-ressources-humaines\/\"\n\t\t\t\t\tclass=\"sowb-button ow-icon-placement-left ow-button-hover\" title=\"vers le Job-coaching\" \t>\n\t\t<span>\n\t\t\t<span class=\"sow-icon-fontawesome sow-far\" data-sow-icon=\"&#xf0a4;\"\n\t\tstyle=\"color: #dd3333\" \n\t\taria-hidden=\"true\"><\/span>\n\t\t\tLe P\u00f4le ressources humaines\t\t<\/span>\n\t\t\t<\/a>\n\t<\/div>\n<\/div><\/div><\/div><\/div><\/div><\/div><div id=\"pg-863-3\"  class=\"panel-grid panel-has-style\" ><div class=\"siteorigin-panels-stretch panel-row-style panel-row-style-for-863-3\" data-stretch-type=\"full\" ><div id=\"pgc-863-3-0\"  class=\"panel-grid-cell\" ><div id=\"panel-863-3-0-0\" class=\"so-panel widget widget_sow-button panel-first-child panel-last-child\" data-index=\"3\" ><div class=\"BoutonQuestion panel-widget-style panel-widget-style-for-863-3-0-0\" ><div\n\t\t\t\n\t\t\tclass=\"so-widget-sow-button so-widget-sow-button-flat-6b5f058a71cd-863\"\n\t\t\t\n\t\t><div class=\"ow-button-base ow-button-align-left\"\n>\n\t\t\t<a\n\t\t\t\t\thref=\"https:\/\/isbw.be\/professionnel\/services-generaux\/le-service-informatique-et-communication\/\"\n\t\t\t\t\tclass=\"sowb-button ow-icon-placement-left ow-button-hover\" title=\"vers le Job-coaching\" \t>\n\t\t<span>\n\t\t\t<span class=\"sow-icon-fontawesome sow-far\" data-sow-icon=\"&#xf0a4;\"\n\t\tstyle=\"color: #dd3333\" \n\t\taria-hidden=\"true\"><\/span>\n\t\t\tLe Service informatique et communication\t\t<\/span>\n\t\t\t<\/a>\n\t<\/div>\n<\/div><\/div><\/div><\/div><\/div><\/div><div id=\"pg-863-4\"  class=\"panel-grid panel-has-style\" ><div class=\"siteorigin-panels-stretch panel-row-style panel-row-style-for-863-4\" data-stretch-type=\"full\" ><div id=\"pgc-863-4-0\"  class=\"panel-grid-cell\" ><div id=\"panel-863-4-0-0\" class=\"so-panel widget widget_sow-button panel-first-child panel-last-child\" data-index=\"4\" ><div class=\"BoutonQuestion panel-widget-style panel-widget-style-for-863-4-0-0\" ><div\n\t\t\t\n\t\t\tclass=\"so-widget-sow-button so-widget-sow-button-flat-6b5f058a71cd-863\"\n\t\t\t\n\t\t><div class=\"ow-button-base ow-button-align-left\"\n>\n\t\t\t<a\n\t\t\t\t\thref=\"https:\/\/isbw.be\/professionnel\/services-generaux\/le-service-interne-de-prevention-et-de-protection\/\"\n\t\t\t\t\tclass=\"sowb-button ow-icon-placement-left ow-button-hover\" title=\"vers le Job-coaching\" \t>\n\t\t<span>\n\t\t\t<span class=\"sow-icon-fontawesome sow-far\" data-sow-icon=\"&#xf0a4;\"\n\t\tstyle=\"color: #dd3333\" \n\t\taria-hidden=\"true\"><\/span>\n\t\t\tLe Service interne de pr\u00e9vention et de protection\t\t<\/span>\n\t\t\t<\/a>\n\t<\/div>\n<\/div><\/div><\/div><\/div><\/div><\/div><div id=\"pg-863-5\"  class=\"panel-grid panel-has-style\" ><div class=\"siteorigin-panels-stretch panel-row-style panel-row-style-for-863-5\" data-stretch-type=\"full\" ><div id=\"pgc-863-5-0\"  class=\"panel-grid-cell\" ><div id=\"panel-863-5-0-0\" class=\"so-panel widget widget_siteorigin-panels-builder panel-first-child panel-last-child\" data-index=\"5\" ><div id=\"pl-w5c6191a927186\"  class=\"panel-layout\" ><div id=\"pg-w5c6191a927186-0\"  class=\"panel-grid panel-has-style\" ><div class=\"panel-row-style panel-row-style-for-w5c6191a927186-0\" ><div id=\"pgc-w5c6191a927186-0-0\"  class=\"panel-grid-cell panel-grid-cell-empty\" ><\/div><div id=\"pgc-w5c6191a927186-0-1\"  class=\"panel-grid-cell panel-grid-cell-empty\" ><\/div><div id=\"pgc-w5c6191a927186-0-2\"  class=\"panel-grid-cell panel-grid-cell-empty\" ><\/div><div id=\"pgc-w5c6191a927186-0-3\"  class=\"panel-grid-cell panel-grid-cell-empty\" ><\/div><div id=\"pgc-w5c6191a927186-0-4\"  class=\"panel-grid-cell\" ><div id=\"panel-w5c6191a927186-0-4-0\" class=\"so-panel widget widget_sow-button panel-first-child panel-last-child\" data-index=\"0\" ><div\n\t\t\t\n\t\t\tclass=\"so-widget-sow-button so-widget-sow-button-flat-de31a69c3823\"\n\t\t\t\n\t\t><div class=\"ow-button-base ow-button-align-right\"\n>\n\t\t\t<a\n\t\t\t\t\thref=\"https:\/\/isbw.be\/professionnel\/services-generaux\/\"\n\t\t\t\t\tclass=\"sowb-button ow-icon-placement-left ow-button-hover\" title=\"vers l&#039;Accompagnement\" \t>\n\t\t<span>\n\t\t\t<span class=\"sow-icon-ionicons\" data-sow-icon=\"&#xf124;\"\n\t\tstyle=\"color: #ffffff\" \n\t\taria-hidden=\"true\"><\/span>\n\t\t\t\t\t<\/span>\n\t\t\t<\/a>\n\t<\/div>\n<\/div><\/div><\/div><\/div><\/div><\/div><\/div><\/div><\/div><\/div><\/div>","protected":false},"excerpt":{"rendered":"<p>Les Services g\u00e9n\u00e9raux La Direction g\u00e9n\u00e9rale Au quotidien Le Directeur g\u00e9n\u00e9ral est d\u00e9sign\u00e9 et d\u00e9pend directement du Conseil d\u2019administration. Il est tenu de se conformer aux instructions qui lui sont donn\u00e9es par le Conseil d\u2019administration et le Bureau ex\u00e9cutif. Sous l\u2019autorit\u00e9 du Conseil d\u2019administration et du Bureau ex\u00e9cutif, le Directeur g\u00e9n\u00e9ral est responsable de l\u2019organisation [&hellip;]<\/p>\n","protected":false},"author":1,"featured_media":0,"parent":437,"menu_order":0,"comment_status":"closed","ping_status":"closed","template":"","meta":{"footnotes":""},"class_list":["post-863","page","type-page","status-publish","czr-hentry"],"_links":{"self":[{"href":"https:\/\/isbw.be\/professionnel\/wp-json\/wp\/v2\/pages\/863","targetHints":{"allow":["GET"]}}],"collection":[{"href":"https:\/\/isbw.be\/professionnel\/wp-json\/wp\/v2\/pages"}],"about":[{"href":"https:\/\/isbw.be\/professionnel\/wp-json\/wp\/v2\/types\/page"}],"author":[{"embeddable":true,"href":"https:\/\/isbw.be\/professionnel\/wp-json\/wp\/v2\/users\/1"}],"replies":[{"embeddable":true,"href":"https:\/\/isbw.be\/professionnel\/wp-json\/wp\/v2\/comments?post=863"}],"version-history":[{"count":34,"href":"https:\/\/isbw.be\/professionnel\/wp-json\/wp\/v2\/pages\/863\/revisions"}],"predecessor-version":[{"id":2346,"href":"https:\/\/isbw.be\/professionnel\/wp-json\/wp\/v2\/pages\/863\/revisions\/2346"}],"up":[{"embeddable":true,"href":"https:\/\/isbw.be\/professionnel\/wp-json\/wp\/v2\/pages\/437"}],"wp:attachment":[{"href":"https:\/\/isbw.be\/professionnel\/wp-json\/wp\/v2\/media?parent=863"}],"curies":[{"name":"wp","href":"https:\/\/api.w.org\/{rel}","templated":true}]}}